{"id":1128,"date":"2018-07-23T13:47:20","date_gmt":"2018-07-23T13:47:20","guid":{"rendered":"https:\/\/proline-global.com\/?post_type=product&#038;p=1128"},"modified":"2020-04-27T19:17:02","modified_gmt":"2020-04-27T19:17:02","slug":"3lb-brass-sledge-hammer","status":"publish","type":"product","link":"https:\/\/proline-global.com\/es\/producto\/3lb-brass-sledge-hammer\/","title":{"rendered":"Mazo de lat\u00f3n de 3 libras"},"content":{"rendered":"<p>[et_pb_section bb_built=&#8221;1&#8243;][et_pb_row][et_pb_column type=&#8221;4_4&#8243;][et_pb_text _builder_version=&#8221;3.12.2&#8243;]<\/p>\n<p>IT&#8217;S HAMMER TIME!<\/p>\n<p><span style=\"font-family: Verdana; font-size: small;\">Most\u00a0brass hammer heads are cast and some are extruded.\u00a0The extruded heads are typically a bit harder since the process compacts and aligns the metal grain. Their dimensions are a bit more precise.<\/span>Brass and Copper hammers are Copper Alloys.<\/p>\n<p>Brass is considered to be non-sparking. However,\u00a0<em><strong>PROLINE<\/strong><\/em><b><i> does not guarantee any hammer to be\u00a0non-sparking<\/i><\/b>. Hammers can pick up materials during use, like iron or steel, which can be imbedded in the brass and cause sparks. Soft metal hammers like copper, aluminum and brass should be reground and dressed before each use.<\/p>\n<p><strong>Discard hammers when they are mis-shaped, loose or deformed!<\/strong><\/p>\n<p>&nbsp;<\/p>\n<p>&nbsp;<\/p>\n<p>[\/et_pb_text][\/et_pb_column][\/et_pb_row][\/et_pb_section]<\/p>\n","protected":false},"excerpt":{"rendered":"<p><span style=\"font-family: Verdana; font-size: small;\">MARTILLO SLEDGE SQR FACE BS 3LB 16IN Estos martillos de lat\u00f3n utilizan lat\u00f3n amarillo #865, y los mangos est\u00e1n hechos con nogal duradero con agarre de seguridad sin terminar o lijado. Las cabezas de lat\u00f3n se fijan a los mangos con cu\u00f1as de aluminio. No hay componentes de acero.\u00a0<\/span><\/p>","protected":false},"featured_media":1135,"template":"","meta":{"_et_pb_use_builder":"on","_et_pb_old_content":"","_et_gb_content_width":""},"product_brand":[],"product_cat":[66,120],"product_tag":[],"class_list":{"0":"post-1128","1":"product","2":"type-product","3":"status-publish","4":"has-post-thumbnail","6":"product_cat-hand-tools","7":"product_cat-hammers-shovels-knives-hooks","9":"first","10":"instock","11":"taxable","12":"shipping-taxable","13":"product-type-simple"},"_links":{"self":[{"href":"https:\/\/proline-global.com\/es\/wp-json\/wp\/v2\/product\/1128","targetHints":{"allow":["GET"]}}],"collection":[{"href":"https:\/\/proline-global.com\/es\/wp-json\/wp\/v2\/product"}],"about":[{"href":"https:\/\/proline-global.com\/es\/wp-json\/wp\/v2\/types\/product"}],"wp:featuredmedia":[{"embeddable":true,"href":"https:\/\/proline-global.com\/es\/wp-json\/wp\/v2\/media\/1135"}],"wp:attachment":[{"href":"https:\/\/proline-global.com\/es\/wp-json\/wp\/v2\/media?parent=1128"}],"wp:term":[{"taxonomy":"product_brand","embeddable":true,"href":"https:\/\/proline-global.com\/es\/wp-json\/wp\/v2\/product_brand?post=1128"},{"taxonomy":"product_cat","embeddable":true,"href":"https:\/\/proline-global.com\/es\/wp-json\/wp\/v2\/product_cat?post=1128"},{"taxonomy":"product_tag","embeddable":true,"href":"https:\/\/proline-global.com\/es\/wp-json\/wp\/v2\/product_tag?post=1128"}],"curies":[{"name":"wp","href":"https:\/\/api.w.org\/{rel}","templated":true}]}}