{"id":1178,"date":"2018-07-23T14:21:58","date_gmt":"2018-07-23T14:21:58","guid":{"rendered":"https:\/\/proline-global.com\/?post_type=product&#038;p=1178"},"modified":"2024-10-29T15:08:57","modified_gmt":"2024-10-29T15:08:57","slug":"portable-fabrication-station-2","status":"publish","type":"product","link":"https:\/\/proline-global.com\/es\/producto\/portable-fabrication-station-2\/","title":{"rendered":"Estaci\u00f3n de fabricaci\u00f3n port\u00e1til"},"content":{"rendered":"<p>[et_pb_section fb_built=&#8221;1&#8243; specialty=&#8221;on&#8221; _builder_version=&#8221;4.26.0&#8243; _module_preset=&#8221;default&#8221; width=&#8221;100%&#8221; inner_width=&#8221;100%&#8221; custom_margin=&#8221;||||false|true&#8221; custom_margin_tablet=&#8221;|0px||0px|false|true&#8221; custom_margin_phone=&#8221;|0px||0px|false|true&#8221; custom_margin_last_edited=&#8221;off|desktop&#8221; custom_padding=&#8221;0px||||false|false&#8221; global_colors_info=&#8221;{}&#8221; custom_margin__hover_enabled=&#8221;off|desktop&#8221;][et_pb_column type=&#8221;1_2&#8243; _builder_version=&#8221;4.16&#8243; custom_padding=&#8221;|||&#8221; global_colors_info=&#8221;{}&#8221; custom_padding__hover=&#8221;|||&#8221;][et_pb_wc_images _builder_version=&#8221;4.26.0&#8243; custom_margin=&#8221;||||true|false&#8221; custom_padding=&#8221;||||false|false&#8221; global_colors_info=&#8221;{}&#8221;][\/et_pb_wc_images][\/et_pb_column][et_pb_column type=&#8221;1_2&#8243; specialty_columns=&#8221;2&#8243; _builder_version=&#8221;4.16&#8243; custom_padding=&#8221;|||&#8221; global_colors_info=&#8221;{}&#8221; custom_padding__hover=&#8221;|||&#8221;][et_pb_row_inner _builder_version=&#8221;4.26.0&#8243; _module_preset=&#8221;default&#8221; global_colors_info=&#8221;{}&#8221;][et_pb_column_inner saved_specialty_column_type=&#8221;1_2&#8243; _builder_version=&#8221;4.26.0&#8243; _module_preset=&#8221;default&#8221; global_colors_info=&#8221;{}&#8221;][et_pb_wc_title _builder_version=&#8221;4.26.0&#8243; _module_preset=&#8221;default&#8221; global_colors_info=&#8221;{}&#8221;][\/et_pb_wc_title][et_pb_tabs _builder_version=&#8221;4.26.0&#8243; _module_preset=&#8221;default&#8221; tab_font_size=&#8221;15px&#8221; hover_enabled=&#8221;0&#8243; global_colors_info=&#8221;{}&#8221; sticky_enabled=&#8221;0&#8243;][et_pb_tab title=&#8221;Product Overview&#8221; _builder_version=&#8221;4.26.0&#8243; _module_preset=&#8221;default&#8221; global_colors_info=&#8221;{}&#8221;]<\/p>\n<div class=\"flex max-w-full flex-col flex-grow\">\n<div data-message-author-role=\"assistant\" data-message-id=\"1c7f1832-6204-4fbd-84da-4684329b6088\" dir=\"auto\" class=\"min-h-8 text-message flex w-full flex-col items-end gap-2 whitespace-normal break-words [.text-message+&amp;]:mt-5\" data-message-model-slug=\"gpt-4o\">\n<div class=\"flex w-full flex-col gap-1 empty:hidden first:pt-[3px]\">\n<div class=\"markdown prose w-full break-words dark:prose-invert light\">\n<p>The Portable Fabrication Station (PFS &amp; PFS-ADJ) is a versatile and robust solution for on-site fabrication needs, designed to streamline welding, pipe fitting, and spool handling. The 18&#8243; table, crafted for portability, features a 5-position tilt adjustment, giving you control over your workspace angle. The ADJ model includes a fine-tune adjustment for even greater precision.<\/p>\n<p>Equipped with a dual-bearing spindle, this station ensures a positive ground, eliminating arcing, and makes rolling heavy spools smooth and efficient. The brake mechanism securely holds your chosen tilt position. For heavier or extended spools, the PFS can be clamped to a vise or installed using the STM Spinner Table Mount, which can be bolted to a deck or table. Ideal for field use, this station can also accommodate up to a 10&#8243; flange, providing stability with the Javelin LPS pipe stand or STM mount.<\/p>\n<p>Turn any job site into a professional-grade workspace with the PFS Portable Fabrication Station\u2014a must-have for welders and fabricators on the go.<\/p>\n<\/div>\n<\/div>\n<\/div>\n<\/div>\n<p>[\/et_pb_tab][et_pb_tab title=&#8221;Features&#8221; _builder_version=&#8221;4.26.0&#8243; _module_preset=&#8221;default&#8221; global_colors_info=&#8221;{}&#8221;]<\/p>\n<ul>\n<li>More than just a spinner.<\/li>\n<li>Makes a great portable fabrication table out on the jobsite.<\/li>\n<li>18 inch table.<\/li>\n<li>5 position tilt adjustment.<\/li>\n<li>ADJ model adds fine-tune adjustment feature.<\/li>\n<li>Brake to hold positions.<\/li>\n<li>Dual bearing spindle to ensure positive.<br \/>ground (no arcing).<\/li>\n<li>Dual bearing spindle also allows you to roll heavy<br \/>spools easily.<\/li>\n<li>Use with STM (Spinner Table Mount).<br \/>to install under your table or deck to roll longer<br \/>or heavier spools.<\/li>\n<li>Most stable when used with Javelin LPS pipe stand or STM (Spinner Table Mount).<\/li>\n<li>Up to a 10 inch flange can be bolted to the plate.<\/li>\n<\/ul>\n<p>[\/et_pb_tab][et_pb_tab title=&#8221;Specifications&#8221; _builder_version=&#8221;4.26.0&#8243; _module_preset=&#8221;default&#8221; hover_enabled=&#8221;0&#8243; global_colors_info=&#8221;{}&#8221; sticky_enabled=&#8221;0&#8243;]<\/p>\n<table width=\"510\" height=\"240\">\n<tbody>\n<tr>\n<td style=\"width: 128.859px;\"><\/td>\n<td colspan=\"3\" style=\"width: 164.094px;\">IMPERIAL<\/td>\n<td colspan=\"3\" style=\"width: 195.047px;\">METRIC<\/td>\n<\/tr>\n<tr>\n<td style=\"width: 128.859px;\">Working Load<\/td>\n<td colspan=\"3\" style=\"width: 164.094px;\">350.00 LB<\/td>\n<td colspan=\"3\" style=\"width: 195.047px;\">159.0 KG<\/td>\n<\/tr>\n<tr>\n<td style=\"width: 128.859px;\">Weight<\/td>\n<td colspan=\"3\" style=\"width: 164.094px;\">32.01 LB<\/td>\n<td colspan=\"3\" style=\"width: 195.047px;\">14.5 KG<\/td>\n<\/tr>\n<tr>\n<td style=\"width: 128.859px;\">Shipping weight<\/td>\n<td colspan=\"3\" style=\"width: 164.094px;\">37.53 LB<\/td>\n<td colspan=\"3\" style=\"width: 195.047px;\">17 KG<\/td>\n<\/tr>\n<tr>\n<td rowspan=\"3\" style=\"width: 128.859px;\">Shipping Size<\/td>\n<td colspan=\"3\" style=\"width: 164.094px;\">2.89 CBF<\/td>\n<td colspan=\"3\" style=\"width: 195.047px;\">0.08 CBM<\/td>\n<\/tr>\n<tr>\n<td style=\"width: 55.3906px;\">L<\/td>\n<td style=\"width: 50.5312px;\">W<\/td>\n<td style=\"width: 46.1719px;\">H<\/td>\n<td style=\"width: 60.9219px;\">\u00a0\u00a0\u00a0L<\/td>\n<td style=\"width: 61.1719px;\">\u00a0\u00a0\u00a0\u00a0W<\/td>\n<td style=\"width: 60.9531px;\">\u00a0\u00a0 H<\/td>\n<\/tr>\n<tr>\n<td style=\"width: 55.3906px;\">32.68&#8243;<\/td>\n<td style=\"width: 50.5312px;\">18.50&#8243;<\/td>\n<td style=\"width: 46.1719px;\">8.27&#8243;<\/td>\n<td style=\"width: 60.9219px;\">830 mm<\/td>\n<td style=\"width: 61.1719px;\">470 mm<\/td>\n<td style=\"width: 60.9531px;\">210 mm<\/td>\n<\/tr>\n<\/tbody>\n<\/table>\n<p>[\/et_pb_tab][\/et_pb_tabs][\/et_pb_column_inner][\/et_pb_row_inner][\/et_pb_column][\/et_pb_section][et_pb_section fb_built=&#8221;1&#8243; _builder_version=&#8221;4.26.0&#8243; _module_preset=&#8221;default&#8221; max_height=&#8221;350px&#8221; custom_padding=&#8221;0px||0px||true|false&#8221; global_colors_info=&#8221;{}&#8221;][et_pb_row _builder_version=&#8221;4.26.0&#8243; _module_preset=&#8221;default&#8221; height=&#8221;350px&#8221; max_height=&#8221;350px&#8221; global_colors_info=&#8221;{}&#8221;][et_pb_column type=&#8221;4_4&#8243; _builder_version=&#8221;4.26.0&#8243; _module_preset=&#8221;default&#8221; global_colors_info=&#8221;{}&#8221;][et_pb_wc_related_products orderby=&#8221;menu_order&#8221; _builder_version=&#8221;4.26.0&#8243; _module_preset=&#8221;default&#8221; global_colors_info=&#8221;{}&#8221;][\/et_pb_wc_related_products][\/et_pb_column][\/et_pb_row][\/et_pb_section]<\/p>\n","protected":false},"excerpt":{"rendered":"<p>PFS &amp; PFS-ADJ &#8211; Portable Fabrication Station 18&#8243; table Five position tilt adjustment ADJ model adds fine-tune adjustment feature Brake to hold positions Dual bearing spindle to insure positive ground (no arcing) Dual bearing spindle also allows you to roll heavy spools easily Can be clamped in your vise to roll longer or heavier spools Can be inserted into STM &#8211; Spinner Table Mount (bolted on deck or table)<\/p>","protected":false},"featured_media":1190,"template":"","meta":{"_et_pb_use_builder":"on","_et_pb_old_content":"","_et_gb_content_width":""},"product_brand":[],"product_cat":[66,124],"product_tag":[],"class_list":{"0":"post-1178","1":"product","2":"type-product","3":"status-publish","4":"has-post-thumbnail","6":"product_cat-hand-tools","7":"product_cat-flange-alignment","9":"first","10":"instock","11":"taxable","12":"shipping-taxable","13":"product-type-simple"},"_links":{"self":[{"href":"https:\/\/proline-global.com\/es\/wp-json\/wp\/v2\/product\/1178","targetHints":{"allow":["GET"]}}],"collection":[{"href":"https:\/\/proline-global.com\/es\/wp-json\/wp\/v2\/product"}],"about":[{"href":"https:\/\/proline-global.com\/es\/wp-json\/wp\/v2\/types\/product"}],"wp:featuredmedia":[{"embeddable":true,"href":"https:\/\/proline-global.com\/es\/wp-json\/wp\/v2\/media\/1190"}],"wp:attachment":[{"href":"https:\/\/proline-global.com\/es\/wp-json\/wp\/v2\/media?parent=1178"}],"wp:term":[{"taxonomy":"product_brand","embeddable":true,"href":"https:\/\/proline-global.com\/es\/wp-json\/wp\/v2\/product_brand?post=1178"},{"taxonomy":"product_cat","embeddable":true,"href":"https:\/\/proline-global.com\/es\/wp-json\/wp\/v2\/product_cat?post=1178"},{"taxonomy":"product_tag","embeddable":true,"href":"https:\/\/proline-global.com\/es\/wp-json\/wp\/v2\/product_tag?post=1178"}],"curies":[{"name":"wp","href":"https:\/\/api.w.org\/{rel}","templated":true}]}}