{"id":1245,"date":"2018-07-24T03:12:20","date_gmt":"2018-07-24T03:12:20","guid":{"rendered":"https:\/\/proline-global.com\/?post_type=product&#038;p=1245"},"modified":"2020-04-27T18:41:35","modified_gmt":"2020-04-27T18:41:35","slug":"testex-tape","status":"publish","type":"product","link":"https:\/\/proline-global.com\/es\/producto\/testex-tape\/","title":{"rendered":"Cinta Testex"},"content":{"rendered":"<table cellspacing=\"0\" cellpadding=\"5\">\n<tbody>\n<tr>\n<td><strong>Grado (descriptivo)<\/strong><\/td>\n<td><strong>Alcance con galga (mils) \/ (um)<\/strong><\/td>\n<\/tr>\n<tr>\n<td>Fino \/ Medio<\/td>\n<td>no aplicable<\/td>\n<\/tr>\n<tr>\n<td>Grueso Menos<\/td>\n<td>0,5 a 1,0 \/ 12 a 25<\/td>\n<\/tr>\n<tr>\n<td>Grueso<\/td>\n<td>0,8 a 2,5 \/ 20 a 64<\/td>\n<\/tr>\n<tr>\n<td>X-Coarse<\/td>\n<td>1,5 a 4,5 \/ 38 a 115<\/td>\n<\/tr>\n<tr>\n<td>X-Coarse Plus<\/td>\n<td>4,6 a 5,0 \/ 116 a 127<\/td>\n<\/tr>\n<\/tbody>\n<\/table>\n<p>&nbsp;<\/p>\n<p>La cinta de r\u00e9plica de Testex puede utilizarse con un calibre para medir la rugosidad superficial (\"perfil\") del acero limpiado por chorro en el intervalo de rugosidad de 0,8 a 4,5 mils (o de 20 a 115 micr\u00f3metros). Dado que los inspectores, por regla general, tienen un perfil objetivo en mente, siempre es mejor comenzar las mediciones con el tipo de cinta que tenga el perfil objetivo m\u00e1s cercano al centro de su rango.<\/p>\n<p>La cinta de grado m\u00e1s bajo (m\u00e1s fina) de Testex, Coarse Minus, s\u00f3lo debe utilizarse para comprobar las mediciones en el extremo inferior del grado inmediatamente superior, Coarse, mientras que nuestra cinta de grado m\u00e1s alto, X-Coarse Plus, s\u00f3lo debe utilizarse para comprobar las mediciones en el extremo superior de la gama de grados X-Coarse.<\/p>\n<p>Comprima firmemente la cinta con la superficie m\u00e1s lisa en la herramienta de frotamiento suministrada, aplicando suficiente presi\u00f3n para producir una r\u00e9plica con un aspecto de grano de guijarro uniforme. Debe notarse la rugosidad al bru\u00f1ir.<\/p>\n<p>El material de grado fino\/medio se utiliza habitualmente en aplicaciones en las que la r\u00e9plica se analiza mediante t\u00e9cnicas de laboratorio de precisi\u00f3n. Este grado no es adecuado para su uso con un \"medidor de espesor de dial\". La cinta de grado fino (raramente utilizada) tiene un fino recubrimiento de Oro para facilitar la microscop\u00eda electr\u00f3nica. La cinta de grado medio (\"metalizada\") tiene un fino revestimiento de Indio para facilitar la medici\u00f3n interferom\u00e9trica \u00f3ptica. Los grados fino y medio tienen el mismo grosor de espuma. S\u00f3lo difieren los revestimientos met\u00e1licos depositados por vapor.<\/p>\n<p>Todos los grados se recubren sobre un sustrato de poli\u00e9ster resistente de 2,0 mils (50 um) de espesor.<\/p>\n<p>Dado que las definiciones impl\u00edcitas de \"rugosidad\" var\u00edan seg\u00fan los m\u00e9todos, los perfiles num\u00e9ricos determinados mediante t\u00e9cnicas diferentes (cinta de r\u00e9plica, interfer\u00f3metro, microscopio confocal, palpador anal\u00f3gico, palpador digital) pueden arrojar valores diferentes. Especifique siempre la t\u00e9cnica utilizada.<\/p>\n<p>En julio de 2010, Testex introdujo una nueva versi\u00f3n de \"alta temperatura\" de sus grados Coarse y X-Coarse de la cinta de r\u00e9plica Press-O-Film. Press-O-Film HT est\u00e1 formulada para ofrecer un mejor rendimiento a las elevadas temperaturas que se dan en los entornos m\u00e1s exigentes. Aunque era estable a 60 \u00b0C (140 \u00b0F), la formulaci\u00f3n anterior de Press-O-Film se ablandaba gradualmente a temperaturas m\u00e1s altas. La nueva Press-O-Film HT a\u00f1ade un margen de seguridad de 6 \u00b0C (12 \u00b0F).<\/p>\n<p>Las dem\u00e1s propiedades f\u00edsicas siguen siendo casi id\u00e9nticas, salvo por una cierta p\u00e9rdida de concordancia en los puntos en los que se solapan las distintas calidades. El efecto es m\u00e1s notable entre los grados Coarse y X-Coarse. Las nuevas instrucciones recomendar\u00e1n que, cuando estas dos calidades den perfiles diferentes y ambos perfiles se encuentren en el intervalo de 1,5 a 2,5 mils (38 a 64 \u00b5m), se promedien esos valores diferentes.<\/p>\n<p>La nueva versi\u00f3n sustituir\u00e1 al producto existente.<\/p>","protected":false},"excerpt":{"rendered":"<p>La cinta de r\u00e9plica Testex Press-O-Film est\u00e1 disponible en varios grosores para facilitar la medici\u00f3n de perfiles en diferentes rangos. El rango principal para la medici\u00f3n con cinta de r\u00e9plica es de 0,8 a 4,5 mils (20 a 115 um). El uso de cinta de grado Coarse Minus (&lt;0,8 mil o 4,5 mil o &gt;115 um) debe limitarse principalmente a la comprobaci\u00f3n de mediciones en los extremos inferior y superior del rango primario.<\/p>","protected":false},"featured_media":1252,"template":"","meta":{"_et_pb_use_builder":"","_et_pb_old_content":"","_et_gb_content_width":""},"product_brand":[],"product_cat":[67,127],"product_tag":[],"class_list":{"0":"post-1245","1":"product","2":"type-product","3":"status-publish","4":"has-post-thumbnail","6":"product_cat-instruments-gauges","7":"product_cat-coating-applications","9":"first","10":"instock","11":"taxable","12":"shipping-taxable","13":"product-type-simple"},"_links":{"self":[{"href":"https:\/\/proline-global.com\/es\/wp-json\/wp\/v2\/product\/1245","targetHints":{"allow":["GET"]}}],"collection":[{"href":"https:\/\/proline-global.com\/es\/wp-json\/wp\/v2\/product"}],"about":[{"href":"https:\/\/proline-global.com\/es\/wp-json\/wp\/v2\/types\/product"}],"wp:featuredmedia":[{"embeddable":true,"href":"https:\/\/proline-global.com\/es\/wp-json\/wp\/v2\/media\/1252"}],"wp:attachment":[{"href":"https:\/\/proline-global.com\/es\/wp-json\/wp\/v2\/media?parent=1245"}],"wp:term":[{"taxonomy":"product_brand","embeddable":true,"href":"https:\/\/proline-global.com\/es\/wp-json\/wp\/v2\/product_brand?post=1245"},{"taxonomy":"product_cat","embeddable":true,"href":"https:\/\/proline-global.com\/es\/wp-json\/wp\/v2\/product_cat?post=1245"},{"taxonomy":"product_tag","embeddable":true,"href":"https:\/\/proline-global.com\/es\/wp-json\/wp\/v2\/product_tag?post=1245"}],"curies":[{"name":"wp","href":"https:\/\/api.w.org\/{rel}","templated":true}]}}