{"id":1246,"date":"2018-07-24T03:11:08","date_gmt":"2018-07-24T03:11:08","guid":{"rendered":"https:\/\/proline-global.com\/?post_type=product&#038;p=1246"},"modified":"2020-04-27T18:42:01","modified_gmt":"2020-04-27T18:42:01","slug":"testex-spring-micrometer","status":"publish","type":"product","link":"https:\/\/proline-global.com\/es\/producto\/testex-spring-micrometer\/","title":{"rendered":"Micr\u00f3metro de muelles Testex"},"content":{"rendered":"<p>M\u00e9todo r\u00e1pido y sencillo para determinar el perfil superficial de superficies granalladas. La cinta r\u00e9plica 0-Film se presiona sobre la superficie granallada formando una r\u00e9plica inversa exacta del perfil. A continuaci\u00f3n, la cinta r\u00e9plica se mide con un micr\u00f3metro de resorte especialmente modificado para determinar la altura m\u00e1xima de pico a valle.<\/p>\n<p>&nbsp;<\/p>\n<p><strong>Stock # 20138<\/strong><br \/>\n(calibre microm\u00e9trico Testex, est\u00e1ndar)<\/p>\n<p>&nbsp;<\/p>\n<p><strong>Stock # 20138D<\/strong><br \/>\n(Medidor microm\u00e9trico Testex, digital)<\/p>","protected":false},"excerpt":{"rendered":"<p style=\"text-align: left;\">El micr\u00f3metro Testex es un medidor de espesor de esfera de precisi\u00f3n, accionado por resorte, dise\u00f1ado espec\u00edficamente para medir el espesor de la cinta r\u00e9plica Testex. La cinta de r\u00e9plica se utiliza junto con un micr\u00f3metro de resorte anal\u00f3gico o digital para adquirir mediciones de perfil de superficie seg\u00fan el M\u00e9todo C de ASTM D4417. Rango de 0,0001\u2033 a 0,050\u2033; resoluci\u00f3n de 0,1 mil.  La cinta de r\u00e9plica se frota sobre la superficie limpiada con chorro abrasivo formando una r\u00e9plica inversa del patr\u00f3n pico-valle en el acero. La r\u00e9plica se cuantifica utilizando un micr\u00f3metro accionado por resorte para determinar la profundidad m\u00e1xima de pico a valle. Cada rollo de cinta contiene 50 piezas. El micr\u00f3metro Testex se suministra en unidades imperiales. Hay disponible una versi\u00f3n m\u00e9trica por encargo especial.<\/p>","protected":false},"featured_media":1251,"template":"","meta":{"_et_pb_use_builder":"","_et_pb_old_content":"","_et_gb_content_width":""},"product_brand":[],"product_cat":[67,127],"product_tag":[],"class_list":{"0":"post-1246","1":"product","2":"type-product","3":"status-publish","4":"has-post-thumbnail","6":"product_cat-instruments-gauges","7":"product_cat-coating-applications","9":"first","10":"instock","11":"taxable","12":"shipping-taxable","13":"product-type-simple"},"_links":{"self":[{"href":"https:\/\/proline-global.com\/es\/wp-json\/wp\/v2\/product\/1246","targetHints":{"allow":["GET"]}}],"collection":[{"href":"https:\/\/proline-global.com\/es\/wp-json\/wp\/v2\/product"}],"about":[{"href":"https:\/\/proline-global.com\/es\/wp-json\/wp\/v2\/types\/product"}],"wp:featuredmedia":[{"embeddable":true,"href":"https:\/\/proline-global.com\/es\/wp-json\/wp\/v2\/media\/1251"}],"wp:attachment":[{"href":"https:\/\/proline-global.com\/es\/wp-json\/wp\/v2\/media?parent=1246"}],"wp:term":[{"taxonomy":"product_brand","embeddable":true,"href":"https:\/\/proline-global.com\/es\/wp-json\/wp\/v2\/product_brand?post=1246"},{"taxonomy":"product_cat","embeddable":true,"href":"https:\/\/proline-global.com\/es\/wp-json\/wp\/v2\/product_cat?post=1246"},{"taxonomy":"product_tag","embeddable":true,"href":"https:\/\/proline-global.com\/es\/wp-json\/wp\/v2\/product_tag?post=1246"}],"curies":[{"name":"wp","href":"https:\/\/api.w.org\/{rel}","templated":true}]}}