{"id":1278,"date":"2018-07-24T03:41:35","date_gmt":"2018-07-24T03:41:35","guid":{"rendered":"https:\/\/proline-global.com\/?post_type=product&#038;p=1278"},"modified":"2020-04-27T18:33:25","modified_gmt":"2020-04-27T18:33:25","slug":"hi-lo-gauge","status":"publish","type":"product","link":"https:\/\/proline-global.com\/es\/producto\/hi-lo-gauge\/","title":{"rendered":"Man\u00f3metro Hi-Lo"},"content":{"rendered":"<ul>\n<li>El medidor de soldadura HI-LO mide la alineaci\u00f3n interna<\/li>\n<li>Mide la alineaci\u00f3n interna de la tuber\u00eda despu\u00e9s del montaje\/alineaci\u00f3n, corta los rechazos radiogr\u00e1ficos<\/li>\n<li>Mide la desalineaci\u00f3n interna de la tuber\u00eda antes y despu\u00e9s del seguimiento<\/li>\n<li>Las medidas se leen en sistema est\u00e1ndar en un lado y en sistema m\u00e9trico en el lado opuesto<\/li>\n<li>Construcci\u00f3n de acero inoxidable<\/li>\n<li>Cumple los c\u00f3digos de instalaci\u00f3n, ASME, ANSI, API y Militar<\/li>\n<\/ul>","protected":false},"excerpt":{"rendered":"<p>HI-LO Welding Gauge measures internal alignment Measures internal alignment of pipe after fit-up\/alignment, cuts radiographic rejects Measures internal misalignment of pipe before and after tracking Measurements read in standard on one side and metric on the opposite side Stainless steel construction Satisfy fit-up codes, ASME, ANSI, API &amp; Military<\/p>","protected":false},"featured_media":1279,"template":"","meta":{"_et_pb_use_builder":"","_et_pb_old_content":"","_et_gb_content_width":""},"product_brand":[],"product_cat":[67,129],"product_tag":[],"class_list":{"0":"post-1278","1":"product","2":"type-product","3":"status-publish","4":"has-post-thumbnail","6":"product_cat-instruments-gauges","7":"product_cat-welding-applications","9":"first","10":"instock","11":"taxable","12":"shipping-taxable","13":"product-type-simple"},"_links":{"self":[{"href":"https:\/\/proline-global.com\/es\/wp-json\/wp\/v2\/product\/1278","targetHints":{"allow":["GET"]}}],"collection":[{"href":"https:\/\/proline-global.com\/es\/wp-json\/wp\/v2\/product"}],"about":[{"href":"https:\/\/proline-global.com\/es\/wp-json\/wp\/v2\/types\/product"}],"wp:featuredmedia":[{"embeddable":true,"href":"https:\/\/proline-global.com\/es\/wp-json\/wp\/v2\/media\/1279"}],"wp:attachment":[{"href":"https:\/\/proline-global.com\/es\/wp-json\/wp\/v2\/media?parent=1278"}],"wp:term":[{"taxonomy":"product_brand","embeddable":true,"href":"https:\/\/proline-global.com\/es\/wp-json\/wp\/v2\/product_brand?post=1278"},{"taxonomy":"product_cat","embeddable":true,"href":"https:\/\/proline-global.com\/es\/wp-json\/wp\/v2\/product_cat?post=1278"},{"taxonomy":"product_tag","embeddable":true,"href":"https:\/\/proline-global.com\/es\/wp-json\/wp\/v2\/product_tag?post=1278"}],"curies":[{"name":"wp","href":"https:\/\/api.w.org\/{rel}","templated":true}]}}