{"id":1585,"date":"2018-07-26T07:41:58","date_gmt":"2018-07-26T07:41:58","guid":{"rendered":"https:\/\/proline-global.com\/?post_type=product&#038;p=1585"},"modified":"2020-01-28T21:54:54","modified_gmt":"2020-01-28T21:54:54","slug":"matjack-air-lifting-bag-specs-137s","status":"publish","type":"product","link":"https:\/\/proline-global.com\/es\/producto\/matjack-air-lifting-bag-specs-137s\/","title":{"rendered":"Bolsa de elevaci\u00f3n MatJack Air Especificaciones: 137S"},"content":{"rendered":"<p>[et_pb_section bb_built=&#8221;1&#8243;][et_pb_row][et_pb_column type=&#8221;4_4&#8243;][et_pb_text _builder_version=&#8221;3.12.2&#8243;]<\/p>\n<p><strong>Woven Steel: <\/strong>The woven steel air bag has three full layers of woven steel per side. The woven steel air bags are designed to be used in rugged, demanding, high duty cycle applications such as building lifting and vehicle recovery.<\/p>\n<p>All Matjack high pressure air lifting bags are marked with a distinct &#8220;bulls eye&#8221; for ease of centering under the load, and have a conical, interlocking surface to limit slippage and aid in stacking. All Matjacks have either carry handles or tabs\/eyelets molded right on for lifting or attaching to fixtures.<\/p>\n<p>Available in a variety of sizes and ranging in lifting capacity from 1.5 tons to 86 tons, the Matjack air lifting bag system is efficient, economical, safe and reliable. Matjack high pressure air lifting bags are made in the USA, are ISO and CE Certified and best of all come with a 5 year unconditional warranty!<\/p>\n<p><strong>MAKING THEM SIMPLY THE BEST<\/strong><\/p>\n<p>[\/et_pb_text][et_pb_text]<\/p>\n<ul>\n<li><strong>Part #:<\/strong>\u00a0137S<\/li>\n<li><strong>Model:<\/strong>\u00a037 ton<\/li>\n<li><strong>Material Type:<\/strong>\u00a0STEEL<\/li>\n<li><strong>Dimensions ( in \/ cm \u00a0):<\/strong>\u00a042 x 16 x 1 in. | 106.68 x 40.64 x 2.54 cm<\/li>\n<li><strong>Capcity (US tons \/ metric tons):\u00a0<\/strong>37 | 34<\/li>\n<li><strong>Lifting Height ( in \/ cm):<\/strong>\u00a09in | 22cm<\/li>\n<li><strong>Weight (lbs \/ kg):<\/strong>\u00a043lbs | 19.5kg<\/li>\n<li><strong>MAX working pressure:<\/strong>\u00a0120psi | 8 bar<\/li>\n<li><strong>Shape:<\/strong>\u00a0Rectangle<\/li>\n<li><strong>Handles: Tabs with Eyelets<\/strong>\u00a0: 7 Tabs, \u00a02 Handles<\/li>\n<li><strong>Volume \u2013 Air ( cu. ft \/ ltr ):<\/strong>\u00a0 13.6 cu. ft | 375.8 ltr<\/li>\n<\/ul>\n<p>[\/et_pb_text][\/et_pb_column][\/et_pb_row][\/et_pb_section]<\/p>\n","protected":false},"excerpt":{"rendered":"<p>Los cojines elevadores de aire de alta presi\u00f3n Matjack requieren s\u00f3lo 1\u2033 de espacio libre y pueden levantar varias toneladas con s\u00f3lo pulsar un bot\u00f3n. Los airbags de elevaci\u00f3n de alta presi\u00f3n Matjack se utilizan principalmente en situaciones de baja inserci\u00f3n en las que es necesario elevar grandes pesos, como la elevaci\u00f3n de edificios, el rescate, los cambios de carga, la recuperaci\u00f3n de cargas pesadas y el movimiento de maquinaria, por nombrar algunas.<\/p>","protected":false},"featured_media":4131,"template":"","meta":{"_et_pb_use_builder":"on","_et_pb_old_content":"<ul><li><strong>Part #:<\/strong>\u00a0137S<\/li><li><strong>Model:<\/strong>\u00a037 ton<\/li><li><strong>Material Type:<\/strong>\u00a0STEEL<\/li><li><strong>Dimensions ( in \/ cm \u00a0):<\/strong>\u00a042 x 16 x 1 in. | 106.68 x 40.64 x 2.54 cm<\/li><li><strong>Capcity (US tons \/ metric tons):\u00a0<\/strong>37 | 34<\/li><li><strong>Lifting Height ( in \/ cm):<\/strong>\u00a09in | 22cm<\/li><li><strong>Weight (lbs \/ kg):<\/strong>\u00a043lbs | 19.5kg<\/li><li><strong>MAX working pressure:<\/strong>\u00a0120psi | 8 bar<\/li><li><strong>Shape:<\/strong>\u00a0Rectangle<\/li><li><strong>Handles: Tabs with Eyelets<\/strong>\u00a0: 7 Tabs, \u00a02 Handles<\/li><li><strong>Volume \u2013 Air ( cu. ft \/ ltr ):<\/strong>\u00a0 13.6 cu. ft | 375.8 ltr<\/li><\/ul>","_et_gb_content_width":""},"product_brand":[],"product_cat":[148],"product_tag":[],"class_list":{"0":"post-1585","1":"product","2":"type-product","3":"status-publish","4":"has-post-thumbnail","6":"product_cat-matjack-air-lifting-bags","8":"first","9":"instock","10":"taxable","11":"shipping-taxable","12":"product-type-simple"},"_links":{"self":[{"href":"https:\/\/proline-global.com\/es\/wp-json\/wp\/v2\/product\/1585","targetHints":{"allow":["GET"]}}],"collection":[{"href":"https:\/\/proline-global.com\/es\/wp-json\/wp\/v2\/product"}],"about":[{"href":"https:\/\/proline-global.com\/es\/wp-json\/wp\/v2\/types\/product"}],"wp:featuredmedia":[{"embeddable":true,"href":"https:\/\/proline-global.com\/es\/wp-json\/wp\/v2\/media\/4131"}],"wp:attachment":[{"href":"https:\/\/proline-global.com\/es\/wp-json\/wp\/v2\/media?parent=1585"}],"wp:term":[{"taxonomy":"product_brand","embeddable":true,"href":"https:\/\/proline-global.com\/es\/wp-json\/wp\/v2\/product_brand?post=1585"},{"taxonomy":"product_cat","embeddable":true,"href":"https:\/\/proline-global.com\/es\/wp-json\/wp\/v2\/product_cat?post=1585"},{"taxonomy":"product_tag","embeddable":true,"href":"https:\/\/proline-global.com\/es\/wp-json\/wp\/v2\/product_tag?post=1585"}],"curies":[{"name":"wp","href":"https:\/\/api.w.org\/{rel}","templated":true}]}}