{"id":1755,"date":"2018-07-30T05:22:02","date_gmt":"2018-07-30T05:22:02","guid":{"rendered":"https:\/\/proline-global.com\/?post_type=product&#038;p=1755"},"modified":"2019-05-31T19:34:08","modified_gmt":"2019-05-31T19:34:08","slug":"pr112-12-pipe-roller","status":"publish","type":"product","link":"https:\/\/proline-global.com\/es\/producto\/pr112-12-pipe-roller\/","title":{"rendered":"PR112 - Rodillo para tubos de 12 pulgadas"},"content":{"rendered":"<p>[et_pb_section bb_built=&#8221;1&#8243;][et_pb_row][et_pb_column type=&#8221;4_4&#8243;][et_pb_text]<\/p>\n<p>JAVELIN PIPE ROLLERS: \u00a0Extra care is taken to make sure the wheels of our pipe rollers are perfectly aligned. They are built with extra solid frames, quality bearings, wide wheels and long wheel bases for true tracking. A well designed pipe roller makes it much easier for welders to get a smooth bead and to do it safely.<\/p>\n<div><strong>Note: Pipe crawl can become dangerous if unobserved, potentially allowing a pipe to flip off a roller.<\/strong><\/div>\n<ul>\n<li>Best for 1\u201d-12\u201d pipe<\/li>\n<li>Four 3\u201d steel or polyurethane wheels<\/li>\n<li>Very stable pipe roller<\/li>\n<li>Adjustable height<\/li>\n<li>Designed for Javelin pipe stands<\/li>\n<li>Working Load 2500 lbs<\/li>\n<\/ul>\n<p>[\/et_pb_text][\/et_pb_column][\/et_pb_row][\/et_pb_section]<\/p>\n","protected":false},"excerpt":{"rendered":"<p>RODILLOS PARA TUBOS JAVELIN: Se presta especial atenci\u00f3n para garantizar que las ruedas de nuestros rodillos para tubos est\u00e9n perfectamente alineadas. Est\u00e1n construidos con marcos extra s\u00f3lidos, rodamientos de calidad, ruedas anchas y largas bases de ruedas para un seguimiento verdadero. Un rodillo para tubos bien dise\u00f1ado hace que sea mucho m\u00e1s f\u00e1cil para los soldadores conseguir un cord\u00f3n liso y hacerlo de forma segura.<\/p>","protected":false},"featured_media":1764,"template":"","meta":{"_et_pb_use_builder":"on","_et_pb_old_content":"<p>JAVELIN PIPE ROLLERS: \u00a0Extra care is taken to make sure the wheels of our pipe rollers are perfectly aligned. They are built with extra solid frames, quality bearings, wide wheels and long wheel bases for true tracking. A well designed pipe roller makes it much easier for welders to get a smooth bead and to do it safely.<br \/><br \/><\/p><div><strong>Note: Pipe crawl can become dangerous if unobserved, potentially allowing a pipe to flip off a roller.<\/strong><\/div><ul><li>Best for 1\u201d-12\u201d pipe<\/li><li>Four 3\u201d steel or polyurethane wheels<\/li><li>Very stable pipe roller<\/li><li>Adjustable height<\/li><li>Designed for Javelin pipe stands<\/li><li>Working Load 2500 lbs<\/li><\/ul>","_et_gb_content_width":""},"product_brand":[],"product_cat":[158],"product_tag":[],"class_list":{"0":"post-1755","1":"product","2":"type-product","3":"status-publish","4":"has-post-thumbnail","6":"product_cat-javelin-red-collapsible-lps-large-pipe-stand","8":"first","9":"instock","10":"taxable","11":"shipping-taxable","12":"product-type-simple"},"_links":{"self":[{"href":"https:\/\/proline-global.com\/es\/wp-json\/wp\/v2\/product\/1755","targetHints":{"allow":["GET"]}}],"collection":[{"href":"https:\/\/proline-global.com\/es\/wp-json\/wp\/v2\/product"}],"about":[{"href":"https:\/\/proline-global.com\/es\/wp-json\/wp\/v2\/types\/product"}],"wp:featuredmedia":[{"embeddable":true,"href":"https:\/\/proline-global.com\/es\/wp-json\/wp\/v2\/media\/1764"}],"wp:attachment":[{"href":"https:\/\/proline-global.com\/es\/wp-json\/wp\/v2\/media?parent=1755"}],"wp:term":[{"taxonomy":"product_brand","embeddable":true,"href":"https:\/\/proline-global.com\/es\/wp-json\/wp\/v2\/product_brand?post=1755"},{"taxonomy":"product_cat","embeddable":true,"href":"https:\/\/proline-global.com\/es\/wp-json\/wp\/v2\/product_cat?post=1755"},{"taxonomy":"product_tag","embeddable":true,"href":"https:\/\/proline-global.com\/es\/wp-json\/wp\/v2\/product_tag?post=1755"}],"curies":[{"name":"wp","href":"https:\/\/api.w.org\/{rel}","templated":true}]}}