{"id":2410,"date":"2018-09-21T17:53:42","date_gmt":"2018-09-21T17:53:42","guid":{"rendered":"https:\/\/proline-global.com\/?post_type=product&#038;p=2410"},"modified":"2024-08-06T22:54:45","modified_gmt":"2024-08-06T22:54:45","slug":"2-6-pipe-rolli-cradle","status":"publish","type":"product","link":"https:\/\/proline-global.com\/es\/producto\/2-6-pipe-rolli-cradle\/","title":{"rendered":"2\u2033- 6\u2033 Pipe Rolli Cradle con Head Iron"},"content":{"rendered":"<p>[et_pb_section fb_built=&#8221;1&#8243; _builder_version=&#8221;4.16&#8243; custom_padding=&#8221;0px||||false|false&#8221; global_colors_info=&#8221;{}&#8221;][et_pb_row _builder_version=&#8221;4.16&#8243; background_size=&#8221;initial&#8221; background_position=&#8221;top_left&#8221; background_repeat=&#8221;repeat&#8221; width=&#8221;100%&#8221; custom_padding=&#8221;0px||0px||false|false&#8221; global_colors_info=&#8221;{}&#8221;][et_pb_column type=&#8221;4_4&#8243; _builder_version=&#8221;4.16&#8243; custom_padding=&#8221;|||&#8221; global_colors_info=&#8221;{}&#8221; custom_padding__hover=&#8221;|||&#8221;][et_pb_wc_breadcrumb _builder_version=&#8221;4.16&#8243; global_colors_info=&#8221;{}&#8221;][\/et_pb_wc_breadcrumb][et_pb_wc_cart_notice _builder_version=&#8221;4.16&#8243; global_colors_info=&#8221;{}&#8221;][\/et_pb_wc_cart_notice][\/et_pb_column][\/et_pb_row][et_pb_row column_structure=&#8221;1_2,1_2&#8243; _builder_version=&#8221;4.16&#8243; background_size=&#8221;initial&#8221; background_position=&#8221;top_left&#8221; background_repeat=&#8221;repeat&#8221; width=&#8221;100%&#8221; custom_padding=&#8221;0px||||false|false&#8221; global_colors_info=&#8221;{}&#8221;][et_pb_column type=&#8221;1_2&#8243; _builder_version=&#8221;4.16&#8243; custom_padding=&#8221;|||&#8221; global_colors_info=&#8221;{}&#8221; custom_padding__hover=&#8221;|||&#8221;][et_pb_wc_images _builder_version=&#8221;4.16&#8243; global_colors_info=&#8221;{}&#8221;][\/et_pb_wc_images][\/et_pb_column][et_pb_column type=&#8221;1_2&#8243; _builder_version=&#8221;4.16&#8243; custom_padding=&#8221;|||&#8221; global_colors_info=&#8221;{}&#8221; custom_padding__hover=&#8221;|||&#8221;][et_pb_wc_title _builder_version=&#8221;4.16&#8243; global_colors_info=&#8221;{}&#8221;][\/et_pb_wc_title][et_pb_wc_rating _builder_version=&#8221;4.16&#8243; global_colors_info=&#8221;{}&#8221;][\/et_pb_wc_rating][et_pb_wc_price _builder_version=&#8221;4.16&#8243; global_colors_info=&#8221;{}&#8221;][\/et_pb_wc_price][et_pb_wc_description _builder_version=&#8221;4.16&#8243; global_colors_info=&#8221;{}&#8221;][\/et_pb_wc_description][et_pb_wc_add_to_cart _builder_version=&#8221;4.16&#8243; global_colors_info=&#8221;{}&#8221;][\/et_pb_wc_add_to_cart][et_pb_wc_meta _builder_version=&#8221;4.16&#8243; global_colors_info=&#8221;{}&#8221;][\/et_pb_wc_meta][\/et_pb_column][\/et_pb_row][et_pb_row _builder_version=&#8221;4.16&#8243; background_size=&#8221;initial&#8221; background_position=&#8221;top_left&#8221; background_repeat=&#8221;repeat&#8221; width=&#8221;100%&#8221; global_colors_info=&#8221;{}&#8221;][et_pb_column type=&#8221;4_4&#8243; _builder_version=&#8221;4.16&#8243; custom_padding=&#8221;|||&#8221; global_colors_info=&#8221;{}&#8221; custom_padding__hover=&#8221;|||&#8221;][et_pb_wc_tabs _builder_version=&#8221;4.16&#8243; global_colors_info=&#8221;{}&#8221;]\t\t\t\t\t[\/et_pb_wc_tabs][et_pb_button button_url=&#8221;https:\/\/proline-global.com\/wp-content\/uploads\/2024\/08\/Brochure-Rolli-Cradle-CW0206.pdf&#8221; url_new_window=&#8221;on&#8221; button_text=&#8221;Check Out the Brochure&#8221; _builder_version=&#8221;4.26.0&#8243; _module_preset=&#8221;default&#8221; global_colors_info=&#8221;{}&#8221;][\/et_pb_button][et_pb_wc_upsells _builder_version=&#8221;4.16&#8243; global_colors_info=&#8221;{}&#8221;][\/et_pb_wc_upsells][et_pb_wc_related_products _builder_version=&#8221;4.16&#8243; global_colors_info=&#8221;{}&#8221;][\/et_pb_wc_related_products][\/et_pb_column][\/et_pb_row][\/et_pb_section]<\/p>\n","protected":false},"excerpt":{"rendered":"<p>La cuna enrollable Proline CW0206 est\u00e1 dise\u00f1ada para soportar y guiar tubos de 2 a 6 pulgadas durante las operaciones de manipulaci\u00f3n y descenso de tubos.<\/p>\n<p><strong>Ref: CRADLERC0206PROCAB (Cable) Ref: CRADLERC0206PROHI (Cabeza de hierro)<\/strong><\/p>","protected":false},"featured_media":2767,"template":"","meta":{"_et_pb_use_builder":"on","_et_pb_old_content":"2 piece Rolli Cradle: 1-Head Iron , 1-Stringing portion (with 8 rollers)\r\n\r\n\u2022 Multiple polyurethane coated rollers spaced equally to support the pipe evenly, eliminates \u201cegging of the pipe\u201d\r\n\r\n\u2022 The large polyurethane-coated rollers support the pipe make it ride easily over weld seams without hanging up.\r\n\r\n\u2022 The design provides quick disassembly for transit and storage\r\n\r\n\u2022 Easily adjustable for any pipe size within specified range.\r\n\r\n\u2022 Crimped swages used for wire rope termination.\r\n\r\n&nbsp;\r\n\r\n&nbsp;\r\n\r\n<strong>SPECIFICATIONS<\/strong>\r\n\r\n<strong>Pipe Size Range:<\/strong> 2 inch nominal (60mm) to 6 inch nominal (170mm)\r\n\r\n<strong>Quantity of Rollers:<\/strong> 8\r\n\r\n<strong>Approximate Weight:<\/strong> 75 lbs. (34 kg)\r\n\r\n<strong>Certified:<\/strong> Yes\r\n\r\n<strong>Recommended Max. Work Load:<\/strong> 2.5 TONS (5,000 lbs. \/ 2,268 kg)\r\n\r\n<strong>Safety Factor Ratio:<\/strong> 5:1","_et_gb_content_width":""},"product_brand":[],"product_cat":[1858],"product_tag":[],"class_list":{"0":"post-2410","1":"product","2":"type-product","3":"status-publish","4":"has-post-thumbnail","6":"product_cat-rolli-cradles","8":"first","9":"instock","10":"taxable","11":"shipping-taxable","12":"product-type-simple"},"_links":{"self":[{"href":"https:\/\/proline-global.com\/es\/wp-json\/wp\/v2\/product\/2410","targetHints":{"allow":["GET"]}}],"collection":[{"href":"https:\/\/proline-global.com\/es\/wp-json\/wp\/v2\/product"}],"about":[{"href":"https:\/\/proline-global.com\/es\/wp-json\/wp\/v2\/types\/product"}],"wp:featuredmedia":[{"embeddable":true,"href":"https:\/\/proline-global.com\/es\/wp-json\/wp\/v2\/media\/2767"}],"wp:attachment":[{"href":"https:\/\/proline-global.com\/es\/wp-json\/wp\/v2\/media?parent=2410"}],"wp:term":[{"taxonomy":"product_brand","embeddable":true,"href":"https:\/\/proline-global.com\/es\/wp-json\/wp\/v2\/product_brand?post=2410"},{"taxonomy":"product_cat","embeddable":true,"href":"https:\/\/proline-global.com\/es\/wp-json\/wp\/v2\/product_cat?post=2410"},{"taxonomy":"product_tag","embeddable":true,"href":"https:\/\/proline-global.com\/es\/wp-json\/wp\/v2\/product_tag?post=2410"}],"curies":[{"name":"wp","href":"https:\/\/api.w.org\/{rel}","templated":true}]}}