{"id":2454,"date":"2018-09-26T16:09:15","date_gmt":"2018-09-26T16:09:15","guid":{"rendered":"https:\/\/proline-global.com\/?post_type=product&#038;p=2454"},"modified":"2019-05-31T17:11:52","modified_gmt":"2019-05-31T17:11:52","slug":"ft06-flange-aligning-tool","status":"publish","type":"product","link":"https:\/\/proline-global.com\/es\/producto\/ft06-flange-aligning-tool\/","title":{"rendered":"Herramienta de alineaci\u00f3n de bridas FT06 (1-1\/8\u2033)"},"content":{"rendered":"<p>[et_pb_section bb_built=&#8221;1&#8243;][et_pb_row][et_pb_column type=&#8221;4_4&#8243;][et_pb_text admin_label=&#8221;Text &#8211; Specs&#8221; _builder_version=&#8221;3.12.2&#8243;]<\/p>\n<h3>FT06 Flange Aligning Tool Specifications:<\/h3>\n<p>&nbsp;<\/p>\n<p>BOLT HOLE SIZE:\u00a0\u00a01-1\/8 inch<\/p>\n<p>LENGTH OF PIN:\u00a0\u00a05 inches (127 mm)<\/p>\n<p>WEIGHT OF PIN:\u00a01-1\/2 LB. (680 grams).<\/p>\n<p>[\/et_pb_text][\/et_pb_column][\/et_pb_row][\/et_pb_section]<\/p>\n","protected":false},"excerpt":{"rendered":"<p>Las herramientas de alineaci\u00f3n de bridas de Proline son una soluci\u00f3n segura, r\u00e1pida y eficaz incluso para los trabajos de alineaci\u00f3n de bridas m\u00e1s dif\u00edciles. El eje c\u00f3nico de la herramienta es una caracter\u00edstica patentada que elimina la necesidad de martillar y hacer palanca al alinear los orificios de los pernos de las bridas.<\/p>\n<p>Las herramientas de alineaci\u00f3n de bridas de Proline se venden individualmente y en juegos.<\/p>","protected":false},"featured_media":1379,"template":"","meta":{"_et_pb_use_builder":"on","_et_pb_old_content":"","_et_gb_content_width":""},"product_brand":[],"product_cat":[1941],"product_tag":[],"class_list":{"0":"post-2454","1":"product","2":"type-product","3":"status-publish","4":"has-post-thumbnail","6":"product_cat-flange-aligning-tools","8":"first","9":"instock","10":"taxable","11":"shipping-taxable","12":"product-type-simple"},"_links":{"self":[{"href":"https:\/\/proline-global.com\/es\/wp-json\/wp\/v2\/product\/2454","targetHints":{"allow":["GET"]}}],"collection":[{"href":"https:\/\/proline-global.com\/es\/wp-json\/wp\/v2\/product"}],"about":[{"href":"https:\/\/proline-global.com\/es\/wp-json\/wp\/v2\/types\/product"}],"wp:featuredmedia":[{"embeddable":true,"href":"https:\/\/proline-global.com\/es\/wp-json\/wp\/v2\/media\/1379"}],"wp:attachment":[{"href":"https:\/\/proline-global.com\/es\/wp-json\/wp\/v2\/media?parent=2454"}],"wp:term":[{"taxonomy":"product_brand","embeddable":true,"href":"https:\/\/proline-global.com\/es\/wp-json\/wp\/v2\/product_brand?post=2454"},{"taxonomy":"product_cat","embeddable":true,"href":"https:\/\/proline-global.com\/es\/wp-json\/wp\/v2\/product_cat?post=2454"},{"taxonomy":"product_tag","embeddable":true,"href":"https:\/\/proline-global.com\/es\/wp-json\/wp\/v2\/product_tag?post=2454"}],"curies":[{"name":"wp","href":"https:\/\/api.w.org\/{rel}","templated":true}]}}