{"id":2529,"date":"2018-09-27T17:14:17","date_gmt":"2018-09-27T17:14:17","guid":{"rendered":"https:\/\/proline-global.com\/?post_type=product&#038;p=2529"},"modified":"2019-05-30T20:35:08","modified_gmt":"2019-05-30T20:35:08","slug":"ft14l-1-1-2-flange-aligning-tool-extra-long","status":"publish","type":"product","link":"https:\/\/proline-global.com\/es\/producto\/ft14l-1-1-2-flange-aligning-tool-extra-long\/","title":{"rendered":"FT14L (1-1\/2\u2033) Herramienta de alineaci\u00f3n de bridas extra larga"},"content":{"rendered":"<p>[et_pb_section bb_built=&#8221;1&#8243;][et_pb_row][et_pb_column type=&#8221;4_4&#8243;][et_pb_text admin_label=&#8221;Text &#8211; Specs FT14L&#8221; _builder_version=&#8221;3.12.2&#8243;]<\/p>\n<h3>FT14L Flange Aligning Tool Specifications:<\/h3>\n<p>&nbsp;<\/p>\n<p>BOLT HOLE SIZE:\u00a0\u00a01-1\/2 inch<\/p>\n<p>LENGTH OF PIN:\u00a09-1\/2 inches (241.3 mm)<\/p>\n<p>WEIGHT OF PIN:\u00a04-1\/2 lbs. (2.04 kg)<\/p>\n<p>[\/et_pb_text][\/et_pb_column][\/et_pb_row][\/et_pb_section]<\/p>\n","protected":false},"excerpt":{"rendered":"<p>Las herramientas de alineaci\u00f3n de bridas de Proline son una soluci\u00f3n segura, r\u00e1pida y eficaz incluso para los trabajos de alineaci\u00f3n de bridas m\u00e1s dif\u00edciles. El eje c\u00f3nico de la herramienta es una caracter\u00edstica patentada que elimina la necesidad de martillar y hacer palanca al alinear los orificios de los pernos de las bridas.<\/p>\n<p>Las herramientas de alineaci\u00f3n de bridas de Proline se venden individualmente y en juegos.<\/p>","protected":false},"featured_media":2438,"template":"","meta":{"_et_pb_use_builder":"on","_et_pb_old_content":"","_et_gb_content_width":""},"product_brand":[],"product_cat":[1956],"product_tag":[],"class_list":{"0":"post-2529","1":"product","2":"type-product","3":"status-publish","4":"has-post-thumbnail","6":"product_cat-flange-aligning-tools-extra-long","8":"first","9":"instock","10":"taxable","11":"shipping-taxable","12":"product-type-simple"},"_links":{"self":[{"href":"https:\/\/proline-global.com\/es\/wp-json\/wp\/v2\/product\/2529","targetHints":{"allow":["GET"]}}],"collection":[{"href":"https:\/\/proline-global.com\/es\/wp-json\/wp\/v2\/product"}],"about":[{"href":"https:\/\/proline-global.com\/es\/wp-json\/wp\/v2\/types\/product"}],"wp:featuredmedia":[{"embeddable":true,"href":"https:\/\/proline-global.com\/es\/wp-json\/wp\/v2\/media\/2438"}],"wp:attachment":[{"href":"https:\/\/proline-global.com\/es\/wp-json\/wp\/v2\/media?parent=2529"}],"wp:term":[{"taxonomy":"product_brand","embeddable":true,"href":"https:\/\/proline-global.com\/es\/wp-json\/wp\/v2\/product_brand?post=2529"},{"taxonomy":"product_cat","embeddable":true,"href":"https:\/\/proline-global.com\/es\/wp-json\/wp\/v2\/product_cat?post=2529"},{"taxonomy":"product_tag","embeddable":true,"href":"https:\/\/proline-global.com\/es\/wp-json\/wp\/v2\/product_tag?post=2529"}],"curies":[{"name":"wp","href":"https:\/\/api.w.org\/{rel}","templated":true}]}}