{"id":269,"date":"2018-07-18T10:17:23","date_gmt":"2018-07-18T10:17:23","guid":{"rendered":"https:\/\/proline-global.com\/?post_type=product&#038;p=269"},"modified":"2025-02-18T09:08:34","modified_gmt":"2025-02-18T16:08:34","slug":"proline-internal-pneumatic-wedge-type-mandrels","status":"publish","type":"product","link":"https:\/\/proline-global.com\/es\/producto\/proline-internal-pneumatic-wedge-type-mandrels\/","title":{"rendered":"Mandriles neum\u00e1ticos de cu\u00f1a interna Proline"},"content":{"rendered":"<p>[et_pb_section fb_built=&#8221;1&#8243; _builder_version=&#8221;4.16&#8243; custom_padding=&#8221;0px||||false|false&#8221; global_colors_info=&#8221;{}&#8221;][et_pb_row _builder_version=&#8221;4.16&#8243; background_size=&#8221;initial&#8221; background_position=&#8221;top_left&#8221; background_repeat=&#8221;repeat&#8221; width=&#8221;100%&#8221; custom_padding=&#8221;0px||0px||false|false&#8221; global_colors_info=&#8221;{}&#8221;][et_pb_column type=&#8221;4_4&#8243; _builder_version=&#8221;4.16&#8243; custom_padding=&#8221;|||&#8221; global_colors_info=&#8221;{}&#8221; custom_padding__hover=&#8221;|||&#8221;][et_pb_wc_breadcrumb _builder_version=&#8221;4.16&#8243; global_colors_info=&#8221;{}&#8221;][\/et_pb_wc_breadcrumb][et_pb_wc_cart_notice _builder_version=&#8221;4.16&#8243; global_colors_info=&#8221;{}&#8221;][\/et_pb_wc_cart_notice][\/et_pb_column][\/et_pb_row][et_pb_row column_structure=&#8221;1_2,1_2&#8243; _builder_version=&#8221;4.16&#8243; background_size=&#8221;initial&#8221; background_position=&#8221;top_left&#8221; background_repeat=&#8221;repeat&#8221; width=&#8221;100%&#8221; custom_padding=&#8221;0px||||false|false&#8221; global_colors_info=&#8221;{}&#8221;][et_pb_column type=&#8221;1_2&#8243; _builder_version=&#8221;4.16&#8243; custom_padding=&#8221;|||&#8221; global_colors_info=&#8221;{}&#8221; custom_padding__hover=&#8221;|||&#8221;][et_pb_wc_images _builder_version=&#8221;4.16&#8243; global_colors_info=&#8221;{}&#8221;][\/et_pb_wc_images][\/et_pb_column][et_pb_column type=&#8221;1_2&#8243; _builder_version=&#8221;4.16&#8243; custom_padding=&#8221;|||&#8221; global_colors_info=&#8221;{}&#8221; custom_padding__hover=&#8221;|||&#8221;][et_pb_wc_title _builder_version=&#8221;4.16&#8243; global_colors_info=&#8221;{}&#8221;][\/et_pb_wc_title][et_pb_wc_rating _builder_version=&#8221;4.16&#8243; global_colors_info=&#8221;{}&#8221;][\/et_pb_wc_rating][et_pb_wc_price _builder_version=&#8221;4.16&#8243; global_colors_info=&#8221;{}&#8221;][\/et_pb_wc_price][et_pb_wc_description _builder_version=&#8221;4.16&#8243; global_colors_info=&#8221;{}&#8221;][\/et_pb_wc_description][et_pb_wc_add_to_cart _builder_version=&#8221;4.16&#8243; global_colors_info=&#8221;{}&#8221;][\/et_pb_wc_add_to_cart][et_pb_wc_meta _builder_version=&#8221;4.16&#8243; global_colors_info=&#8221;{}&#8221;][\/et_pb_wc_meta][\/et_pb_column][\/et_pb_row][et_pb_row _builder_version=&#8221;4.16&#8243; background_size=&#8221;initial&#8221; background_position=&#8221;top_left&#8221; background_repeat=&#8221;repeat&#8221; width=&#8221;100%&#8221; global_colors_info=&#8221;{}&#8221;][et_pb_column type=&#8221;4_4&#8243; _builder_version=&#8221;4.16&#8243; custom_padding=&#8221;|||&#8221; global_colors_info=&#8221;{}&#8221; custom_padding__hover=&#8221;|||&#8221;][et_pb_wc_tabs _builder_version=&#8221;4.16&#8243; global_colors_info=&#8221;{}&#8221;]\t\t\t\t\t[\/et_pb_wc_tabs][et_pb_wc_upsells _builder_version=&#8221;4.16&#8243; global_colors_info=&#8221;{}&#8221;][\/et_pb_wc_upsells][\/et_pb_column][\/et_pb_row][et_pb_row _builder_version=&#8221;4.26.0&#8243; _module_preset=&#8221;default&#8221; width=&#8221;100%&#8221; global_colors_info=&#8221;{}&#8221;][et_pb_column type=&#8221;4_4&#8243; _builder_version=&#8221;4.26.0&#8243; _module_preset=&#8221;default&#8221; global_colors_info=&#8221;{}&#8221;][et_pb_wc_related_products _builder_version=&#8221;4.16&#8243; global_colors_info=&#8221;{}&#8221;][\/et_pb_wc_related_products][\/et_pb_column][\/et_pb_row][\/et_pb_section]<\/p>\n","protected":false},"excerpt":{"rendered":"<p>Los mandriles neum\u00e1ticos de Proline utilizados con las m\u00e1quinas curvadoras de Proline son piezas vitales del equipo para cualquier operaci\u00f3n de curvado de tubos. El equipo de mandril neum\u00e1tico para tubos es un mandril de doblado tipo cu\u00f1a para el soporte interno de tubos de acero de 8\u2033 a 48\" (219-1219 mm) de di\u00e1metro de cualquier grado y grosor de pared.<\/p>","protected":false},"featured_media":11185,"template":"","meta":{"_et_pb_use_builder":"on","_et_pb_old_content":"Our unique wedge design with our large capacity cylinders allows smooth bends to be created by the operator while preventing pipe buckling and shape distortion.\r\n\r\nUsing the latest technologies and materials, Proline mandrels are guaranteed to withstand the extreme forces of the bending process. Proline\u2019s self-centering \/ no-roll technology ensures that the mandrel will always stay centered in the pipe.\r\n\r\n<strong>Proline can design and manufacture to custom sizes and specifications.\u00a0 \u00a0<\/strong>\r\n\r\n<strong>\u00a0Features:<\/strong>\r\n<ul>\r\n \t<li>Designed and engineered for a one-man operation.<\/li>\r\n \t<li>Pneumatically air driven mandrels from 12\u201d and larger.<\/li>\r\n \t<li>Extremely powerful large diameter cylinders.<\/li>\r\n \t<li>Fast Action \u2013 retracts, expands and travels quickly.<\/li>\r\n \t<li>Polyurethane-coated backing bars, pads and wheels for the protection of internal coated pipes.<\/li>\r\n \t<li>Conversion kits available to accommodate wall thickness ranges from X65 to X80+ grade pipe.<\/li>\r\n \t<li>Rugged and built for long life.<\/li>\r\n \t<li>Very low maintenance.<\/li>\r\n<\/ul>\r\nOur manual controlled mandrels come with 100 feet (30.48 M) of reach rod, control ends and spare parts for simple set up and repairs.\r\n\r\nRemote-Control Mandrels 16\u201d and up come with a remote system that consists of a remote receiver and a remote transmitter. These remote mandrels come with a battery pack, charger, spare receiver\/transmitter, 100 feet (30.48 M) of reach rod, control ends, and spare parts for simple set up and repairs.\r\n\r\nMandrel Operations Manuals Upon Request.","_et_gb_content_width":""},"product_brand":[],"product_cat":[47,48],"product_tag":[],"class_list":{"0":"post-269","1":"product","2":"type-product","3":"status-publish","4":"has-post-thumbnail","6":"product_cat-pipe-bending","7":"product_cat-hydraulic-pipe-bending-equipment","9":"first","10":"instock","11":"taxable","12":"shipping-taxable","13":"product-type-simple"},"_links":{"self":[{"href":"https:\/\/proline-global.com\/es\/wp-json\/wp\/v2\/product\/269","targetHints":{"allow":["GET"]}}],"collection":[{"href":"https:\/\/proline-global.com\/es\/wp-json\/wp\/v2\/product"}],"about":[{"href":"https:\/\/proline-global.com\/es\/wp-json\/wp\/v2\/types\/product"}],"wp:featuredmedia":[{"embeddable":true,"href":"https:\/\/proline-global.com\/es\/wp-json\/wp\/v2\/media\/11185"}],"wp:attachment":[{"href":"https:\/\/proline-global.com\/es\/wp-json\/wp\/v2\/media?parent=269"}],"wp:term":[{"taxonomy":"product_brand","embeddable":true,"href":"https:\/\/proline-global.com\/es\/wp-json\/wp\/v2\/product_brand?post=269"},{"taxonomy":"product_cat","embeddable":true,"href":"https:\/\/proline-global.com\/es\/wp-json\/wp\/v2\/product_cat?post=269"},{"taxonomy":"product_tag","embeddable":true,"href":"https:\/\/proline-global.com\/es\/wp-json\/wp\/v2\/product_tag?post=269"}],"curies":[{"name":"wp","href":"https:\/\/api.w.org\/{rel}","templated":true}]}}