{"id":288,"date":"2018-07-18T11:11:58","date_gmt":"2018-07-18T11:11:58","guid":{"rendered":"https:\/\/proline-global.com\/?post_type=product&#038;p=288"},"modified":"2018-08-29T22:44:47","modified_gmt":"2018-08-29T22:44:47","slug":"single-jackscrew-chain-clamp","status":"publish","type":"product","link":"https:\/\/proline-global.com\/es\/producto\/single-jackscrew-chain-clamp\/","title":{"rendered":"Abrazadera de cadena de tornillo simple"},"content":{"rendered":"<p>La abrazadera de cadena de tornillo simple reforma s\u00f3lo el lado de uni\u00f3n del espacio de soldadura y es capaz de reformar tuber\u00edas de hasta Schedule 40. Los tornillos de la barra ejercen presi\u00f3n sobre los puntos altos de la tuber\u00eda de uni\u00f3n, eliminando el \"Hi-Lo\" a medida que se alinean la tuber\u00eda y los accesorios. La abrazadera de cadena de un solo tornillo permite alinear tuber\u00edas de grosor hasta Schedule 80. El dispositivo de nivelaci\u00f3n y soporte de la abrazadera de cadena permite que la tuber\u00eda, el codo, la T, la brida y otros accesorios se mantengan en su sitio de forma segura durante el proceso de alineaci\u00f3n y soldadura. Para aplicaciones de acero inoxidable o aleaciones especiales, sustituya la cadena de la abrazadera de cadena est\u00e1ndar por cadena de acero inoxidable.<\/p>","protected":false},"excerpt":{"rendered":"<p>La abrazadera de cadena de tornillo simple s\u00f3lo reforma el lado de contacto del hueco de soldadura y puede reformar tubos de hasta Schedule 40.<\/p>","protected":false},"featured_media":290,"template":"","meta":{"_et_pb_use_builder":"","_et_pb_old_content":"","_et_gb_content_width":""},"product_brand":[],"product_cat":[51,71],"product_tag":[],"class_list":{"0":"post-288","1":"product","2":"type-product","3":"status-publish","4":"has-post-thumbnail","6":"product_cat-lineup-clamps","7":"product_cat-external-line-up-clamps","9":"first","10":"instock","11":"taxable","12":"shipping-taxable","13":"product-type-simple"},"_links":{"self":[{"href":"https:\/\/proline-global.com\/es\/wp-json\/wp\/v2\/product\/288","targetHints":{"allow":["GET"]}}],"collection":[{"href":"https:\/\/proline-global.com\/es\/wp-json\/wp\/v2\/product"}],"about":[{"href":"https:\/\/proline-global.com\/es\/wp-json\/wp\/v2\/types\/product"}],"wp:featuredmedia":[{"embeddable":true,"href":"https:\/\/proline-global.com\/es\/wp-json\/wp\/v2\/media\/290"}],"wp:attachment":[{"href":"https:\/\/proline-global.com\/es\/wp-json\/wp\/v2\/media?parent=288"}],"wp:term":[{"taxonomy":"product_brand","embeddable":true,"href":"https:\/\/proline-global.com\/es\/wp-json\/wp\/v2\/product_brand?post=288"},{"taxonomy":"product_cat","embeddable":true,"href":"https:\/\/proline-global.com\/es\/wp-json\/wp\/v2\/product_cat?post=288"},{"taxonomy":"product_tag","embeddable":true,"href":"https:\/\/proline-global.com\/es\/wp-json\/wp\/v2\/product_tag?post=288"}],"curies":[{"name":"wp","href":"https:\/\/api.w.org\/{rel}","templated":true}]}}