{"id":306,"date":"2018-07-18T11:30:19","date_gmt":"2018-07-18T11:30:19","guid":{"rendered":"https:\/\/proline-global.com\/?post_type=product&#038;p=306"},"modified":"2025-08-12T13:15:25","modified_gmt":"2025-08-12T19:15:25","slug":"cage-clamps","status":"publish","type":"product","link":"https:\/\/proline-global.com\/es\/producto\/cage-clamps\/","title":{"rendered":"KC Standard Line Up Clamp"},"content":{"rendered":"<p>[et_pb_section fb_built=&#8221;1&#8243; specialty=&#8221;on&#8221; _builder_version=&#8221;4.26.0&#8243; _module_preset=&#8221;default&#8221; width=&#8221;100%&#8221; inner_width=&#8221;100%&#8221; custom_margin=&#8221;||||false|true&#8221; custom_margin_tablet=&#8221;|0px||0px|false|true&#8221; custom_margin_phone=&#8221;|0px||0px|false|true&#8221; custom_margin_last_edited=&#8221;off|desktop&#8221; custom_padding=&#8221;0px||||false|false&#8221; global_colors_info=&#8221;{}&#8221; custom_margin__hover_enabled=&#8221;off|desktop&#8221;][et_pb_column type=&#8221;1_2&#8243; _builder_version=&#8221;4.16&#8243; custom_padding=&#8221;|||&#8221; global_colors_info=&#8221;{}&#8221; custom_padding__hover=&#8221;|||&#8221;][et_pb_wc_images _builder_version=&#8221;4.26.0&#8243; custom_margin=&#8221;||||true|false&#8221; custom_padding=&#8221;||||false|false&#8221; global_colors_info=&#8221;{}&#8221;][\/et_pb_wc_images][\/et_pb_column][et_pb_column type=&#8221;1_2&#8243; specialty_columns=&#8221;2&#8243; _builder_version=&#8221;4.16&#8243; custom_padding=&#8221;|||&#8221; global_colors_info=&#8221;{}&#8221; custom_padding__hover=&#8221;|||&#8221;][et_pb_row_inner _builder_version=&#8221;4.26.0&#8243; _module_preset=&#8221;default&#8221; global_colors_info=&#8221;{}&#8221;][et_pb_column_inner saved_specialty_column_type=&#8221;1_2&#8243; _builder_version=&#8221;4.26.0&#8243; _module_preset=&#8221;default&#8221; global_colors_info=&#8221;{}&#8221;][et_pb_wc_title _builder_version=&#8221;4.26.0&#8243; _module_preset=&#8221;default&#8221; global_colors_info=&#8221;{}&#8221;][\/et_pb_wc_title][et_pb_tabs _builder_version=&#8221;4.26.0&#8243; _module_preset=&#8221;default&#8221; tab_font_size=&#8221;15px&#8221; global_colors_info=&#8221;{}&#8221;][et_pb_tab title=&#8221;Product Overview&#8221; _builder_version=&#8221;4.26.0&#8243; _module_preset=&#8221;default&#8221; global_colors_info=&#8221;{}&#8221;]<\/p>\n<p>The KC Standard Line Up Clamp delivers the trusted quality and precision workmanship KC Welding is known for, while offering a lighter-weight, more economical solution for external pipe alignment. Built with less steel without compromising performance, this clamp is ideal for projects where portability and affordability are key.<\/p>\n<p>[\/et_pb_tab][et_pb_tab title=&#8221;Features&#8221; _builder_version=&#8221;4.26.0&#8243; _module_preset=&#8221;default&#8221; global_colors_info=&#8221;{}&#8221;]<\/p>\n<p data-start=\"456\" data-end=\"650\">KC Standard Line Clamps can be tailored for a variety of applications. Customers can choose from three closing mechanisms to match their specific workflow:<\/p>\n<ul data-start=\"651\" data-end=\"784\">\n<li data-start=\"651\" data-end=\"721\">\n<p data-start=\"653\" data-end=\"721\"><strong data-start=\"653\" data-end=\"671\">Hydraulic Type<\/strong> (16\u201d \u2013 72\u201d) for effortless, controlled closing.<\/p>\n<\/li>\n<li data-start=\"722\" data-end=\"784\">\n<p data-start=\"724\" data-end=\"784\"><strong data-start=\"724\" data-end=\"742\">Lever\/Cam Type<\/strong> (2\u201d \u2013 72\u201d) for quick, manual operation.<\/p>\n<\/li>\n<\/ul>\n<p data-start=\"786\" data-end=\"830\">Pad options are also available, including:<\/p>\n<ul data-start=\"831\" data-end=\"1056\">\n<li data-start=\"831\" data-end=\"929\">\n<p data-start=\"833\" data-end=\"929\"><strong data-start=\"833\" data-end=\"862\">Standard square bar stock<\/strong> with bent ends for smooth alignment on slightly misshaped pipes.<\/p>\n<\/li>\n<li data-start=\"930\" data-end=\"993\">\n<p data-start=\"932\" data-end=\"993\"><strong data-start=\"932\" data-end=\"948\">No tack pads<\/strong> for uninterrupted access to the pipe seam.<\/p>\n<\/li>\n<li data-start=\"994\" data-end=\"1056\">\n<p data-start=\"996\" data-end=\"1056\"><strong data-start=\"996\" data-end=\"1020\">Stainless steel pads<\/strong> for welding stainless steel pipe.<\/p>\n<\/li>\n<\/ul>\n<p>[\/et_pb_tab][et_pb_tab title=&#8221;Sizing Options&#8221; _builder_version=&#8221;4.26.0&#8243; _module_preset=&#8221;default&#8221; global_colors_info=&#8221;{}&#8221;]<\/p>\n<p data-start=\"1058\" data-end=\"1233\">Standard sizes range from 2\u201d to 72\u201d, with larger sizes available on request. Metric sizes can also be manufactured to meet international specifications.<\/p>\n<p data-start=\"1235\" data-end=\"1400\">Whether for field use or shop work, the KC Standard Line Up Clamp provides dependable alignment performance at a lower weight and cost\u2014without sacrificing quality.<\/p>\n<p>[\/et_pb_tab][\/et_pb_tabs][\/et_pb_column_inner][\/et_pb_row_inner][\/et_pb_column][\/et_pb_section][et_pb_section fb_built=&#8221;1&#8243; _builder_version=&#8221;4.26.0&#8243; _module_preset=&#8221;default&#8221; max_height=&#8221;350px&#8221; custom_padding=&#8221;0px||0px||true|false&#8221; global_colors_info=&#8221;{}&#8221;][et_pb_row _builder_version=&#8221;4.26.0&#8243; _module_preset=&#8221;default&#8221; height=&#8221;350px&#8221; max_height=&#8221;350px&#8221; global_colors_info=&#8221;{}&#8221;][et_pb_column type=&#8221;4_4&#8243; _builder_version=&#8221;4.26.0&#8243; _module_preset=&#8221;default&#8221; global_colors_info=&#8221;{}&#8221;][et_pb_wc_related_products orderby=&#8221;menu_order&#8221; _builder_version=&#8221;4.26.0&#8243; _module_preset=&#8221;default&#8221; global_colors_info=&#8221;{}&#8221;][\/et_pb_wc_related_products][\/et_pb_column][\/et_pb_row][\/et_pb_section]<\/p>\n","protected":false},"excerpt":{"rendered":"<p>Todas las abrazaderas de alineaci\u00f3n est\u00e1ndar se ajustan con precisi\u00f3n a las especificaciones adecuadas para garantizar una alineaci\u00f3n correcta y una sujeci\u00f3n r\u00e1pida. Todas las abrazaderas est\u00e1ndar tienen un dise\u00f1o de barra transversal plana con una palanca de mano conveniente para la alineaci\u00f3n r\u00e1pida de la tuber\u00eda (ver arriba).<\/p>","protected":false},"featured_media":11611,"template":"","meta":{"_et_pb_use_builder":"on","_et_pb_old_content":"Features: Tightens with hand lever. Simple, quick, easy to use. Available with Hydraulic Jack assembly and NO TACK arched cross bars. Available in sizes up to 60\" (1524mm) pipe diameter All standard line-up clamps are precision Fitted to the proper specifications to ensure Proper alignment and quick clamping. All standard clamps have a flat cross bar Design with a convenient hand lever For quick line-up of the pipe (seen above). The standard line-up clamps are simple, Quick and easy to use, and have been an industry standard for over 50 years. Warning: Pipe clamps are designed for the sole purpose of aligning pipe ends while welding. Do not use the clamp to support the weight of the pipeline while lifting or moving. Use no shims, wedges, or cheaters with these clamps","_et_gb_content_width":""},"product_brand":[],"product_cat":[51,71],"product_tag":[],"class_list":{"0":"post-306","1":"product","2":"type-product","3":"status-publish","4":"has-post-thumbnail","6":"product_cat-lineup-clamps","7":"product_cat-external-line-up-clamps","9":"first","10":"instock","11":"taxable","12":"shipping-taxable","13":"product-type-simple"},"_links":{"self":[{"href":"https:\/\/proline-global.com\/es\/wp-json\/wp\/v2\/product\/306","targetHints":{"allow":["GET"]}}],"collection":[{"href":"https:\/\/proline-global.com\/es\/wp-json\/wp\/v2\/product"}],"about":[{"href":"https:\/\/proline-global.com\/es\/wp-json\/wp\/v2\/types\/product"}],"wp:featuredmedia":[{"embeddable":true,"href":"https:\/\/proline-global.com\/es\/wp-json\/wp\/v2\/media\/11611"}],"wp:attachment":[{"href":"https:\/\/proline-global.com\/es\/wp-json\/wp\/v2\/media?parent=306"}],"wp:term":[{"taxonomy":"product_brand","embeddable":true,"href":"https:\/\/proline-global.com\/es\/wp-json\/wp\/v2\/product_brand?post=306"},{"taxonomy":"product_cat","embeddable":true,"href":"https:\/\/proline-global.com\/es\/wp-json\/wp\/v2\/product_cat?post=306"},{"taxonomy":"product_tag","embeddable":true,"href":"https:\/\/proline-global.com\/es\/wp-json\/wp\/v2\/product_tag?post=306"}],"curies":[{"name":"wp","href":"https:\/\/api.w.org\/{rel}","templated":true}]}}