{"id":319,"date":"2018-07-18T11:40:13","date_gmt":"2018-07-18T11:40:13","guid":{"rendered":"https:\/\/proline-global.com\/?post_type=product&#038;p=319"},"modified":"2018-08-29T22:43:32","modified_gmt":"2018-08-29T22:43:32","slug":"proline-internal-copper-backup-clamps","status":"publish","type":"product","link":"https:\/\/proline-global.com\/es\/producto\/proline-internal-copper-backup-clamps\/","title":{"rendered":"Abrazaderas internas de cobre Proline"},"content":{"rendered":"<p>La abrazadera neum\u00e1tica interna de respaldo de cobre patentada por PROLINE est\u00e1 dise\u00f1ada para garantizar una soldadura circunferencial suave internamente en la tuber\u00eda. La abrazadera de respaldo de cobre soporta el charco de soldadura que, de lo contrario, caer\u00eda en las secciones de tuber\u00eda durante la operaci\u00f3n de soldadura autom\u00e1tica externa de tuber\u00edas. Caracter\u00edsticas: Los conjuntos de anillos de apoyo de cobre se instalan entre los mecanismos de sujeci\u00f3n delantero y trasero de las abrazaderas de alineaci\u00f3n neum\u00e1tica interna PROLINE. Los conjuntos de anillos est\u00e1n dise\u00f1ados para funcionar de forma totalmente independiente de los mecanismos de sujeci\u00f3n delantero y trasero de las pinzas neum\u00e1ticas internas de alineaci\u00f3n. El dise\u00f1o garantiza que cada zapata de cobre entre totalmente en contacto con la superficie interna de la tuber\u00eda.<\/p>","protected":false},"excerpt":{"rendered":"<p>PROLINE fabrica y suministra una gran variedad de abrazaderas de alineaci\u00f3n. Nuestras abrazaderas garantizan una alineaci\u00f3n precisa de dos juntas de tuber\u00eda y son r\u00e1pidas y f\u00e1ciles de ajustar para diferentes espesores de pared de tuber\u00eda. Todas las abrazaderas PROLINE han demostrado su eficacia en miles de kil\u00f3metros de construcci\u00f3n de tuber\u00edas, incluso en las condiciones de campo m\u00e1s extremas.<\/p>","protected":false},"featured_media":321,"template":"","meta":{"_et_pb_use_builder":"","_et_pb_old_content":"","_et_gb_content_width":""},"product_brand":[],"product_cat":[51,70],"product_tag":[],"class_list":{"0":"post-319","1":"product","2":"type-product","3":"status-publish","4":"has-post-thumbnail","6":"product_cat-lineup-clamps","7":"product_cat-internal-line-up-clamps","9":"first","10":"instock","11":"taxable","12":"shipping-taxable","13":"product-type-simple"},"_links":{"self":[{"href":"https:\/\/proline-global.com\/es\/wp-json\/wp\/v2\/product\/319","targetHints":{"allow":["GET"]}}],"collection":[{"href":"https:\/\/proline-global.com\/es\/wp-json\/wp\/v2\/product"}],"about":[{"href":"https:\/\/proline-global.com\/es\/wp-json\/wp\/v2\/types\/product"}],"wp:featuredmedia":[{"embeddable":true,"href":"https:\/\/proline-global.com\/es\/wp-json\/wp\/v2\/media\/321"}],"wp:attachment":[{"href":"https:\/\/proline-global.com\/es\/wp-json\/wp\/v2\/media?parent=319"}],"wp:term":[{"taxonomy":"product_brand","embeddable":true,"href":"https:\/\/proline-global.com\/es\/wp-json\/wp\/v2\/product_brand?post=319"},{"taxonomy":"product_cat","embeddable":true,"href":"https:\/\/proline-global.com\/es\/wp-json\/wp\/v2\/product_cat?post=319"},{"taxonomy":"product_tag","embeddable":true,"href":"https:\/\/proline-global.com\/es\/wp-json\/wp\/v2\/product_tag?post=319"}],"curies":[{"name":"wp","href":"https:\/\/api.w.org\/{rel}","templated":true}]}}