{"id":322,"date":"2018-07-18T11:43:57","date_gmt":"2018-07-18T11:43:57","guid":{"rendered":"https:\/\/proline-global.com\/?post_type=product&#038;p=322"},"modified":"2018-08-29T22:43:32","modified_gmt":"2018-08-29T22:43:32","slug":"manual-internal-clamps-jack-screw","status":"publish","type":"product","link":"https:\/\/proline-global.com\/es\/producto\/manual-internal-clamps-jack-screw\/","title":{"rendered":"Abrazaderas internas manuales: Tornillo Jack"},"content":{"rendered":"<p>Tama\u00f1os a partir de 55\" (1397 mm). Sujeta y alinea f\u00e1cilmente tubos de gran di\u00e1metro interior. Los tornillos de gato individuales permiten la aplicaci\u00f3n de presi\u00f3n espec\u00edfica en un \u00e1rea en particular sin dejar de alinear la separaci\u00f3n total de la tuber\u00eda. Fabricado con precisi\u00f3n a partir de acero de alta calidad. Probado en tuber\u00edas.<\/p>","protected":false},"excerpt":{"rendered":"<p>Las abrazaderas internas de Sawyer se fabrican a medida para su aplicaci\u00f3n. Ofrecemos tres tipos diferentes para satisfacer sus necesidades. Por favor, t\u00f3mese un momento para revisar nuestros diferentes modelos a continuaci\u00f3n.<\/p>","protected":false},"featured_media":327,"template":"","meta":{"_et_pb_use_builder":"","_et_pb_old_content":"","_et_gb_content_width":""},"product_brand":[],"product_cat":[51,70],"product_tag":[],"class_list":{"0":"post-322","1":"product","2":"type-product","3":"status-publish","4":"has-post-thumbnail","6":"product_cat-lineup-clamps","7":"product_cat-internal-line-up-clamps","9":"first","10":"instock","11":"taxable","12":"shipping-taxable","13":"product-type-simple"},"_links":{"self":[{"href":"https:\/\/proline-global.com\/es\/wp-json\/wp\/v2\/product\/322","targetHints":{"allow":["GET"]}}],"collection":[{"href":"https:\/\/proline-global.com\/es\/wp-json\/wp\/v2\/product"}],"about":[{"href":"https:\/\/proline-global.com\/es\/wp-json\/wp\/v2\/types\/product"}],"wp:featuredmedia":[{"embeddable":true,"href":"https:\/\/proline-global.com\/es\/wp-json\/wp\/v2\/media\/327"}],"wp:attachment":[{"href":"https:\/\/proline-global.com\/es\/wp-json\/wp\/v2\/media?parent=322"}],"wp:term":[{"taxonomy":"product_brand","embeddable":true,"href":"https:\/\/proline-global.com\/es\/wp-json\/wp\/v2\/product_brand?post=322"},{"taxonomy":"product_cat","embeddable":true,"href":"https:\/\/proline-global.com\/es\/wp-json\/wp\/v2\/product_cat?post=322"},{"taxonomy":"product_tag","embeddable":true,"href":"https:\/\/proline-global.com\/es\/wp-json\/wp\/v2\/product_tag?post=322"}],"curies":[{"name":"wp","href":"https:\/\/api.w.org\/{rel}","templated":true}]}}