{"id":323,"date":"2018-07-18T11:44:10","date_gmt":"2018-07-18T11:44:10","guid":{"rendered":"https:\/\/proline-global.com\/?post_type=product&#038;p=323"},"modified":"2019-04-16T18:59:09","modified_gmt":"2019-04-16T18:59:09","slug":"manual-internal-clamps-large-manual","status":"publish","type":"product","link":"https:\/\/proline-global.com\/es\/producto\/manual-internal-clamps-large-manual\/","title":{"rendered":"Abrazaderas manuales de alineaci\u00f3n interna"},"content":{"rendered":"<p>[et_pb_section bb_built=&#8221;1&#8243;][et_pb_row][et_pb_column type=&#8221;4_4&#8243;][et_pb_text _builder_version=&#8221;3.12.2&#8243;]<\/p>\n<p>Fastest, most reliable clamp in the field. Toggle action puts maximum power on pipe. Gap is unobstructed for full stringer bead. Heavy duty jack box puts more power on the pipe with less operator effort. Each clamp machined for a specific wall thickness. Heavy duty all steel construction. Optional with copper back-up. Comes standard with hook, crank handle, and 49 ft. of reach rod.<\/p>\n<p>[\/et_pb_text][\/et_pb_column][\/et_pb_row][et_pb_row][et_pb_column type=&#8221;4_4&#8243;][et_pb_button admin_label=&#8221;Button-MANUAL&#8221; _builder_version=&#8221;3.12.2&#8243; button_text=&#8221;MANUAL&#8221; button_alignment=&#8221;center&#8221; button_url=&#8221;https:\/\/proline-global.com\/wp-content\/uploads\/2018\/07\/Manual-Internal-line-up-clamp-.pdf&#8221; custom_button=&#8221;on&#8221; button_text_color=&#8221;#000000&#8243; button_bg_color=&#8221;#e09900&#8243; button_border_width=&#8221;0&#8243; button_border_radius=&#8221;0&#8243; button_use_icon=&#8221;off&#8221; button_text_color_hover=&#8221;#ffffff&#8221; button_border_radius_hover=&#8221;0&#8243; button_bg_color_hover=&#8221;#000000&#8243; \/][\/et_pb_column][\/et_pb_row][\/et_pb_section]<\/p>\n","protected":false},"excerpt":{"rendered":"<p>Las abrazaderas manuales internas se fabrican a medida para su aplicaci\u00f3n. Ofrecemos tres tipos diferentes para satisfacer sus necesidades. Por favor, t\u00f3mese un momento para revisar nuestros diferentes modelos a continuaci\u00f3n. Estas abrazaderas tienen un grosor de pared espec\u00edfico. El tama\u00f1o m\u00e1s peque\u00f1o es de 10\u2033.<\/p>","protected":false},"featured_media":329,"template":"","meta":{"_et_pb_use_builder":"on","_et_pb_old_content":"<p>Fastest, most reliable clamp in the field. Toggle action puts maximum power on pipe. Gap is unobstructed for full stringer bead. Heavy duty jack box puts more power on the pipe with less operator effort. Each clamp machined for a specific wall thickness. Heavy duty all steel construction. Optional with copper back-up. Comes standard with hook, crank handle, and 49? of reach rod.<\/p>","_et_gb_content_width":""},"product_brand":[],"product_cat":[51,70],"product_tag":[],"class_list":{"0":"post-323","1":"product","2":"type-product","3":"status-publish","4":"has-post-thumbnail","6":"product_cat-lineup-clamps","7":"product_cat-internal-line-up-clamps","9":"first","10":"instock","11":"taxable","12":"shipping-taxable","13":"product-type-simple"},"_links":{"self":[{"href":"https:\/\/proline-global.com\/es\/wp-json\/wp\/v2\/product\/323","targetHints":{"allow":["GET"]}}],"collection":[{"href":"https:\/\/proline-global.com\/es\/wp-json\/wp\/v2\/product"}],"about":[{"href":"https:\/\/proline-global.com\/es\/wp-json\/wp\/v2\/types\/product"}],"wp:featuredmedia":[{"embeddable":true,"href":"https:\/\/proline-global.com\/es\/wp-json\/wp\/v2\/media\/329"}],"wp:attachment":[{"href":"https:\/\/proline-global.com\/es\/wp-json\/wp\/v2\/media?parent=323"}],"wp:term":[{"taxonomy":"product_brand","embeddable":true,"href":"https:\/\/proline-global.com\/es\/wp-json\/wp\/v2\/product_brand?post=323"},{"taxonomy":"product_cat","embeddable":true,"href":"https:\/\/proline-global.com\/es\/wp-json\/wp\/v2\/product_cat?post=323"},{"taxonomy":"product_tag","embeddable":true,"href":"https:\/\/proline-global.com\/es\/wp-json\/wp\/v2\/product_tag?post=323"}],"curies":[{"name":"wp","href":"https:\/\/api.w.org\/{rel}","templated":true}]}}