{"id":361,"date":"2018-07-19T06:51:25","date_gmt":"2018-07-19T06:51:25","guid":{"rendered":"https:\/\/proline-global.com\/?post_type=product&#038;p=361"},"modified":"2018-09-12T16:40:45","modified_gmt":"2018-09-12T16:40:45","slug":"spy-msrb-system","status":"publish","type":"product","link":"https:\/\/proline-global.com\/es\/producto\/spy-msrb-system\/","title":{"rendered":"Sistema MSRB esp\u00eda"},"content":{"rendered":"<p>[et_pb_section bb_built=&#8221;1&#8243; _builder_version=&#8221;3.0.47&#8243;][et_pb_row _builder_version=&#8221;3.0.48&#8243; background_size=&#8221;initial&#8221; background_position=&#8221;top_left&#8221; background_repeat=&#8221;repeat&#8221;][et_pb_column type=&#8221;4_4&#8243;][et_pb_text admin_label=&#8221;Text &#8211; MSRB INTRO&#8221; _builder_version=&#8221;3.12.2&#8243;]<\/p>\n<p>Installed on a reinforcing bar (rebar) coating line, the SPY\u00ae MSRB system continuously monitors the coating as the rebar runs through the RBRS dual roller wet sponge electrodes unit. When a discontinuity in the coating (holiday) is discovered, a red light at the appropriate station on the detector unit flashes to give a visual indication.\u00a0 The detector unit gives an electrical output to a plug on the back of the unit. Any 120 volt AC customer furnished horn, bell, recorder, computer, etc. can be driven from the MSRB switch signal output plugs.<\/p>\n<p>[\/et_pb_text][et_pb_text admin_label=&#8221;Text &#8211; MSRB DETAILS&#8221; _builder_version=&#8221;3.12.2&#8243;]<\/p>\n<p>THE MSRB-PLC REBAR HOLIDAY DETECTION\u00a0<span class=\"s1\">SYSTEM <\/span>uses an inductive sensor to sense the approach of a freshly coated rebar batch.\u00a0The rebar exits the cooling process which then activates the MSRB-PLC Holiday Detection System to prepare for the rebar batch to pass through our dual-roller wet sponge electrodes (RBRS). Moisture from the sponge electrodes conducts a low inspection voltage (67 Volts) to the coating of each coated rebar.\u00a0 This allows the MSRB-PLC System to detect any holiday (defect) in the rebar coating.<\/p>\n<p>[\/et_pb_text][\/et_pb_column][\/et_pb_row][et_pb_row _builder_version=&#8221;3.10.2&#8243;][et_pb_column type=&#8221;1_2&#8243;][et_pb_image admin_label=&#8221;Image &#8211; MSRB PLC&#8221; src=&#8221;https:\/\/proline-global.com\/wp-content\/uploads\/2018\/07\/MSRB-PLC-no-diagram.png&#8221; _builder_version=&#8221;3.12.2&#8243;]<\/p>\n<p>&nbsp;<\/p>\n<p>[\/et_pb_image][et_pb_text admin_label=&#8221;Text &#8211; MSRB TECHNICAL FEATURES&#8221; _builder_version=&#8221;3.12.2&#8243;]<\/p>\n<h4><strong>TECHNICAL FEATURES<\/strong><\/h4>\n<p><strong>Voltage Type:<\/strong> DC<br \/>\n<strong>Voltage Range (kV):<\/strong> 67.5 Volts<br \/>\n<strong>Voltage Output Accuracy:<\/strong> \u00b15%<br \/>\n<strong>Coating Range (Min-Max):<\/strong> 1 \u2013 20 mils<br \/>\n<strong>Operating Temperature:<\/strong> -40\u00b0F to 148\u00b0F<br \/>\n<strong>Display Type:<\/strong> LCD<br \/>\n<strong>Holiday Indicator Type:<\/strong> Visual \/ (Optional) Audio<br \/>\n<strong>Power Requirement:<\/strong> 120V AC (Optional 220V \u2013 120V transformer)<br \/>\n<strong>Unit Weight (lb):<\/strong> 20 lbs<br \/>\n<strong>Unit Dimensions (LxWxH):<\/strong> 15.75\u201d x 20\u201d x 9\u201d<br \/>\n<strong>Domestic\/International Standards Unit Complies With:<\/strong> NACE SP0188-2006<br \/>\n<strong>Factory Warranty:<\/strong> 12 Month<\/p>\n<p>[\/et_pb_text][\/et_pb_column][et_pb_column type=&#8221;1_2&#8243;][et_pb_text admin_label=&#8221;Text &#8211; MSRB PRODUCT FEATURES&#8221; _builder_version=&#8221;3.12.2&#8243;]<\/p>\n<h4><strong>PRODUCT FREATURES<\/strong><\/h4>\n<ul>\n<li>Certified Enclosure<\/li>\n<li>Digital Holiday Channel \/ Unit Operation Display<\/li>\n<li>Individual Channel Holiday Indicator Lights (Optional)<\/li>\n<li>Audible Holiday Horn<\/li>\n<li>Ethernet Connector<\/li>\n<\/ul>\n<p>&nbsp;<\/p>\n<p>[\/et_pb_text][et_pb_image admin_label=&#8221;Image &#8211; MSRB ILLISTRATION&#8221; src=&#8221;https:\/\/proline-global.com\/wp-content\/uploads\/2018\/07\/msrbplc-illustration.png&#8221; _builder_version=&#8221;3.12.2&#8243;]<\/p>\n<p>&nbsp;<\/p>\n<p>[\/et_pb_image][\/et_pb_column][\/et_pb_row][et_pb_row _builder_version=&#8221;3.0.48&#8243; background_size=&#8221;initial&#8221; background_position=&#8221;top_left&#8221; background_repeat=&#8221;repeat&#8221;][et_pb_column type=&#8221;4_4&#8243;][et_pb_text admin_label=&#8221;Text &#8211; AUTHOURIZED REPAIR FACILITY&#8221; _builder_version=&#8221;3.12.2&#8243;]<\/p>\n<p><strong>\u00a0\u00a0\u00a0\u00a0\u00a0\u00a0\u00a0\u00a0\u00a0\u00a0\u00a0\u00a0\u00a0\u00a0\u00a0\u00a0\u00a0\u00a0\u00a0\u00a0\u00a0\u00a0\u00a0\u00a0 PROLINE PIPE EQUIPMENT INC. IS A FACTORY AUTHOURIZED REPAIR FACILITY<\/strong><\/p>\n<p>&nbsp;<\/p>\n<p>[\/et_pb_text][et_pb_button admin_label=&#8221;Button &#8211; BROCHURE&#8221; button_url=&#8221;http:\/\/picltd.com\/wp-content\/uploads\/2017\/10\/SPY_Rebar_FNL_LR.pdf&#8221; url_new_window=&#8221;on&#8221; button_text=&#8221;BROCHURE&#8221; button_alignment=&#8221;center&#8221; _builder_version=&#8221;3.12.2&#8243; custom_button=&#8221;on&#8221; button_text_color=&#8221;#000000&#8243; button_bg_color=&#8221;#ffbd00&#8243; button_border_width=&#8221;0&#8243; button_border_radius=&#8221;0&#8243; button_use_icon=&#8221;off&#8221; button_text_color_hover=&#8221;#ffffff&#8221; button_bg_color_hover=&#8221;#000000&#8243; custom_margin=&#8221;||15px|&#8221; saved_tabs=&#8221;all&#8221;]<\/p>\n<p>&nbsp;<\/p>\n<p>[\/et_pb_button][et_pb_image admin_label=&#8221;Image- SPY LOGO&#8221; src=&#8221;https:\/\/proline-global.com\/wp-content\/uploads\/2018\/07\/logo-spy.svg&#8221; _builder_version=&#8221;3.12.2&#8243;]<\/p>\n<p>&nbsp;<\/p>\n<p>[\/et_pb_image][\/et_pb_column][\/et_pb_row][\/et_pb_section]<\/p>\n","protected":false},"excerpt":{"rendered":"<p>Sistema multiestaci\u00f3n de barras de refuerzo, la pr\u00f3xima generaci\u00f3n en sistemas de detecci\u00f3n de vacaciones de barras de refuerzo de alto rendimiento \/ 1-20 Mils para pinturas y recubrimientos de pintura epoxi<\/p>","protected":false},"featured_media":362,"template":"","meta":{"_et_pb_use_builder":"on","_et_pb_old_content":"<p>Installed on a reinforcing bar (rebar) coating line, the SPY\u00ae MSRB system continuously monitors the coating as the rebar runs through the RBRS dual roller wet sponge electrodes unit. When a discontinuity in the coating (holiday) is discovered, a red light at the appropriate station on the detector unit flashes to give a visual indication and the detector unit gives an electrical output to a plug on the back of the unit. Any 120 volt AC customer furnished horn, bell, recorder, computer, etc. can be driven from the MSRB switch signal output plugs.<\/p>","_et_gb_content_width":""},"product_brand":[],"product_cat":[52,73],"product_tag":[1686,1685,1688,1687],"class_list":{"0":"post-361","1":"product","2":"type-product","3":"status-publish","4":"has-post-thumbnail","6":"product_cat-holiday-detection","7":"product_cat-in-plant-detectors","8":"product_tag-holiday-detector","9":"product_tag-rebar","10":"product_tag-rebar-coating","11":"product_tag-wet-sponge","13":"first","14":"instock","15":"taxable","16":"shipping-taxable","17":"product-type-simple"},"_links":{"self":[{"href":"https:\/\/proline-global.com\/es\/wp-json\/wp\/v2\/product\/361","targetHints":{"allow":["GET"]}}],"collection":[{"href":"https:\/\/proline-global.com\/es\/wp-json\/wp\/v2\/product"}],"about":[{"href":"https:\/\/proline-global.com\/es\/wp-json\/wp\/v2\/types\/product"}],"wp:featuredmedia":[{"embeddable":true,"href":"https:\/\/proline-global.com\/es\/wp-json\/wp\/v2\/media\/362"}],"wp:attachment":[{"href":"https:\/\/proline-global.com\/es\/wp-json\/wp\/v2\/media?parent=361"}],"wp:term":[{"taxonomy":"product_brand","embeddable":true,"href":"https:\/\/proline-global.com\/es\/wp-json\/wp\/v2\/product_brand?post=361"},{"taxonomy":"product_cat","embeddable":true,"href":"https:\/\/proline-global.com\/es\/wp-json\/wp\/v2\/product_cat?post=361"},{"taxonomy":"product_tag","embeddable":true,"href":"https:\/\/proline-global.com\/es\/wp-json\/wp\/v2\/product_tag?post=361"}],"curies":[{"name":"wp","href":"https:\/\/api.w.org\/{rel}","templated":true}]}}