{"id":395,"date":"2018-07-19T09:59:34","date_gmt":"2018-07-19T09:59:34","guid":{"rendered":"https:\/\/proline-global.com\/?post_type=product&#038;p=395"},"modified":"2020-06-22T22:06:14","modified_gmt":"2020-06-22T22:06:14","slug":"vm-810-locator","status":"publish","type":"product","link":"https:\/\/proline-global.com\/es\/producto\/vm-810-locator\/","title":{"rendered":"Localizador VM-810"},"content":{"rendered":"<p>Metrotech, uno de los nombres originales en la localizaci\u00f3n de tuber\u00edas y cables, lleva m\u00e1s de cuarenta a\u00f1os fabricando el 810, de eficacia probada. El instrumento incluye un sistema de gu\u00eda izquierda\/derecha sensible a la distanciaTM (pionero de Metrotech) para proporcionar una localizaci\u00f3n f\u00e1cil y precisa. En los \u00faltimos a\u00f1os, los componentes de estos productos se han quedado obsoletos, han aumentado su coste y cada vez son m\u00e1s dif\u00edciles de encontrar. Esto plante\u00f3 el reto de dise\u00f1ar un nuevo VM-810 sin perder las caracter\u00edsticas y prestaciones que lo hicieron exitoso. Creemos que hemos superado el reto: el nuevo VM-810 combina el aspecto cl\u00e1sico con una sencillez y unas prestaciones asombrosas: si le gustaban los 810 cl\u00e1sicos, le encantar\u00e1 el nuevo. El NUEVO VM-810 est\u00e1 dise\u00f1ado espec\u00edficamente como un localizador de una sola frecuencia verdadera izquierda\/derecha con antenas separadas de doble respuesta izquierda\/derecha. Caracter\u00edsticas: Gu\u00eda izquierda\/derecha sensible a la distanciaTM Respuesta r\u00e1pida Pantalla mejorada, clara y retroiluminada Sonido digital n\u00edtido Funcionamiento preciso de una sola frecuencia con un solo bot\u00f3n Compacto y ligero Construcci\u00f3n robusta Ajuste de ganancia totalmente autom\u00e1tico \"en tiempo real\" Resistente al agua (IP54) Antena retr\u00e1ctil Excelente duraci\u00f3n de la bater\u00eda<\/p>","protected":false},"excerpt":{"rendered":"<p>Metrotech, uno de los nombres originales en la localizaci\u00f3n de tuber\u00edas y cables, lleva m\u00e1s de cuarenta a\u00f1os fabricando el 810, de eficacia probada. El instrumento incluye un sistema de gu\u00eda izquierda\/derecha sensible a la distancia (pionero de Metrotech) para facilitar una localizaci\u00f3n precisa.<\/p>","protected":false},"featured_media":397,"template":"","meta":{"_et_pb_use_builder":"","_et_pb_old_content":"","_et_gb_content_width":""},"product_brand":[],"product_cat":[53,76],"product_tag":[],"class_list":{"0":"post-395","1":"product","2":"type-product","3":"status-publish","4":"has-post-thumbnail","6":"product_cat-line-locating","7":"product_cat-vivax-metrotech-locators","9":"first","10":"instock","11":"taxable","12":"shipping-taxable","13":"product-type-simple"},"_links":{"self":[{"href":"https:\/\/proline-global.com\/es\/wp-json\/wp\/v2\/product\/395","targetHints":{"allow":["GET"]}}],"collection":[{"href":"https:\/\/proline-global.com\/es\/wp-json\/wp\/v2\/product"}],"about":[{"href":"https:\/\/proline-global.com\/es\/wp-json\/wp\/v2\/types\/product"}],"wp:featuredmedia":[{"embeddable":true,"href":"https:\/\/proline-global.com\/es\/wp-json\/wp\/v2\/media\/397"}],"wp:attachment":[{"href":"https:\/\/proline-global.com\/es\/wp-json\/wp\/v2\/media?parent=395"}],"wp:term":[{"taxonomy":"product_brand","embeddable":true,"href":"https:\/\/proline-global.com\/es\/wp-json\/wp\/v2\/product_brand?post=395"},{"taxonomy":"product_cat","embeddable":true,"href":"https:\/\/proline-global.com\/es\/wp-json\/wp\/v2\/product_cat?post=395"},{"taxonomy":"product_tag","embeddable":true,"href":"https:\/\/proline-global.com\/es\/wp-json\/wp\/v2\/product_tag?post=395"}],"curies":[{"name":"wp","href":"https:\/\/api.w.org\/{rel}","templated":true}]}}