{"id":401,"date":"2018-07-19T10:06:08","date_gmt":"2018-07-19T10:06:08","guid":{"rendered":"https:\/\/proline-global.com\/?post_type=product&#038;p=401"},"modified":"2018-07-19T10:06:56","modified_gmt":"2018-07-19T10:06:56","slug":"vm-880-locator","status":"publish","type":"product","link":"https:\/\/proline-global.com\/es\/producto\/vm-880-locator\/","title":{"rendered":"Localizador VM-880"},"content":{"rendered":"<p>En nuestro paisaje en constante cambio, los activos importantes pueden quedar enterrados, lo que dificulta su b\u00fasqueda y lleva mucho tiempo. Las tapas de v\u00e1lvulas y alcantarillas suelen perderse despu\u00e9s de realizar obras en el suelo, repavimentar o tras fuertes nevadas. Los mojones enterrados tambi\u00e9n pueden ser dif\u00edciles de encontrar.<\/p>\n<p>La mayor\u00eda de estos art\u00edculos est\u00e1n fabricados con materiales magn\u00e9ticos o ferrosos. Estos pueden detectarse con el VM-880. Como solo detecta materiales ferrosos, se rechazan las latas de aluminio, etc.<\/p>\n<p>La sencilla interfaz de usuario sonora y visual se ha dise\u00f1ado para minimizar los requisitos de formaci\u00f3n, al tiempo que se emplean las \u00faltimas tecnolog\u00edas para garantizar la m\u00e1xima sensibilidad y alcance de profundidad.<\/p>\n<p>&nbsp;<\/p>\n<p><strong>Caracter\u00edsticas:<\/strong><\/p>\n<p>El VM-880 es la \u00faltima revisi\u00f3n del siempre popular localizador de metales ferrosos 880. Incorpora las siguientes caracter\u00edsticas:<\/p>\n<ul>\n<li>Indicador ac\u00fastico y visual de la intensidad de la se\u00f1al<\/li>\n<li>Muy ligero 0,7 kg (1,54 lb)<\/li>\n<li>Tubo de antena de fibra de carbono ultrarresistente<\/li>\n<li>Tubo de antena resistente al agua<\/li>\n<li>Alta sensibilidad<\/li>\n<li>Indicador de polaridad de campo<\/li>\n<li>Autonom\u00eda de 28 horas con s\u00f3lo 2 pilas AA (LR6)<\/li>\n<li>Indicaci\u00f3n continua del nivel de bater\u00eda<\/li>\n<li>Control autom\u00e1tico de la sensibilidad con un solo toque y control incremental manual<\/li>\n<li>Aviso de se\u00f1al de alimentaci\u00f3n de 60\/50 Hz<\/li>\n<li>Bolsa de transporte blanda de serie<\/li>\n<\/ul>","protected":false},"excerpt":{"rendered":"<p>En nuestro paisaje en constante cambio, los activos importantes pueden quedar enterrados, lo que dificulta su b\u00fasqueda y lleva mucho tiempo. Las tapas de v\u00e1lvulas y alcantarillas suelen perderse despu\u00e9s de realizar obras en el suelo, repavimentar o tras fuertes nevadas. Los mojones enterrados tambi\u00e9n pueden ser dif\u00edciles de encontrar.<\/p>","protected":false},"featured_media":402,"template":"","meta":{"_et_pb_use_builder":"","_et_pb_old_content":"","_et_gb_content_width":""},"product_brand":[],"product_cat":[53,76],"product_tag":[],"class_list":{"0":"post-401","1":"product","2":"type-product","3":"status-publish","4":"has-post-thumbnail","6":"product_cat-line-locating","7":"product_cat-vivax-metrotech-locators","9":"first","10":"instock","11":"taxable","12":"shipping-taxable","13":"product-type-simple"},"_links":{"self":[{"href":"https:\/\/proline-global.com\/es\/wp-json\/wp\/v2\/product\/401","targetHints":{"allow":["GET"]}}],"collection":[{"href":"https:\/\/proline-global.com\/es\/wp-json\/wp\/v2\/product"}],"about":[{"href":"https:\/\/proline-global.com\/es\/wp-json\/wp\/v2\/types\/product"}],"wp:featuredmedia":[{"embeddable":true,"href":"https:\/\/proline-global.com\/es\/wp-json\/wp\/v2\/media\/402"}],"wp:attachment":[{"href":"https:\/\/proline-global.com\/es\/wp-json\/wp\/v2\/media?parent=401"}],"wp:term":[{"taxonomy":"product_brand","embeddable":true,"href":"https:\/\/proline-global.com\/es\/wp-json\/wp\/v2\/product_brand?post=401"},{"taxonomy":"product_cat","embeddable":true,"href":"https:\/\/proline-global.com\/es\/wp-json\/wp\/v2\/product_cat?post=401"},{"taxonomy":"product_tag","embeddable":true,"href":"https:\/\/proline-global.com\/es\/wp-json\/wp\/v2\/product_tag?post=401"}],"curies":[{"name":"wp","href":"https:\/\/api.w.org\/{rel}","templated":true}]}}