{"id":410,"date":"2018-07-19T10:14:08","date_gmt":"2018-07-19T10:14:08","guid":{"rendered":"https:\/\/proline-global.com\/?post_type=product&#038;p=410"},"modified":"2020-10-07T15:23:28","modified_gmt":"2020-10-07T15:23:28","slug":"vm-550-locator","status":"publish","type":"product","link":"https:\/\/proline-global.com\/es\/producto\/vm-550-locator\/","title":{"rendered":"Localizador VM-550"},"content":{"rendered":"<p>En<em><strong>\u00a0VM-550\u00a0<\/strong><\/em>El localizador de tuber\u00edas y cables es un localizador de uso general que se utiliza para detectar servicios de tuber\u00edas y cables enterrados en diversas situaciones. El <strong><em>VM-550\u00a0<\/em><\/strong>ha logrado un dise\u00f1o compacto y ligero sin comprometer la resistencia y el rendimiento.<\/p>\n<p>Con una selecci\u00f3n de frecuencias pasivas de localizaci\u00f3n de potencia y activas de 8 kHz y 83 kHz, el\u00a0<strong><em>VM-550\u00a0<\/em><\/strong>est\u00e1 dise\u00f1ado para satisfacer los requisitos de quienes desean detectar la presencia de cables de alimentaci\u00f3n activos y tambi\u00e9n desean rastrear distancias cortas. Resulta especialmente \u00fatil para ayudar a detectar y rastrear cables de bajada de corta distancia.<\/p>\n<p>&nbsp;<\/p>\n<p><strong>Caracter\u00edsticas:<\/strong><\/p>\n<p>&nbsp;<\/p>\n<ul>\n<li>Potencia pasiva y 3 frecuencias activas<\/li>\n<li>Potencia (50 o 60 Hz), 8 kHz, 83 kHz<\/li>\n<li>Respuesta de pico de antena doble<\/li>\n<li>Pantalla sensible de alto contraste<\/li>\n<li>Sencillo mando de cuatro botones<\/li>\n<li>Control de ganancia de un toque con incrementos manuales.<\/li>\n<li>Estimaci\u00f3n de profundidad con un solo toque. (sistema imperial o m\u00e9trico)<\/li>\n<li>Tubo de antena de fibra de carbono<\/li>\n<li>Grado de protecci\u00f3n IP54<\/li>\n<li>Indicaci\u00f3n ac\u00fastica y visual<\/li>\n<li>S\u00f3lo 2 pilas AA<\/li>\n<li>Control continuo de la bater\u00eda<\/li>\n<\/ul>","protected":false},"excerpt":{"rendered":"<p>El localizador de tuber\u00edas y cables VM-550 es un localizador de uso general utilizado para detectar tuber\u00edas y cables enterrados en diversas situaciones. El VM-550 ha conseguido un dise\u00f1o compacto y ligero sin comprometer la resistencia y el rendimiento.<\/p>","protected":false},"featured_media":411,"template":"","meta":{"_et_pb_use_builder":"","_et_pb_old_content":"","_et_gb_content_width":""},"product_brand":[],"product_cat":[53,76],"product_tag":[],"class_list":{"0":"post-410","1":"product","2":"type-product","3":"status-publish","4":"has-post-thumbnail","6":"product_cat-line-locating","7":"product_cat-vivax-metrotech-locators","9":"first","10":"instock","11":"taxable","12":"shipping-taxable","13":"product-type-simple"},"_links":{"self":[{"href":"https:\/\/proline-global.com\/es\/wp-json\/wp\/v2\/product\/410","targetHints":{"allow":["GET"]}}],"collection":[{"href":"https:\/\/proline-global.com\/es\/wp-json\/wp\/v2\/product"}],"about":[{"href":"https:\/\/proline-global.com\/es\/wp-json\/wp\/v2\/types\/product"}],"wp:featuredmedia":[{"embeddable":true,"href":"https:\/\/proline-global.com\/es\/wp-json\/wp\/v2\/media\/411"}],"wp:attachment":[{"href":"https:\/\/proline-global.com\/es\/wp-json\/wp\/v2\/media?parent=410"}],"wp:term":[{"taxonomy":"product_brand","embeddable":true,"href":"https:\/\/proline-global.com\/es\/wp-json\/wp\/v2\/product_brand?post=410"},{"taxonomy":"product_cat","embeddable":true,"href":"https:\/\/proline-global.com\/es\/wp-json\/wp\/v2\/product_cat?post=410"},{"taxonomy":"product_tag","embeddable":true,"href":"https:\/\/proline-global.com\/es\/wp-json\/wp\/v2\/product_tag?post=410"}],"curies":[{"name":"wp","href":"https:\/\/api.w.org\/{rel}","templated":true}]}}