{"id":418,"date":"2018-07-19T10:25:29","date_gmt":"2018-07-19T10:25:29","guid":{"rendered":"https:\/\/proline-global.com\/?post_type=product&#038;p=418"},"modified":"2020-06-29T17:30:54","modified_gmt":"2020-06-29T17:30:54","slug":"metrotech-810-classic","status":"publish","type":"product","link":"https:\/\/proline-global.com\/es\/producto\/metrotech-810-classic\/","title":{"rendered":"Metrotech 810 Classic (s\u00f3lo reparaciones)"},"content":{"rendered":"<p>El rastreador de l\u00edneas 810 RF ofrece funciones avanzadas y autom\u00e1ticas que garantizan la mejor identificaci\u00f3n y rastreo posibles de tuber\u00edas o cables met\u00e1licos continuos, l\u00edneas de distribuci\u00f3n de agua y gas, localizaci\u00f3n inductiva y b\u00fasqueda a ciegas.<\/p>\n<p>La se\u00f1al de alta frecuencia es capaz de saltar aislantes y juntas de goma que se encuentran en los sistemas de agua y gas.<\/p>\n<p>Adem\u00e1s, la unidad est\u00e1 dise\u00f1ada para minimizar las interferencias el\u00e9ctricas.<\/p>\n<p><strong><br \/>\nCaracter\u00edsticas:<\/strong><\/p>\n<p>&nbsp;<\/p>\n<ul>\n<li>Aisladores y juntas para saltos de alta frecuencia<\/li>\n<li>Excelente localizaci\u00f3n inductiva, directa, pinza<\/li>\n<li>Le ahorra tiempo: Pico \/ Nulo simult\u00e1neos<\/li>\n<li>Te muestra el camino - Sistema de gu\u00eda izquierda \/ derecha y tono audible<\/li>\n<li>Localiza tu servicio e indica la intensidad de la se\u00f1al transmitida - Intensidad de se\u00f1al digital<\/li>\n<li>Sin ajustes manuales de ganancia: totalmente autom\u00e1tico<\/li>\n<li>Determina la profundidad: pulsador de profundidad r\u00e1pido y sencillo<\/li>\n<li>Ligero y con todas las lecturas en l\u00ednea visual, lo que reduce la fatiga del usuario.<\/li>\n<\/ul>\n<p>V\u00e9ase Versi\u00f3n mejorada:<a href=\"https:\/\/proline-global.com\/es\/producto\/vm-810-locator\/\"> VM-810<\/a><\/p>","protected":false},"excerpt":{"rendered":"<p>El rastreador de l\u00edneas 810 RF ofrece funciones avanzadas y autom\u00e1ticas que garantizan la mejor identificaci\u00f3n y rastreo posibles de tuber\u00edas o cables met\u00e1licos continuos, l\u00edneas de distribuci\u00f3n de agua y gas, localizaci\u00f3n inductiva y b\u00fasqueda a ciegas.<\/p>","protected":false},"featured_media":419,"template":"","meta":{"_et_pb_use_builder":"","_et_pb_old_content":"","_et_gb_content_width":""},"product_brand":[],"product_cat":[53,77],"product_tag":[],"class_list":{"0":"post-418","1":"product","2":"type-product","3":"status-publish","4":"has-post-thumbnail","6":"product_cat-line-locating","7":"product_cat-metrotech-locators","9":"first","10":"instock","11":"taxable","12":"shipping-taxable","13":"product-type-simple"},"_links":{"self":[{"href":"https:\/\/proline-global.com\/es\/wp-json\/wp\/v2\/product\/418","targetHints":{"allow":["GET"]}}],"collection":[{"href":"https:\/\/proline-global.com\/es\/wp-json\/wp\/v2\/product"}],"about":[{"href":"https:\/\/proline-global.com\/es\/wp-json\/wp\/v2\/types\/product"}],"wp:featuredmedia":[{"embeddable":true,"href":"https:\/\/proline-global.com\/es\/wp-json\/wp\/v2\/media\/419"}],"wp:attachment":[{"href":"https:\/\/proline-global.com\/es\/wp-json\/wp\/v2\/media?parent=418"}],"wp:term":[{"taxonomy":"product_brand","embeddable":true,"href":"https:\/\/proline-global.com\/es\/wp-json\/wp\/v2\/product_brand?post=418"},{"taxonomy":"product_cat","embeddable":true,"href":"https:\/\/proline-global.com\/es\/wp-json\/wp\/v2\/product_cat?post=418"},{"taxonomy":"product_tag","embeddable":true,"href":"https:\/\/proline-global.com\/es\/wp-json\/wp\/v2\/product_tag?post=418"}],"curies":[{"name":"wp","href":"https:\/\/api.w.org\/{rel}","templated":true}]}}