{"id":420,"date":"2018-07-19T10:27:50","date_gmt":"2018-07-19T10:27:50","guid":{"rendered":"https:\/\/proline-global.com\/?post_type=product&#038;p=420"},"modified":"2018-07-19T10:27:50","modified_gmt":"2018-07-19T10:27:50","slug":"tracer-wire","status":"publish","type":"product","link":"https:\/\/proline-global.com\/es\/producto\/tracer-wire\/","title":{"rendered":"Alambre trazador"},"content":{"rendered":"","protected":false},"excerpt":{"rendered":"<p>Adecuado para el enterrado directo con o dentro de tuber\u00edas de pl\u00e1stico para facilitar la detecci\u00f3n y el rastreo de sistemas de tuber\u00edas subterr\u00e1neas. Un localizador de tuber\u00edas puede detectar el cable met\u00e1lico enterrado y la tuber\u00eda de pl\u00e1stico adyacente. Calibre 12 (800 metros\/bobina) Calibre 14 (800 metros\/bobina)<\/p>","protected":false},"featured_media":421,"template":"","meta":{"_et_pb_use_builder":"","_et_pb_old_content":"","_et_gb_content_width":""},"product_brand":[],"product_cat":[53,78],"product_tag":[],"class_list":{"0":"post-420","1":"product","2":"type-product","3":"status-publish","4":"has-post-thumbnail","6":"product_cat-line-locating","7":"product_cat-locator-accessories","9":"first","10":"instock","11":"taxable","12":"shipping-taxable","13":"product-type-simple"},"_links":{"self":[{"href":"https:\/\/proline-global.com\/es\/wp-json\/wp\/v2\/product\/420","targetHints":{"allow":["GET"]}}],"collection":[{"href":"https:\/\/proline-global.com\/es\/wp-json\/wp\/v2\/product"}],"about":[{"href":"https:\/\/proline-global.com\/es\/wp-json\/wp\/v2\/types\/product"}],"wp:featuredmedia":[{"embeddable":true,"href":"https:\/\/proline-global.com\/es\/wp-json\/wp\/v2\/media\/421"}],"wp:attachment":[{"href":"https:\/\/proline-global.com\/es\/wp-json\/wp\/v2\/media?parent=420"}],"wp:term":[{"taxonomy":"product_brand","embeddable":true,"href":"https:\/\/proline-global.com\/es\/wp-json\/wp\/v2\/product_brand?post=420"},{"taxonomy":"product_cat","embeddable":true,"href":"https:\/\/proline-global.com\/es\/wp-json\/wp\/v2\/product_cat?post=420"},{"taxonomy":"product_tag","embeddable":true,"href":"https:\/\/proline-global.com\/es\/wp-json\/wp\/v2\/product_tag?post=420"}],"curies":[{"name":"wp","href":"https:\/\/api.w.org\/{rel}","templated":true}]}}