{"id":4302,"date":"2019-10-15T15:49:16","date_gmt":"2019-10-15T15:49:16","guid":{"rendered":"https:\/\/proline-global.com\/?post_type=product&#038;p=4302"},"modified":"2024-11-27T18:40:24","modified_gmt":"2024-11-27T18:40:24","slug":"proline-adjustable-16-48-hd-horizontal-roller","status":"publish","type":"product","link":"https:\/\/proline-global.com\/es\/producto\/proline-adjustable-16-48-hd-horizontal-roller\/","title":{"rendered":"Rodillo horizontal HD 16\u2033-48\u2033 ajustable Proline"},"content":{"rendered":"<p>[et_pb_section fb_built=&#8221;1&#8243; specialty=&#8221;on&#8221; _builder_version=&#8221;4.26.0&#8243; _module_preset=&#8221;default&#8221; width=&#8221;100%&#8221; inner_width=&#8221;100%&#8221; custom_margin=&#8221;||||false|true&#8221; custom_margin_tablet=&#8221;|0px||0px|false|true&#8221; custom_margin_phone=&#8221;|0px||0px|false|true&#8221; custom_margin_last_edited=&#8221;off|desktop&#8221; custom_padding=&#8221;0px||0px||false|false&#8221; global_colors_info=&#8221;{}&#8221; custom_margin__hover_enabled=&#8221;off|desktop&#8221;][et_pb_column type=&#8221;1_2&#8243; _builder_version=&#8221;4.16&#8243; custom_padding=&#8221;|||&#8221; global_colors_info=&#8221;{}&#8221; custom_padding__hover=&#8221;|||&#8221;][et_pb_wc_images _builder_version=&#8221;4.26.0&#8243; custom_margin=&#8221;||||true|false&#8221; custom_padding=&#8221;||||false|false&#8221; global_colors_info=&#8221;{}&#8221;][\/et_pb_wc_images][\/et_pb_column][et_pb_column type=&#8221;1_2&#8243; specialty_columns=&#8221;2&#8243; _builder_version=&#8221;4.16&#8243; custom_padding=&#8221;|||&#8221; global_colors_info=&#8221;{}&#8221; custom_padding__hover=&#8221;|||&#8221;][et_pb_row_inner _builder_version=&#8221;4.26.0&#8243; _module_preset=&#8221;default&#8221; global_colors_info=&#8221;{}&#8221;][et_pb_column_inner saved_specialty_column_type=&#8221;1_2&#8243; _builder_version=&#8221;4.26.0&#8243; _module_preset=&#8221;default&#8221; global_colors_info=&#8221;{}&#8221;][et_pb_wc_title _builder_version=&#8221;4.26.0&#8243; _module_preset=&#8221;default&#8221; global_colors_info=&#8221;{}&#8221;][\/et_pb_wc_title][et_pb_tabs _builder_version=&#8221;4.26.0&#8243; _module_preset=&#8221;default&#8221; tab_font_size=&#8221;15px&#8221; global_colors_info=&#8221;{}&#8221;][et_pb_tab title=&#8221;Product Overview&#8221; _builder_version=&#8221;4.26.0&#8243; _module_preset=&#8221;default&#8221; global_colors_info=&#8221;{}&#8221;]<\/p>\n<p>Heavy duty urethane rollers to help protect coatings on large diameter pipe during river\/road crossing installations.<\/p>\n<p>&nbsp;<\/p>\n<ul>\n<li>Load Capacity: 50,000 lbs.<\/li>\n<li>Angled iron pockets for ease of stacking.<\/li>\n<li>Fork lift pockets for positioning under pipe and loading on flatbed from all sides.<\/li>\n<li>2 lifting eyes.<\/li>\n<li>Wide footprint.<\/li>\n<li>Low ground profile.<\/li>\n<li>Easily adjustable for different pipe sizes.<\/li>\n<li>Dimensions: 69-1\/4&#8243; X 37 1\/4&#8243; X 26 1\/4&#8243;.<\/li>\n<li>Weight: 1,605 lbs.<\/li>\n<\/ul>\n<p>[\/et_pb_tab][\/et_pb_tabs][\/et_pb_column_inner][\/et_pb_row_inner][et_pb_row_inner _builder_version=&#8221;4.26.0&#8243; _module_preset=&#8221;default&#8221; custom_padding=&#8221;0px||||false|false&#8221; global_colors_info=&#8221;{}&#8221;][et_pb_column_inner saved_specialty_column_type=&#8221;1_2&#8243; _builder_version=&#8221;4.26.0&#8243; _module_preset=&#8221;default&#8221; global_colors_info=&#8221;{}&#8221;][et_pb_button button_url=&#8221;https:\/\/proline-global.com\/wp-content\/uploads\/2024\/11\/CAD-16-48-Horizontal-Tandem-Roller-Assembly.pdf&#8221; button_text=&#8221;Product Data Sheet&#8221; button_alignment=&#8221;center&#8221; _builder_version=&#8221;4.26.0&#8243; _module_preset=&#8221;default&#8221; custom_button=&#8221;on&#8221; button_bg_use_color_gradient=&#8221;on&#8221; button_bg_color_gradient_stops=&#8221;#ffbd00 0%|#e09900 100%&#8221; button_border_radius=&#8221;10px&#8221; hover_enabled=&#8221;0&#8243; global_colors_info=&#8221;{}&#8221; url_new_window=&#8221;on&#8221; sticky_enabled=&#8221;0&#8243;][\/et_pb_button][\/et_pb_column_inner][\/et_pb_row_inner][\/et_pb_column][\/et_pb_section][et_pb_section fb_built=&#8221;1&#8243; _builder_version=&#8221;4.26.0&#8243; _module_preset=&#8221;default&#8221; max_height=&#8221;350px&#8221; custom_padding=&#8221;0px||0px||true|false&#8221; global_colors_info=&#8221;{}&#8221;][et_pb_row _builder_version=&#8221;4.26.0&#8243; _module_preset=&#8221;default&#8221; height=&#8221;350px&#8221; max_height=&#8221;350px&#8221; global_colors_info=&#8221;{}&#8221;][et_pb_column type=&#8221;4_4&#8243; _builder_version=&#8221;4.26.0&#8243; _module_preset=&#8221;default&#8221; global_colors_info=&#8221;{}&#8221;][et_pb_wc_related_products orderby=&#8221;menu_order&#8221; _builder_version=&#8221;4.26.0&#8243; _module_preset=&#8221;default&#8221; global_colors_info=&#8221;{}&#8221;][\/et_pb_wc_related_products][\/et_pb_column][\/et_pb_row][\/et_pb_section]<\/p>\n","protected":false},"excerpt":{"rendered":"<p>Rodillos de uretano de alta resistencia para ayudar a proteger los revestimientos en tuber\u00edas de gran di\u00e1metro durante las instalaciones de cruce de r\u00edos\/carreteras.<\/p>\n<p><strong>P\/N: ROLLERHPHD1648PRO<\/strong><\/p>","protected":false},"featured_media":4306,"template":"","meta":{"_et_pb_use_builder":"on","_et_pb_old_content":"Heavy duty urethane rollers to help protect coatings on large diameter pipe during river\/road crossing installations.\r\n<ul>\r\n \t<li>Load Capacity: 50,000 lbs<\/li>\r\n \t<li>Angled iron pockets for ease of stacking.<\/li>\r\n \t<li>Fork lift pockets for positioning under pipe and loading on flatbed from all sides. \u00a02 lifting eyes.<\/li>\r\n \t<li>2 lifting eyes<\/li>\r\n \t<li>Wide footprint<\/li>\r\n \t<li>Low ground profile<\/li>\r\n \t<li>Easily adjustable for different pipe sizes<\/li>\r\n \t<li>Dimensions: 69-1\/4\" X 37 1\/4\" X 26 1\/4\"<\/li>\r\n \t<li>Weight: 1,605 lbs<\/li>\r\n<\/ul>","_et_gb_content_width":""},"product_brand":[],"product_cat":[46,101],"product_tag":[],"class_list":{"0":"post-4302","1":"product","2":"type-product","3":"status-publish","4":"has-post-thumbnail","6":"product_cat-products","7":"product_cat-horizontal-pipe-rollers","9":"first","10":"instock","11":"taxable","12":"shipping-taxable","13":"product-type-simple"},"_links":{"self":[{"href":"https:\/\/proline-global.com\/es\/wp-json\/wp\/v2\/product\/4302","targetHints":{"allow":["GET"]}}],"collection":[{"href":"https:\/\/proline-global.com\/es\/wp-json\/wp\/v2\/product"}],"about":[{"href":"https:\/\/proline-global.com\/es\/wp-json\/wp\/v2\/types\/product"}],"wp:featuredmedia":[{"embeddable":true,"href":"https:\/\/proline-global.com\/es\/wp-json\/wp\/v2\/media\/4306"}],"wp:attachment":[{"href":"https:\/\/proline-global.com\/es\/wp-json\/wp\/v2\/media?parent=4302"}],"wp:term":[{"taxonomy":"product_brand","embeddable":true,"href":"https:\/\/proline-global.com\/es\/wp-json\/wp\/v2\/product_brand?post=4302"},{"taxonomy":"product_cat","embeddable":true,"href":"https:\/\/proline-global.com\/es\/wp-json\/wp\/v2\/product_cat?post=4302"},{"taxonomy":"product_tag","embeddable":true,"href":"https:\/\/proline-global.com\/es\/wp-json\/wp\/v2\/product_tag?post=4302"}],"curies":[{"name":"wp","href":"https:\/\/api.w.org\/{rel}","templated":true}]}}