{"id":432,"date":"2018-07-19T10:38:32","date_gmt":"2018-07-19T10:38:32","guid":{"rendered":"https:\/\/proline-global.com\/?post_type=product&#038;p=432"},"modified":"2018-07-19T10:38:32","modified_gmt":"2018-07-19T10:38:32","slug":"a-frames","status":"publish","type":"product","link":"https:\/\/proline-global.com\/es\/producto\/a-frames\/","title":{"rendered":"Marcos A"},"content":{"rendered":"<p>El accesorio de bastidor en A se utiliza para detectar fallos a tierra en tuber\u00edas y cables. En el caso de las tuber\u00edas, los fallos consisten en defectos del revestimiento. En el caso de los cables, los fallos suelen deberse a da\u00f1os en el aislamiento que permiten que la cubierta met\u00e1lica (o el conductor interno) entre en contacto con el suelo.<\/p>","protected":false},"excerpt":{"rendered":"<p>El accesorio de bastidor en A se utiliza para detectar defectos a tierra en tuber\u00edas y cables.<\/p>","protected":false},"featured_media":434,"template":"","meta":{"_et_pb_use_builder":"","_et_pb_old_content":"","_et_gb_content_width":""},"product_brand":[],"product_cat":[53,78],"product_tag":[],"class_list":{"0":"post-432","1":"product","2":"type-product","3":"status-publish","4":"has-post-thumbnail","6":"product_cat-line-locating","7":"product_cat-locator-accessories","9":"first","10":"instock","11":"taxable","12":"shipping-taxable","13":"product-type-simple"},"_links":{"self":[{"href":"https:\/\/proline-global.com\/es\/wp-json\/wp\/v2\/product\/432","targetHints":{"allow":["GET"]}}],"collection":[{"href":"https:\/\/proline-global.com\/es\/wp-json\/wp\/v2\/product"}],"about":[{"href":"https:\/\/proline-global.com\/es\/wp-json\/wp\/v2\/types\/product"}],"wp:featuredmedia":[{"embeddable":true,"href":"https:\/\/proline-global.com\/es\/wp-json\/wp\/v2\/media\/434"}],"wp:attachment":[{"href":"https:\/\/proline-global.com\/es\/wp-json\/wp\/v2\/media?parent=432"}],"wp:term":[{"taxonomy":"product_brand","embeddable":true,"href":"https:\/\/proline-global.com\/es\/wp-json\/wp\/v2\/product_brand?post=432"},{"taxonomy":"product_cat","embeddable":true,"href":"https:\/\/proline-global.com\/es\/wp-json\/wp\/v2\/product_cat?post=432"},{"taxonomy":"product_tag","embeddable":true,"href":"https:\/\/proline-global.com\/es\/wp-json\/wp\/v2\/product_tag?post=432"}],"curies":[{"name":"wp","href":"https:\/\/api.w.org\/{rel}","templated":true}]}}