{"id":435,"date":"2018-07-19T10:40:24","date_gmt":"2018-07-19T10:40:24","guid":{"rendered":"https:\/\/proline-global.com\/?post_type=product&#038;p=435"},"modified":"2018-07-19T10:40:25","modified_gmt":"2018-07-19T10:40:25","slug":"connection-leads","status":"publish","type":"product","link":"https:\/\/proline-global.com\/es\/producto\/connection-leads\/","title":{"rendered":"Cables de conexi\u00f3n"},"content":{"rendered":"<p>Permite conectar el transmisor a una l\u00ednea mediante el m\u00e9todo de conexi\u00f3n directa.<\/p>","protected":false},"excerpt":{"rendered":"<p>Permite conectar el transmisor a una l\u00ednea mediante el m\u00e9todo de conexi\u00f3n directa.<\/p>","protected":false},"featured_media":436,"template":"","meta":{"_et_pb_use_builder":"","_et_pb_old_content":"","_et_gb_content_width":""},"product_brand":[],"product_cat":[53,78],"product_tag":[],"class_list":{"0":"post-435","1":"product","2":"type-product","3":"status-publish","4":"has-post-thumbnail","6":"product_cat-line-locating","7":"product_cat-locator-accessories","9":"first","10":"instock","11":"taxable","12":"shipping-taxable","13":"product-type-simple"},"_links":{"self":[{"href":"https:\/\/proline-global.com\/es\/wp-json\/wp\/v2\/product\/435","targetHints":{"allow":["GET"]}}],"collection":[{"href":"https:\/\/proline-global.com\/es\/wp-json\/wp\/v2\/product"}],"about":[{"href":"https:\/\/proline-global.com\/es\/wp-json\/wp\/v2\/types\/product"}],"wp:featuredmedia":[{"embeddable":true,"href":"https:\/\/proline-global.com\/es\/wp-json\/wp\/v2\/media\/436"}],"wp:attachment":[{"href":"https:\/\/proline-global.com\/es\/wp-json\/wp\/v2\/media?parent=435"}],"wp:term":[{"taxonomy":"product_brand","embeddable":true,"href":"https:\/\/proline-global.com\/es\/wp-json\/wp\/v2\/product_brand?post=435"},{"taxonomy":"product_cat","embeddable":true,"href":"https:\/\/proline-global.com\/es\/wp-json\/wp\/v2\/product_cat?post=435"},{"taxonomy":"product_tag","embeddable":true,"href":"https:\/\/proline-global.com\/es\/wp-json\/wp\/v2\/product_tag?post=435"}],"curies":[{"name":"wp","href":"https:\/\/api.w.org\/{rel}","templated":true}]}}