{"id":5233,"date":"2020-06-30T14:43:33","date_gmt":"2020-06-30T14:43:33","guid":{"rendered":"https:\/\/proline-global.com\/?post_type=product&#038;p=5233"},"modified":"2024-10-01T17:18:51","modified_gmt":"2024-10-01T17:18:51","slug":"vcammx-2-mini-camera-system","status":"publish","type":"product","link":"https:\/\/proline-global.com\/es\/producto\/vcammx-2-mini-camera-system\/","title":{"rendered":"Sistema de minic\u00e1mara vCamMX-2"},"content":{"rendered":"<p>[et_pb_section fb_built=&#8221;1&#8243; _builder_version=&#8221;4.16&#8243; custom_padding=&#8221;0px||||false|false&#8221; global_colors_info=&#8221;{}&#8221;][et_pb_row _builder_version=&#8221;4.16&#8243; background_size=&#8221;initial&#8221; background_position=&#8221;top_left&#8221; background_repeat=&#8221;repeat&#8221; width=&#8221;100%&#8221; custom_padding=&#8221;0px||0px||false|false&#8221; global_colors_info=&#8221;{}&#8221;][et_pb_column type=&#8221;4_4&#8243; _builder_version=&#8221;4.16&#8243; custom_padding=&#8221;|||&#8221; global_colors_info=&#8221;{}&#8221; custom_padding__hover=&#8221;|||&#8221;][et_pb_wc_breadcrumb _builder_version=&#8221;4.16&#8243; global_colors_info=&#8221;{}&#8221;][\/et_pb_wc_breadcrumb][et_pb_wc_cart_notice _builder_version=&#8221;4.16&#8243; global_colors_info=&#8221;{}&#8221;][\/et_pb_wc_cart_notice][\/et_pb_column][\/et_pb_row][et_pb_row _builder_version=&#8221;4.16&#8243; background_size=&#8221;initial&#8221; background_position=&#8221;top_left&#8221; background_repeat=&#8221;repeat&#8221; width=&#8221;100%&#8221; custom_padding=&#8221;0px||||false|false&#8221; global_colors_info=&#8221;{}&#8221; column_structure=&#8221;1_2,1_2&#8243;][et_pb_column type=&#8221;1_2&#8243; _builder_version=&#8221;4.16&#8243; custom_padding=&#8221;|||&#8221; global_colors_info=&#8221;{}&#8221; custom_padding__hover=&#8221;|||&#8221;][et_pb_wc_images _builder_version=&#8221;4.16&#8243; global_colors_info=&#8221;{}&#8221;][\/et_pb_wc_images][\/et_pb_column][et_pb_column type=&#8221;1_2&#8243; _builder_version=&#8221;4.16&#8243; custom_padding=&#8221;|||&#8221; global_colors_info=&#8221;{}&#8221; custom_padding__hover=&#8221;|||&#8221;][et_pb_wc_title _builder_version=&#8221;4.16&#8243; global_colors_info=&#8221;{}&#8221;][\/et_pb_wc_title][et_pb_wc_rating _builder_version=&#8221;4.16&#8243; global_colors_info=&#8221;{}&#8221;][\/et_pb_wc_rating][et_pb_wc_price _builder_version=&#8221;4.16&#8243; global_colors_info=&#8221;{}&#8221;][\/et_pb_wc_price][et_pb_wc_description _builder_version=&#8221;4.16&#8243; global_colors_info=&#8221;{}&#8221;][\/et_pb_wc_description][et_pb_wc_add_to_cart _builder_version=&#8221;4.16&#8243; global_colors_info=&#8221;{}&#8221;][\/et_pb_wc_add_to_cart][et_pb_wc_meta _builder_version=&#8221;4.16&#8243; global_colors_info=&#8221;{}&#8221;][\/et_pb_wc_meta][\/et_pb_column][\/et_pb_row][et_pb_row _builder_version=&#8221;4.16&#8243; background_size=&#8221;initial&#8221; background_position=&#8221;top_left&#8221; background_repeat=&#8221;repeat&#8221; width=&#8221;100%&#8221; global_colors_info=&#8221;{}&#8221;][et_pb_column type=&#8221;4_4&#8243; _builder_version=&#8221;4.16&#8243; custom_padding=&#8221;|||&#8221; global_colors_info=&#8221;{}&#8221; custom_padding__hover=&#8221;|||&#8221;][et_pb_wc_tabs _builder_version=&#8221;4.16&#8243; global_colors_info=&#8221;{}&#8221;]\t\t\t\t\t[\/et_pb_wc_tabs][et_pb_wc_upsells _builder_version=&#8221;4.16&#8243; global_colors_info=&#8221;{}&#8221;][\/et_pb_wc_upsells][et_pb_wc_related_products _builder_version=&#8221;4.16&#8243; global_colors_info=&#8221;{}&#8221;][\/et_pb_wc_related_products][\/et_pb_column][\/et_pb_row][\/et_pb_section][et_pb_section fb_built=&#8221;1&#8243; _builder_version=&#8221;4.16&#8243; global_colors_info=&#8221;{}&#8221;][et_pb_row _builder_version=&#8221;4.16&#8243; background_size=&#8221;initial&#8221; background_position=&#8221;top_left&#8221; background_repeat=&#8221;repeat&#8221; global_colors_info=&#8221;{}&#8221;][et_pb_column type=&#8221;4_4&#8243; _builder_version=&#8221;4.16&#8243; custom_padding=&#8221;|||&#8221; global_colors_info=&#8221;{}&#8221; custom_padding__hover=&#8221;|||&#8221;][et_pb_text _builder_version=&#8221;4.16&#8243; global_colors_info=&#8221;{}&#8221;]<\/p>\n<section id=\"overview\">\n<div class=\"container\">\n<div class=\"row\">\n<div class=\"col-md-8 col-md-offset-2\">\n<p>The Type-MX reels are made of stainless steel tubular construction with a lightweight rugged carbon fiber pushrod drum. The multi angle LCD and frame which can be used in an upright or horizontal position is usable in tight confined space use, entering vents from rooftops stores easily in most utility vehicle compartments. The pushrod is traceable with the use of a utility locater transmitter and comes with a three frequency built-in locatable sonde.<\/p>\n<p>Two user interchangeable camera heads fit the Type-MX reel giving the user flexibility to handle lines from one to four inches. The system is available in 100 and 150-foot lengths.<\/p>\n<p>&nbsp;<\/p>\n<\/div>\n<\/div>\n<div class=\"row\">\n<div class=\"col-md-10 col-md-offset-1\">\n<div class=\"proview_img\"><img decoding=\"async\" class=\"overflowImage\" src=\"https:\/\/www.vivax-metrotech.com\/wp-content\/uploads\/2018\/06\/vCamMX-2-Overview-01-1.png\" \/><\/div>\n<\/div>\n<\/div>\n<\/div>\n<\/section>\n<section id=\"keyfeatures\">\n<div class=\"keyfeature\">\n<div class=\"container\">\n<div class=\"row\">\n<div class=\"col-md-6\">\n<div class=\"keyfea_txt\">\n<h2 class=\"keyFeatures\">Key Features<\/h2>\n<ul>\n<li>File renaming<\/li>\n<li>Eight-inch daylight viewable LCD<\/li>\n<li>5-watt 512Hz, 640Hz and 33kHz Sonde<\/li>\n<li>Traceable pushrod<\/li>\n<li>One touch recording to USB thumb drive<\/li>\n<li>Two times digital zoom for up close-up viewing<\/li>\n<li>AC\/DC operation with rechargeable internal battery<\/li>\n<li>Audio commenting through the internal or external microphone<\/li>\n<li>Multi-color and position on screen display (distance, date and time)<\/li>\n<\/ul>\n<\/div>\n<\/div>\n<div class=\"col-md-6\">\n<div class=\"keyfea_images\"><img decoding=\"async\" src=\"https:\/\/www.vivax-metrotech.com\/wp-content\/uploads\/2018\/06\/vCamMX-Key-Features.jpg\" \/><\/div>\n<\/div>\n<\/div>\n<\/div>\n<\/div>\n<\/section>\n<p>[\/et_pb_text][et_pb_button button_url=&#8221;https:\/\/proline-global.com\/wp-content\/uploads\/2020\/11\/vCamMX-2-Inspection-System-Sales-Sheet-VXMT-Eng-V1.3-8.5X11inch-20191121.pdf&#8221; url_new_window=&#8221;on&#8221; button_text=&#8221;Sales Brochure&#8221; button_alignment=&#8221;center&#8221; _builder_version=&#8221;4.16&#8243; custom_button=&#8221;on&#8221; button_text_color=&#8221;#000000&#8243; button_bg_color=&#8221;#e09900&#8243; button_border_width=&#8221;0px&#8221; button_border_radius=&#8221;0px&#8221; vertical_offset_tablet=&#8221;0&#8243; horizontal_offset_tablet=&#8221;0&#8243; z_index_tablet=&#8221;0&#8243; button_text_shadow_horizontal_length_tablet=&#8221;0px&#8221; button_text_shadow_vertical_length_tablet=&#8221;0px&#8221; button_text_shadow_blur_strength_tablet=&#8221;1px&#8221; box_shadow_horizontal_tablet=&#8221;0px&#8221; box_shadow_vertical_tablet=&#8221;0px&#8221; box_shadow_blur_tablet=&#8221;40px&#8221; box_shadow_spread_tablet=&#8221;0px&#8221; global_colors_info=&#8221;{}&#8221;][\/et_pb_button][\/et_pb_column][\/et_pb_row][\/et_pb_section]<\/p>\n","protected":false},"excerpt":{"rendered":"<p>En\u00a0<strong>vCamMX-2<\/strong>\u00a0El minisistema de inspecci\u00f3n todo en uno le ofrece la flexibilidad necesaria para cubrir una amplia gama de inspecciones, incluidas las l\u00edneas de desag\u00fce interiores, la fontaner\u00eda residencial, las l\u00edneas comerciales interiores y las l\u00edneas laterales de hasta cuatro pulgadas de di\u00e1metro. El\u00a0<strong>vCamMX-2<\/strong>\u00a0est\u00e1 dise\u00f1ado y fabricado teniendo en cuenta las necesidades de los contratistas de fontaner\u00eda. La \u00faltima tecnolog\u00eda en im\u00e1genes y grabaci\u00f3n se empaquetan en una robusta carcasa moldeada por inyecci\u00f3n ABS montado en el marco de acero inoxidable se hace espec\u00edficamente para las condiciones m\u00e1s duras.<\/p>","protected":false},"featured_media":5234,"template":"","meta":{"_et_pb_use_builder":"on","_et_pb_old_content":"<section id=\"overview\">\r\n<div class=\"container\">\r\n<div class=\"row\">\r\n<div class=\"col-md-8 col-md-offset-2\">\r\n\r\nThe Type-MX reels are made of stainless steel tubular construction with a lightweight rugged carbon fiber pushrod drum. The multi angle LCD and frame which can be used in an upright or horizontal position is usable in tight confined space use, entering vents from rooftops stores easily in most utility vehicle compartments. The pushrod is traceable with the use of a utility locater transmitter and comes with a three frequency built-in locatable sonde.\r\n\r\nTwo user interchangeable camera heads fit the Type-MX reel giving the user flexibility to handle lines from one to four inches. The system is available in 100 and 150-foot lengths.\r\n\r\n<\/div>\r\n<\/div>\r\n<div class=\"row\">\r\n<div class=\"col-md-10 col-md-offset-1\">\r\n<div class=\"proview_img\"><img class=\"overflowImage\" src=\"https:\/\/www.vivax-metrotech.com\/wp-content\/uploads\/2018\/06\/vCamMX-2-Overview-01-1.png\" \/><\/div>\r\n<\/div>\r\n<\/div>\r\n<\/div>\r\n<\/section><section id=\"keyfeatures\">\r\n<div class=\"keyfeature\">\r\n<div class=\"container\">\r\n<div class=\"row\">\r\n<div class=\"col-md-6\">\r\n<div class=\"keyfea_txt\">\r\n<h2 class=\"keyFeatures\">Key Features<\/h2>\r\n<ul>\r\n \t<li>File renaming<\/li>\r\n \t<li>Eight-inch daylight viewable LCD<\/li>\r\n \t<li>5-watt 512Hz, 640Hz and 33kHz Sonde<\/li>\r\n \t<li>Traceable pushrod<\/li>\r\n \t<li>One touch recording to USB thumb drive<\/li>\r\n \t<li>Two times digital zoom for up close-up viewing<\/li>\r\n \t<li>AC\/DC operation with rechargeable internal battery<\/li>\r\n \t<li>Audio commenting through the internal or external microphone<\/li>\r\n \t<li>Multi-color and position on screen display (distance, date and time)<\/li>\r\n<\/ul>\r\n<\/div>\r\n<\/div>\r\n<div class=\"col-md-6\">\r\n<div class=\"keyfea_images\"><img src=\"https:\/\/www.vivax-metrotech.com\/wp-content\/uploads\/2018\/06\/vCamMX-Key-Features.jpg\" \/><\/div>\r\n<\/div>\r\n<\/div>\r\n<\/div>\r\n<\/div>\r\n<\/section>","_et_gb_content_width":""},"product_brand":[],"product_cat":[53,76],"product_tag":[],"class_list":{"0":"post-5233","1":"product","2":"type-product","3":"status-publish","4":"has-post-thumbnail","6":"product_cat-line-locating","7":"product_cat-vivax-metrotech-locators","9":"first","10":"instock","11":"taxable","12":"shipping-taxable","13":"product-type-simple"},"_links":{"self":[{"href":"https:\/\/proline-global.com\/es\/wp-json\/wp\/v2\/product\/5233","targetHints":{"allow":["GET"]}}],"collection":[{"href":"https:\/\/proline-global.com\/es\/wp-json\/wp\/v2\/product"}],"about":[{"href":"https:\/\/proline-global.com\/es\/wp-json\/wp\/v2\/types\/product"}],"wp:featuredmedia":[{"embeddable":true,"href":"https:\/\/proline-global.com\/es\/wp-json\/wp\/v2\/media\/5234"}],"wp:attachment":[{"href":"https:\/\/proline-global.com\/es\/wp-json\/wp\/v2\/media?parent=5233"}],"wp:term":[{"taxonomy":"product_brand","embeddable":true,"href":"https:\/\/proline-global.com\/es\/wp-json\/wp\/v2\/product_brand?post=5233"},{"taxonomy":"product_cat","embeddable":true,"href":"https:\/\/proline-global.com\/es\/wp-json\/wp\/v2\/product_cat?post=5233"},{"taxonomy":"product_tag","embeddable":true,"href":"https:\/\/proline-global.com\/es\/wp-json\/wp\/v2\/product_tag?post=5233"}],"curies":[{"name":"wp","href":"https:\/\/api.w.org\/{rel}","templated":true}]}}