{"id":538,"date":"2018-07-19T15:45:42","date_gmt":"2018-07-19T15:45:42","guid":{"rendered":"https:\/\/proline-global.com\/?post_type=product&#038;p=538"},"modified":"2024-11-29T17:39:40","modified_gmt":"2024-11-29T17:39:40","slug":"double-torch-holder","status":"publish","type":"product","link":"https:\/\/proline-global.com\/es\/producto\/double-torch-holder\/","title":{"rendered":"Porta linternas doble"},"content":{"rendered":"<p>[et_pb_section fb_built=&#8221;1&#8243; specialty=&#8221;on&#8221; _builder_version=&#8221;4.26.0&#8243; _module_preset=&#8221;default&#8221; width=&#8221;100%&#8221; inner_width=&#8221;100%&#8221; custom_margin=&#8221;||||false|true&#8221; custom_margin_tablet=&#8221;|0px||0px|false|true&#8221; custom_margin_phone=&#8221;|0px||0px|false|true&#8221; custom_margin_last_edited=&#8221;off|desktop&#8221; custom_padding=&#8221;0px||||false|false&#8221; global_colors_info=&#8221;{}&#8221; custom_margin__hover_enabled=&#8221;off|desktop&#8221;][et_pb_column type=&#8221;1_2&#8243; _builder_version=&#8221;4.16&#8243; custom_padding=&#8221;|||&#8221; global_colors_info=&#8221;{}&#8221; custom_padding__hover=&#8221;|||&#8221;][et_pb_wc_images _builder_version=&#8221;4.26.0&#8243; custom_margin=&#8221;||||true|false&#8221; custom_padding=&#8221;||||false|false&#8221; global_colors_info=&#8221;{}&#8221;][\/et_pb_wc_images][\/et_pb_column][et_pb_column type=&#8221;1_2&#8243; specialty_columns=&#8221;2&#8243; _builder_version=&#8221;4.16&#8243; custom_padding=&#8221;|||&#8221; global_colors_info=&#8221;{}&#8221; custom_padding__hover=&#8221;|||&#8221;][et_pb_row_inner _builder_version=&#8221;4.26.0&#8243; _module_preset=&#8221;default&#8221; global_colors_info=&#8221;{}&#8221;][et_pb_column_inner saved_specialty_column_type=&#8221;1_2&#8243; _builder_version=&#8221;4.26.0&#8243; _module_preset=&#8221;default&#8221; global_colors_info=&#8221;{}&#8221;][et_pb_wc_title _builder_version=&#8221;4.26.0&#8243; _module_preset=&#8221;default&#8221; global_colors_info=&#8221;{}&#8221;][\/et_pb_wc_title][et_pb_tabs _builder_version=&#8221;4.26.0&#8243; _module_preset=&#8221;default&#8221; tab_font_size=&#8221;15px&#8221; global_colors_info=&#8221;{}&#8221;][et_pb_tab title=&#8221;Product Overview&#8221; _builder_version=&#8221;4.26.0&#8243; _module_preset=&#8221;default&#8221; global_colors_info=&#8221;{}&#8221;]<\/p>\n<p>The Double Cut Torch Holder attachment fits all standard sizes of Band Crawlers as well as Compact and Quick Set Beveling Machines. With this innovative attachment, users can simultaneously carry two machine-type torches, doubling efficiency without sacrificing precision.<\/p>\n<p>The design allows for independent adjustments of height, lead, and degree of bevel, providing flexibility to tailor the cutting process to specific project requirements. Additionally, the spacing between torches can be adjusted to accommodate various pipe diameters and configurations, ensuring optimal performance in diverse applications. Crafted from rigid yet lightweight aluminum, this holder ensures durability and reliability without adding unnecessary bulk to the equipment.<\/p>\n<p>For added functionality, the Double Cut Torch Holder is available with the \u201cOut-of-Round\u201d feature, enabling users to tackle irregular pipe shapes with ease.<\/p>\n<p>[\/et_pb_tab][et_pb_tab title=&#8221;Features&#8221; _builder_version=&#8221;4.26.0&#8243; _module_preset=&#8221;default&#8221; global_colors_info=&#8221;{}&#8221;]<\/p>\n<ul>\n<li>Enables simultaneous carrying of two machine-type torches<\/li>\n<li>Allows independent height, lead, and degree of bevel adjustments<\/li>\n<li>Permits adjustment of spacing between torches<\/li>\n<li>Rigid, lightweight aluminum construction<\/li>\n<li>Available with \u201cOut-of-Round\u201d feature<\/li>\n<li>Available for either Compact or Quick-Set machines (Specify machine by type, model, size, and range)<\/li>\n<\/ul>\n<p>[\/et_pb_tab][\/et_pb_tabs][\/et_pb_column_inner][\/et_pb_row_inner][\/et_pb_column][\/et_pb_section][et_pb_section fb_built=&#8221;1&#8243; _builder_version=&#8221;4.26.0&#8243; _module_preset=&#8221;default&#8221; max_height=&#8221;350px&#8221; custom_padding=&#8221;0px||0px||true|false&#8221; global_colors_info=&#8221;{}&#8221;][et_pb_row _builder_version=&#8221;4.26.0&#8243; _module_preset=&#8221;default&#8221; height=&#8221;350px&#8221; max_height=&#8221;350px&#8221; global_colors_info=&#8221;{}&#8221;][et_pb_column type=&#8221;4_4&#8243; _builder_version=&#8221;4.26.0&#8243; _module_preset=&#8221;default&#8221; global_colors_info=&#8221;{}&#8221;][et_pb_wc_related_products posts_number=&#8221;3&#8243; columns_number=&#8221;3&#8243; orderby=&#8221;menu_order&#8221; _builder_version=&#8221;4.26.0&#8243; _module_preset=&#8221;default&#8221; global_colors_info=&#8221;{}&#8221;][\/et_pb_wc_related_products][\/et_pb_column][\/et_pb_row][\/et_pb_section]<\/p>\n","protected":false},"excerpt":{"rendered":"<p>The Double Cut Torch Holder attachment fits all standard sizes of Sawyer Band Beveling Machines, Compact and Quick Set Beveling Machines. With this innovative attachment, users can simultaneously carry two machine-type torches, doubling efficiency without sacrificing precision.<\/p>\n<p>El dise\u00f1o permite ajustes independientes de altura, avance y grado de bisel, lo que proporciona flexibilidad para adaptar el proceso de corte a los requisitos espec\u00edficos del proyecto. Adem\u00e1s, el espacio entre antorchas puede ajustarse para adaptarse a diversos di\u00e1metros y configuraciones de tubos, garantizando un rendimiento \u00f3ptimo en diversas aplicaciones. Fabricado en aluminio r\u00edgido pero ligero, este soporte garantiza durabilidad y fiabilidad sin a\u00f1adir volumen innecesario al equipo.<\/p>","protected":false},"featured_media":10480,"template":"","meta":{"_et_pb_use_builder":"on","_et_pb_old_content":"<ul>\r\n \t<li>Enables simultaneous carrying of two machine-type torches<\/li>\r\n \t<li>Allows independent height, lead, and degree of bevel adjustments<\/li>\r\n \t<li>Permits adjustment of spacing between torches<\/li>\r\n \t<li>Rigid, lightweight aluminum construction<\/li>\r\n \t<li>Available with \u201cOut-of-Round\u201d feature<\/li>\r\n \t<li>Available for either Compact or Quick-Set machines (Specify machine by type, model, size, and range)<\/li>\r\n<\/ul>","_et_gb_content_width":""},"product_brand":[],"product_cat":[54,80],"product_tag":[],"class_list":{"0":"post-538","1":"product","2":"type-product","3":"status-publish","4":"has-post-thumbnail","6":"product_cat-pipe-cutting-beveling","7":"product_cat-torch-cutting-beveling-accessories","9":"first","10":"instock","11":"taxable","12":"shipping-taxable","13":"product-type-simple"},"_links":{"self":[{"href":"https:\/\/proline-global.com\/es\/wp-json\/wp\/v2\/product\/538","targetHints":{"allow":["GET"]}}],"collection":[{"href":"https:\/\/proline-global.com\/es\/wp-json\/wp\/v2\/product"}],"about":[{"href":"https:\/\/proline-global.com\/es\/wp-json\/wp\/v2\/types\/product"}],"wp:featuredmedia":[{"embeddable":true,"href":"https:\/\/proline-global.com\/es\/wp-json\/wp\/v2\/media\/10480"}],"wp:attachment":[{"href":"https:\/\/proline-global.com\/es\/wp-json\/wp\/v2\/media?parent=538"}],"wp:term":[{"taxonomy":"product_brand","embeddable":true,"href":"https:\/\/proline-global.com\/es\/wp-json\/wp\/v2\/product_brand?post=538"},{"taxonomy":"product_cat","embeddable":true,"href":"https:\/\/proline-global.com\/es\/wp-json\/wp\/v2\/product_cat?post=538"},{"taxonomy":"product_tag","embeddable":true,"href":"https:\/\/proline-global.com\/es\/wp-json\/wp\/v2\/product_tag?post=538"}],"curies":[{"name":"wp","href":"https:\/\/api.w.org\/{rel}","templated":true}]}}