{"id":787,"date":"2018-07-23T05:22:47","date_gmt":"2018-07-23T05:22:47","guid":{"rendered":"https:\/\/proline-global.com\/?post_type=product&#038;p=787"},"modified":"2025-01-27T22:07:24","modified_gmt":"2025-01-27T22:07:24","slug":"sievert-torch","status":"publish","type":"product","link":"https:\/\/proline-global.com\/es\/producto\/sievert-torch\/","title":{"rendered":"Antorcha de vapor Sievert Turboroofer"},"content":{"rendered":"<p>[et_pb_section fb_built=&#8221;1&#8243; specialty=&#8221;on&#8221; _builder_version=&#8221;4.26.0&#8243; _module_preset=&#8221;default&#8221; width=&#8221;100%&#8221; inner_width=&#8221;100%&#8221; custom_margin=&#8221;||||false|true&#8221; custom_margin_tablet=&#8221;|0px||0px|false|true&#8221; custom_margin_phone=&#8221;|0px||0px|false|true&#8221; custom_margin_last_edited=&#8221;off|desktop&#8221; custom_padding=&#8221;0px||||false|false&#8221; global_colors_info=&#8221;{}&#8221; custom_margin__hover_enabled=&#8221;off|desktop&#8221;][et_pb_column type=&#8221;1_2&#8243; _builder_version=&#8221;4.16&#8243; custom_padding=&#8221;|||&#8221; global_colors_info=&#8221;{}&#8221; custom_padding__hover=&#8221;|||&#8221;][et_pb_wc_images _builder_version=&#8221;4.26.0&#8243; custom_margin=&#8221;||||true|false&#8221; custom_padding=&#8221;||||false|false&#8221; global_colors_info=&#8221;{}&#8221;][\/et_pb_wc_images][\/et_pb_column][et_pb_column type=&#8221;1_2&#8243; specialty_columns=&#8221;2&#8243; _builder_version=&#8221;4.16&#8243; custom_padding=&#8221;|||&#8221; global_colors_info=&#8221;{}&#8221; custom_padding__hover=&#8221;|||&#8221;][et_pb_row_inner _builder_version=&#8221;4.26.0&#8243; _module_preset=&#8221;default&#8221; global_colors_info=&#8221;{}&#8221;][et_pb_column_inner saved_specialty_column_type=&#8221;1_2&#8243; _builder_version=&#8221;4.26.0&#8243; _module_preset=&#8221;default&#8221; global_colors_info=&#8221;{}&#8221;][et_pb_wc_title _builder_version=&#8221;4.26.0&#8243; _module_preset=&#8221;default&#8221; global_colors_info=&#8221;{}&#8221;][\/et_pb_wc_title][et_pb_tabs _builder_version=&#8221;4.26.0&#8243; _module_preset=&#8221;default&#8221; tab_font_size=&#8221;15px&#8221; global_colors_info=&#8221;{}&#8221;][et_pb_tab title=&#8221;Product Overview&#8221; _builder_version=&#8221;4.26.0&#8243; _module_preset=&#8221;default&#8221; global_colors_info=&#8221;{}&#8221;]<\/p>\n<p>The Sievert TurboRoofer Vapour Torch, model 3444-47, is a premier choice for roofing professionals seeking unmatched reliability and performance in their modified membrane applications. This one-piece field torch kit includes the Sievert Pro 88 Handle, a durable 7-inch steel neck tube, and a precision-engineered 2-inch brass burner, combining quality craftsmanship with functional design. Delivering an impressive heating capacity of 225,000 to 375,000 BTU, this propane torch is powerful enough to handle demanding tasks with ease, ensuring consistent performance even in challenging conditions.<\/p>\n<p>Engineered for dependability, the TurboRoofer features a wind-stable flame, allowing it to perform flawlessly in outdoor environments where weather can be unpredictable. Its robust construction guarantees durability, making it a long-lasting investment for any roofing professional. Praised for its ease of use and effectiveness, this torch has become a trusted tool in the industry, simplifying applications like membrane roofing and other heating tasks. For roofers who demand power, precision, and reliability, the Sievert TurboRoofer Vapour Torch is an indispensable addition to the toolkit.<\/p>\n<p>[\/et_pb_tab][et_pb_tab title=&#8221;Specifications&#8221; _builder_version=&#8221;4.26.0&#8243; _module_preset=&#8221;default&#8221; global_colors_info=&#8221;{}&#8221;]<\/p>\n<p><strong>Heating Capacity:<\/strong> 225,000 to 375,000 BTU<\/p>\n<p><strong>Weight:<\/strong> 2 lbs<\/p>\n<p><strong>Length:<\/strong> 7 in<\/p>\n<p><strong>Width:<\/strong> 2.5 in\u00a0<\/p>\n<p><strong>Height:<\/strong> 3 in<\/p>\n<p>[\/et_pb_tab][\/et_pb_tabs][\/et_pb_column_inner][\/et_pb_row_inner][\/et_pb_column][\/et_pb_section][et_pb_section fb_built=&#8221;1&#8243; _builder_version=&#8221;4.26.0&#8243; _module_preset=&#8221;default&#8221; max_height=&#8221;350px&#8221; custom_padding=&#8221;0px||0px||true|false&#8221; global_colors_info=&#8221;{}&#8221;][et_pb_row _builder_version=&#8221;4.26.0&#8243; _module_preset=&#8221;default&#8221; height=&#8221;350px&#8221; max_height=&#8221;350px&#8221; global_colors_info=&#8221;{}&#8221;][et_pb_column type=&#8221;4_4&#8243; _builder_version=&#8221;4.26.0&#8243; _module_preset=&#8221;default&#8221; global_colors_info=&#8221;{}&#8221;][et_pb_wc_related_products orderby=&#8221;menu_order&#8221; _builder_version=&#8221;4.26.0&#8243; _module_preset=&#8221;default&#8221; global_colors_info=&#8221;{}&#8221;][\/et_pb_wc_related_products][\/et_pb_column][\/et_pb_row][\/et_pb_section]<\/p>\n","protected":false},"excerpt":{"rendered":"<p>El soplete de vapor Sievert TurboRoofer, modelo 3444-47, es la mejor elecci\u00f3n para los profesionales de la impermeabilizaci\u00f3n que buscan una fiabilidad y un rendimiento inigualables en sus aplicaciones con membranas modificadas. Este kit de antorcha de campo de una sola pieza incluye el mango Sievert Pro 88, un tubo de cuello de acero duradero de 7 pulgadas y un quemador de lat\u00f3n de 2 pulgadas dise\u00f1ado con precisi\u00f3n, que combina la artesan\u00eda de calidad con un dise\u00f1o funcional. Con una impresionante capacidad calor\u00edfica de 225.000 a 375.000 BTU, este soplete de propano es lo suficientemente potente como para realizar tareas exigentes con facilidad, garantizando un rendimiento constante incluso en condiciones dif\u00edciles.<\/p>\n<p>Dise\u00f1ado para ser fiable, el TurboRoofer cuenta con una llama estable al viento, lo que le permite funcionar a la perfecci\u00f3n en entornos exteriores donde el tiempo puede ser impredecible. Su robusta construcci\u00f3n garantiza su durabilidad, convirti\u00e9ndolo en una inversi\u00f3n duradera para cualquier profesional de la construcci\u00f3n de tejados. Elogiado por su facilidad de uso y eficacia, este soplete se ha convertido en una herramienta de confianza en la industria, simplificando aplicaciones como el techado de membranas y otras tareas de calefacci\u00f3n. Para los techadores que exigen potencia, precisi\u00f3n y fiabilidad, el soplete de vapor Sievert TurboRoofer es un complemento indispensable.<\/p>","protected":false},"featured_media":1300,"template":"","meta":{"_et_pb_use_builder":"on","_et_pb_old_content":"The Sievert TurboRoofer Vapour Torch, model 3444-47, is a premier choice for roofing professionals seeking unmatched reliability and performance in their modified membrane applications. This one-piece field torch kit includes the Sievert Pro 88 Handle, a durable 7-inch steel neck tube, and a precision-engineered 2-inch brass burner, combining quality craftsmanship with functional design. Delivering an impressive heating capacity of 225,000 to 375,000 BTU, this propane torch is powerful enough to handle demanding tasks with ease, ensuring consistent performance even in challenging conditions.\r\n\r\nEngineered for dependability, the TurboRoofer features a wind-stable flame, allowing it to perform flawlessly in outdoor environments where weather can be unpredictable. Its robust construction guarantees durability, making it a long-lasting investment for any roofing professional. Praised for its ease of use and effectiveness, this torch has become a trusted tool in the industry, simplifying applications like membrane roofing and other heating tasks. For roofers who demand power, precision, and reliability, the Sievert TurboRoofer Vapour Torch is an indispensable addition to the toolkit.","_et_gb_content_width":""},"product_brand":[],"product_cat":[58,136],"product_tag":[],"class_list":{"0":"post-787","1":"product","2":"type-product","3":"status-publish","4":"has-post-thumbnail","6":"product_cat-pre-heating-equipment","7":"product_cat-vapour-propane-torches","9":"first","10":"instock","11":"taxable","12":"shipping-taxable","13":"product-type-simple"},"_links":{"self":[{"href":"https:\/\/proline-global.com\/es\/wp-json\/wp\/v2\/product\/787","targetHints":{"allow":["GET"]}}],"collection":[{"href":"https:\/\/proline-global.com\/es\/wp-json\/wp\/v2\/product"}],"about":[{"href":"https:\/\/proline-global.com\/es\/wp-json\/wp\/v2\/types\/product"}],"wp:featuredmedia":[{"embeddable":true,"href":"https:\/\/proline-global.com\/es\/wp-json\/wp\/v2\/media\/1300"}],"wp:attachment":[{"href":"https:\/\/proline-global.com\/es\/wp-json\/wp\/v2\/media?parent=787"}],"wp:term":[{"taxonomy":"product_brand","embeddable":true,"href":"https:\/\/proline-global.com\/es\/wp-json\/wp\/v2\/product_brand?post=787"},{"taxonomy":"product_cat","embeddable":true,"href":"https:\/\/proline-global.com\/es\/wp-json\/wp\/v2\/product_cat?post=787"},{"taxonomy":"product_tag","embeddable":true,"href":"https:\/\/proline-global.com\/es\/wp-json\/wp\/v2\/product_tag?post=787"}],"curies":[{"name":"wp","href":"https:\/\/api.w.org\/{rel}","templated":true}]}}