{"id":810,"date":"2018-07-23T06:57:38","date_gmt":"2018-07-23T06:57:38","guid":{"rendered":"https:\/\/proline-global.com\/?post_type=product&#038;p=810"},"modified":"2024-10-25T20:50:38","modified_gmt":"2024-10-25T20:50:38","slug":"tapecoat-omni-prime","status":"publish","type":"product","link":"https:\/\/proline-global.com\/es\/producto\/tapecoat-omni-prime\/","title":{"rendered":"Tapecoat Omni-Prime"},"content":{"rendered":"<p>[et_pb_section fb_built=&#8221;1&#8243; specialty=&#8221;on&#8221; _builder_version=&#8221;4.26.0&#8243; _module_preset=&#8221;default&#8221; width=&#8221;100%&#8221; inner_width=&#8221;100%&#8221; custom_margin=&#8221;||||false|true&#8221; custom_margin_tablet=&#8221;|0px||0px|false|true&#8221; custom_margin_phone=&#8221;|0px||0px|false|true&#8221; custom_margin_last_edited=&#8221;off|desktop&#8221; custom_padding=&#8221;0px||||false|false&#8221; global_colors_info=&#8221;{}&#8221; custom_margin__hover_enabled=&#8221;off|desktop&#8221;][et_pb_column type=&#8221;1_2&#8243; _builder_version=&#8221;4.16&#8243; custom_padding=&#8221;|||&#8221; global_colors_info=&#8221;{}&#8221; custom_padding__hover=&#8221;|||&#8221;][et_pb_wc_images _builder_version=&#8221;4.26.0&#8243; custom_margin=&#8221;||||true|false&#8221; custom_padding=&#8221;||||false|false&#8221; global_colors_info=&#8221;{}&#8221;][\/et_pb_wc_images][\/et_pb_column][et_pb_column type=&#8221;1_2&#8243; specialty_columns=&#8221;2&#8243; _builder_version=&#8221;4.16&#8243; custom_padding=&#8221;|||&#8221; global_colors_info=&#8221;{}&#8221; custom_padding__hover=&#8221;|||&#8221;][et_pb_row_inner _builder_version=&#8221;4.26.0&#8243; _module_preset=&#8221;default&#8221; global_colors_info=&#8221;{}&#8221;][et_pb_column_inner saved_specialty_column_type=&#8221;1_2&#8243; _builder_version=&#8221;4.26.0&#8243; _module_preset=&#8221;default&#8221; global_colors_info=&#8221;{}&#8221;][et_pb_wc_title _builder_version=&#8221;4.26.0&#8243; _module_preset=&#8221;default&#8221; global_colors_info=&#8221;{}&#8221;][\/et_pb_wc_title][et_pb_tabs _builder_version=&#8221;4.26.0&#8243; _module_preset=&#8221;default&#8221; tab_font_size=&#8221;15px&#8221; global_colors_info=&#8221;{}&#8221;][et_pb_tab title=&#8221;Product Overview&#8221; _builder_version=&#8221;4.26.0&#8243; _module_preset=&#8221;default&#8221; global_colors_info=&#8221;{}&#8221;]<\/p>\n<p><span>TC OMNIPRIME can be used as an optional liquid primer on Tapecoat Gray, integrated primer cold applied tape series. Containing a non-leachable chloride TC OMNIPRIME is appropriate for use on stainless steel applicants.<\/span><\/p>\n<p><span><\/span><\/p>\n<ul>\n<li>Tape Omniprime is a universal, low VOC solvent-based primer that meets\u00a0the standards for health and environmental safety, while demonstrating tough field-applied performance.<\/li>\n<li>This versatile primer can be used with cold or hot applied tapes and heat shrinkable sleeves for the corrosion protection of metal surfaces such as pipes, valves and fittings.<\/li>\n<li>Omniprime is a liquid adhesive that creates a permanent bond between the tape and the substrate.<\/li>\n<li>Omniprime can be used for substrate temperatures up to 180\u00b0F (82\u00b0C).<\/li>\n<li>4 US Gallons per case.<\/li>\n<\/ul>\n<p>[\/et_pb_tab][\/et_pb_tabs][\/et_pb_column_inner][\/et_pb_row_inner][et_pb_row_inner column_structure=&#8221;1_2,1_2&#8243; _builder_version=&#8221;4.26.0&#8243; hover_enabled=&#8221;0&#8243; global_colors_info=&#8221;{}&#8221; custom_padding=&#8221;0px||||false|false&#8221; sticky_enabled=&#8221;0&#8243;][et_pb_column_inner type=&#8221;1_2&#8243; saved_specialty_column_type=&#8221;1_2&#8243; _builder_version=&#8221;4.16&#8243; custom_padding=&#8221;|||&#8221; global_colors_info=&#8221;{}&#8221; custom_padding__hover=&#8221;|||&#8221;][et_pb_button button_url=&#8221;https:\/\/proline-global.com\/wp-content\/uploads\/2018\/10\/TDS-Omniprime-REV1-Jul131.pdf&#8221; url_new_window=&#8221;on&#8221; button_text=&#8221;Product Data Sheet&#8221; button_alignment=&#8221;center&#8221; _builder_version=&#8221;4.26.0&#8243; custom_button=&#8221;on&#8221; button_text_color=&#8221;#000000&#8243; button_bg_color=&#8221;#ffbd00&#8243; button_bg_use_color_gradient=&#8221;on&#8221; button_bg_color_gradient_stops=&#8221;#ffbd00 0%|#e09900 100%&#8221; button_border_radius=&#8221;10px&#8221; button_use_icon=&#8221;off&#8221; custom_margin=&#8221;||15px|&#8221; button_text_color_hover=&#8221;#ffffff&#8221; button_bg_color_hover=&#8221;#000000&#8243; saved_tabs=&#8221;all&#8221; global_colors_info=&#8221;{}&#8221; button_text_size__hover_enabled=&#8221;off&#8221; button_one_text_size__hover_enabled=&#8221;off&#8221; button_two_text_size__hover_enabled=&#8221;off&#8221; button_text_color__hover_enabled=&#8221;on&#8221; button_text_color__hover=&#8221;#ffffff&#8221; button_one_text_color__hover_enabled=&#8221;off&#8221; button_two_text_color__hover_enabled=&#8221;off&#8221; button_border_width__hover_enabled=&#8221;off&#8221; button_one_border_width__hover_enabled=&#8221;off&#8221; button_two_border_width__hover_enabled=&#8221;off&#8221; button_border_color__hover_enabled=&#8221;off&#8221; button_one_border_color__hover_enabled=&#8221;off&#8221; button_two_border_color__hover_enabled=&#8221;off&#8221; button_border_radius__hover_enabled=&#8221;off&#8221; button_one_border_radius__hover_enabled=&#8221;off&#8221; button_two_border_radius__hover_enabled=&#8221;off&#8221; button_letter_spacing__hover_enabled=&#8221;off&#8221; button_one_letter_spacing__hover_enabled=&#8221;off&#8221; button_two_letter_spacing__hover_enabled=&#8221;off&#8221; button_bg_color__hover_enabled=&#8221;on&#8221; button_bg_color__hover=&#8221;#000000&#8243; button_one_bg_color__hover_enabled=&#8221;off&#8221; button_two_bg_color__hover_enabled=&#8221;off&#8221;][\/et_pb_button][\/et_pb_column_inner][et_pb_column_inner type=&#8221;1_2&#8243; saved_specialty_column_type=&#8221;1_2&#8243; _builder_version=&#8221;4.16&#8243; custom_padding=&#8221;|||&#8221; global_colors_info=&#8221;{}&#8221; custom_padding__hover=&#8221;|||&#8221;][et_pb_button button_url=&#8221;https:\/\/proline-global.com\/wp-content\/uploads\/2018\/10\/tapecoat-tc-omniprime-1.pdf&#8221; url_new_window=&#8221;on&#8221; button_text=&#8221;MSDS&#8221; button_alignment=&#8221;center&#8221; _builder_version=&#8221;4.26.0&#8243; custom_button=&#8221;on&#8221; button_text_color=&#8221;#000000&#8243; button_bg_color=&#8221;#ffbd00&#8243; button_bg_use_color_gradient=&#8221;on&#8221; button_bg_color_gradient_stops=&#8221;#ffbd00 0%|#e09900 100%&#8221; button_border_radius=&#8221;10px&#8221; button_use_icon=&#8221;off&#8221; custom_margin=&#8221;||15px|&#8221; button_text_color_hover=&#8221;#ffffff&#8221; button_bg_color_hover=&#8221;#000000&#8243; saved_tabs=&#8221;all&#8221; global_colors_info=&#8221;{}&#8221; button_text_size__hover_enabled=&#8221;off&#8221; button_one_text_size__hover_enabled=&#8221;off&#8221; button_two_text_size__hover_enabled=&#8221;off&#8221; button_text_color__hover_enabled=&#8221;on&#8221; button_text_color__hover=&#8221;#ffffff&#8221; button_one_text_color__hover_enabled=&#8221;off&#8221; button_two_text_color__hover_enabled=&#8221;off&#8221; button_border_width__hover_enabled=&#8221;off&#8221; button_one_border_width__hover_enabled=&#8221;off&#8221; button_two_border_width__hover_enabled=&#8221;off&#8221; button_border_color__hover_enabled=&#8221;off&#8221; button_one_border_color__hover_enabled=&#8221;off&#8221; button_two_border_color__hover_enabled=&#8221;off&#8221; button_border_radius__hover_enabled=&#8221;off&#8221; button_one_border_radius__hover_enabled=&#8221;off&#8221; button_two_border_radius__hover_enabled=&#8221;off&#8221; button_letter_spacing__hover_enabled=&#8221;off&#8221; button_one_letter_spacing__hover_enabled=&#8221;off&#8221; button_two_letter_spacing__hover_enabled=&#8221;off&#8221; button_bg_color__hover_enabled=&#8221;on&#8221; button_bg_color__hover=&#8221;#000000&#8243; button_one_bg_color__hover_enabled=&#8221;off&#8221; button_two_bg_color__hover_enabled=&#8221;off&#8221;][\/et_pb_button][\/et_pb_column_inner][\/et_pb_row_inner][\/et_pb_column][\/et_pb_section][et_pb_section fb_built=&#8221;1&#8243; _builder_version=&#8221;4.26.0&#8243; _module_preset=&#8221;default&#8221; max_height=&#8221;350px&#8221; custom_padding=&#8221;0px||0px||true|false&#8221; global_colors_info=&#8221;{}&#8221;][et_pb_row _builder_version=&#8221;4.26.0&#8243; _module_preset=&#8221;default&#8221; height=&#8221;350px&#8221; max_height=&#8221;350px&#8221; global_colors_info=&#8221;{}&#8221;][et_pb_column type=&#8221;4_4&#8243; _builder_version=&#8221;4.26.0&#8243; _module_preset=&#8221;default&#8221; global_colors_info=&#8221;{}&#8221;][et_pb_wc_related_products orderby=&#8221;menu_order&#8221; _builder_version=&#8221;4.26.0&#8243; _module_preset=&#8221;default&#8221; global_colors_info=&#8221;{}&#8221;][\/et_pb_wc_related_products][\/et_pb_column][\/et_pb_row][\/et_pb_section]<\/p>\n","protected":false},"excerpt":{"rendered":"<p>TC OMNIPRIME puede utilizarse como imprimaci\u00f3n l\u00edquida opcional en Tapecoat Gris, imprimaci\u00f3n integrada serie de cintas aplicadas en fr\u00edo. Contiene un cloruro no lixiviable TC OMNIPRIME es apropiado para su uso en los solicitantes de acero inoxidable.<\/p>\n<p><strong>P\/N: PRIMEROMNTC<\/strong><\/p>","protected":false},"featured_media":10037,"template":"","meta":{"_et_pb_use_builder":"on","_et_pb_old_content":"Tapecoat TC Omniprime\r\n<ul>\r\n \t<li>Tape Omniprime is a universal, VOC-exempt solvent-based primer that meets\u00a0the standards for health and environmental safety, while demonstrating tough field-applied performance.<\/li>\r\n \t<li>This versatile primer can be used with cold or hot applied tapes and heat shrinkable sleeves for the corrosion protection of metal surfaces such as pipes, valves and fittings.<\/li>\r\n<\/ul>","_et_gb_content_width":""},"product_brand":[],"product_cat":[59,94],"product_tag":[],"class_list":{"0":"post-810","1":"product","2":"type-product","3":"status-publish","4":"has-post-thumbnail","6":"product_cat-coating-products","7":"product_cat-tape-primer-paste-mastic","9":"first","10":"instock","11":"taxable","12":"shipping-taxable","13":"product-type-simple"},"_links":{"self":[{"href":"https:\/\/proline-global.com\/es\/wp-json\/wp\/v2\/product\/810","targetHints":{"allow":["GET"]}}],"collection":[{"href":"https:\/\/proline-global.com\/es\/wp-json\/wp\/v2\/product"}],"about":[{"href":"https:\/\/proline-global.com\/es\/wp-json\/wp\/v2\/types\/product"}],"wp:featuredmedia":[{"embeddable":true,"href":"https:\/\/proline-global.com\/es\/wp-json\/wp\/v2\/media\/10037"}],"wp:attachment":[{"href":"https:\/\/proline-global.com\/es\/wp-json\/wp\/v2\/media?parent=810"}],"wp:term":[{"taxonomy":"product_brand","embeddable":true,"href":"https:\/\/proline-global.com\/es\/wp-json\/wp\/v2\/product_brand?post=810"},{"taxonomy":"product_cat","embeddable":true,"href":"https:\/\/proline-global.com\/es\/wp-json\/wp\/v2\/product_cat?post=810"},{"taxonomy":"product_tag","embeddable":true,"href":"https:\/\/proline-global.com\/es\/wp-json\/wp\/v2\/product_tag?post=810"}],"curies":[{"name":"wp","href":"https:\/\/api.w.org\/{rel}","templated":true}]}}