{"id":8616,"date":"2024-07-10T20:10:14","date_gmt":"2024-07-10T20:10:14","guid":{"rendered":"https:\/\/proline-global.com\/?post_type=product&#038;p=8616"},"modified":"2024-11-19T23:47:35","modified_gmt":"2024-11-19T23:47:35","slug":"ezwhip","status":"publish","type":"product","link":"https:\/\/proline-global.com\/es\/producto\/ezwhip\/","title":{"rendered":"EZwhip"},"content":{"rendered":"<p>[et_pb_section fb_built=&#8221;1&#8243; specialty=&#8221;on&#8221; _builder_version=&#8221;4.26.0&#8243; _module_preset=&#8221;default&#8221; width=&#8221;100%&#8221; inner_width=&#8221;100%&#8221; custom_margin=&#8221;||||false|true&#8221; custom_margin_tablet=&#8221;|0px||0px|false|true&#8221; custom_margin_phone=&#8221;|0px||0px|false|true&#8221; custom_margin_last_edited=&#8221;off|desktop&#8221; custom_padding=&#8221;0px||||false|false&#8221; global_colors_info=&#8221;{}&#8221; custom_margin__hover_enabled=&#8221;off|desktop&#8221; theme_builder_area=&#8221;post_content&#8221;][et_pb_column type=&#8221;1_2&#8243; _builder_version=&#8221;4.16&#8243; custom_padding=&#8221;|||&#8221; global_colors_info=&#8221;{}&#8221; custom_padding__hover=&#8221;|||&#8221; theme_builder_area=&#8221;post_content&#8221;][et_pb_wc_images _builder_version=&#8221;4.26.0&#8243; custom_margin=&#8221;||||true|false&#8221; custom_padding=&#8221;||||false|false&#8221; global_colors_info=&#8221;{}&#8221; theme_builder_area=&#8221;post_content&#8221;][\/et_pb_wc_images][\/et_pb_column][et_pb_column type=&#8221;1_2&#8243; specialty_columns=&#8221;2&#8243; _builder_version=&#8221;4.16&#8243; custom_padding=&#8221;|||&#8221; global_colors_info=&#8221;{}&#8221; custom_padding__hover=&#8221;|||&#8221; theme_builder_area=&#8221;post_content&#8221;][et_pb_row_inner _builder_version=&#8221;4.26.0&#8243; _module_preset=&#8221;default&#8221; global_colors_info=&#8221;{}&#8221; theme_builder_area=&#8221;post_content&#8221;][et_pb_column_inner saved_specialty_column_type=&#8221;1_2&#8243; _builder_version=&#8221;4.26.0&#8243; _module_preset=&#8221;default&#8221; global_colors_info=&#8221;{}&#8221; theme_builder_area=&#8221;post_content&#8221;][et_pb_wc_title _builder_version=&#8221;4.26.0&#8243; _module_preset=&#8221;default&#8221; global_colors_info=&#8221;{}&#8221; theme_builder_area=&#8221;post_content&#8221;][\/et_pb_wc_title][et_pb_tabs _builder_version=&#8221;4.26.0&#8243; _module_preset=&#8221;default&#8221; tab_font_size=&#8221;15px&#8221; hover_enabled=&#8221;0&#8243; global_colors_info=&#8221;{}&#8221; theme_builder_area=&#8221;post_content&#8221; sticky_enabled=&#8221;0&#8243;][et_pb_tab title=&#8221;Product Overview&#8221; _builder_version=&#8221;4.26.0&#8243; _module_preset=&#8221;default&#8221; hover_enabled=&#8221;0&#8243; global_colors_info=&#8221;{}&#8221; theme_builder_area=&#8221;post_content&#8221; sticky_enabled=&#8221;0&#8243;]<\/p>\n<p>The EZwhip buggy whip system is designed to provide increased safety and convenience while you work. Having over 5 meters of power cable in combination with the conveniently accessible switch makes for simple installation on any vehicle.<\/p>\n<p>The included key fobs offer flexible usage while the reliable build quality provides reassurance that these units can handle the harsh conditions such as the cold Canadian winters that many of us experience.<\/p>\n<p>[\/et_pb_tab][et_pb_tab title=&#8221;Features&#8221; _builder_version=&#8221;4.26.0&#8243; _module_preset=&#8221;default&#8221; hover_enabled=&#8221;0&#8243; global_colors_info=&#8221;{}&#8221; theme_builder_area=&#8221;post_content&#8221; sticky_enabled=&#8221;0&#8243;]<\/p>\n<ul>\n<li>Rigorously tested to ensure they perform exceptionally well<\/li>\n<li>Simple installation and hands-free operation<\/li>\n<li>Available in 2ft \/ 3ft \/ 4ft \/ 5ft and 6ft whip lengths<\/li>\n<\/ul>\n<p><strong>Available Accessories<\/strong><\/p>\n<ul>\n<li>EZwhip power adaptor (12v to 110V AC wall plug)<\/li>\n<li>Ezwhip 4ft LED light pole with 256 light modes<\/li>\n<\/ul>\n<p>[\/et_pb_tab][\/et_pb_tabs][\/et_pb_column_inner][\/et_pb_row_inner][\/et_pb_column][\/et_pb_section][et_pb_section fb_built=&#8221;1&#8243; _builder_version=&#8221;4.26.0&#8243; _module_preset=&#8221;default&#8221; max_height=&#8221;350px&#8221; custom_padding=&#8221;0px||0px||true|false&#8221; global_colors_info=&#8221;{}&#8221; theme_builder_area=&#8221;post_content&#8221;][et_pb_row _builder_version=&#8221;4.26.0&#8243; _module_preset=&#8221;default&#8221; height=&#8221;350px&#8221; max_height=&#8221;350px&#8221; global_colors_info=&#8221;{}&#8221; theme_builder_area=&#8221;post_content&#8221;][et_pb_column type=&#8221;4_4&#8243; _builder_version=&#8221;4.26.0&#8243; _module_preset=&#8221;default&#8221; global_colors_info=&#8221;{}&#8221; theme_builder_area=&#8221;post_content&#8221;][et_pb_wc_related_products orderby=&#8221;menu_order&#8221; _builder_version=&#8221;4.26.0&#8243; _module_preset=&#8221;default&#8221; global_colors_info=&#8221;{}&#8221; theme_builder_area=&#8221;post_content&#8221;][\/et_pb_wc_related_products][\/et_pb_column][\/et_pb_row][\/et_pb_section]<\/p>\n","protected":false},"excerpt":{"rendered":"<p>El sistema de l\u00e1tigo para buggy EZwhip est\u00e1 dise\u00f1ado para proporcionar una mayor seguridad y comodidad mientras trabaja. Sus m\u00e1s de 5 metros de cable de alimentaci\u00f3n, junto con el interruptor de f\u00e1cil acceso, facilitan la instalaci\u00f3n en cualquier veh\u00edculo.<\/p>\n<p>Los llaveros incluidos ofrecen un uso flexible, mientras que la calidad de construcci\u00f3n fiable proporciona la seguridad de que estas unidades pueden soportar las duras condiciones, como los fr\u00edos inviernos canadienses que muchos de nosotros experimentamos.<\/p>\n<p>&nbsp;<\/p>","protected":false},"featured_media":9627,"template":"","meta":{"_et_pb_use_builder":"on","_et_pb_old_content":"Rigorously tested to ensure they perform exceptionally well\r\n\r\nSimple installation and hands-free operation\r\n\r\nAvailable in 2ft \/ 3ft \/ 4ft \/ 5ft and 6ft whip lengths\r\n\r\n<strong>Available Accessories<\/strong>\r\n\r\nEZwhip power adaptor (12v to 110V AC wall plug)\r\n\r\nEzwhip 4ft LED light pole with 256 light modes","_et_gb_content_width":""},"product_brand":[],"product_cat":[46,66,120,55,82],"product_tag":[],"class_list":{"0":"post-8616","1":"product","2":"type-product","3":"status-publish","4":"has-post-thumbnail","6":"product_cat-products","7":"product_cat-hand-tools","8":"product_cat-hammers-shovels-knives-hooks","9":"product_cat-welding-supplies","10":"product_cat-welding-tools","12":"first","13":"instock","14":"taxable","15":"shipping-taxable","16":"product-type-simple"},"_links":{"self":[{"href":"https:\/\/proline-global.com\/es\/wp-json\/wp\/v2\/product\/8616","targetHints":{"allow":["GET"]}}],"collection":[{"href":"https:\/\/proline-global.com\/es\/wp-json\/wp\/v2\/product"}],"about":[{"href":"https:\/\/proline-global.com\/es\/wp-json\/wp\/v2\/types\/product"}],"wp:featuredmedia":[{"embeddable":true,"href":"https:\/\/proline-global.com\/es\/wp-json\/wp\/v2\/media\/9627"}],"wp:attachment":[{"href":"https:\/\/proline-global.com\/es\/wp-json\/wp\/v2\/media?parent=8616"}],"wp:term":[{"taxonomy":"product_brand","embeddable":true,"href":"https:\/\/proline-global.com\/es\/wp-json\/wp\/v2\/product_brand?post=8616"},{"taxonomy":"product_cat","embeddable":true,"href":"https:\/\/proline-global.com\/es\/wp-json\/wp\/v2\/product_cat?post=8616"},{"taxonomy":"product_tag","embeddable":true,"href":"https:\/\/proline-global.com\/es\/wp-json\/wp\/v2\/product_tag?post=8616"}],"curies":[{"name":"wp","href":"https:\/\/api.w.org\/{rel}","templated":true}]}}