{"id":929,"date":"2018-07-23T11:20:14","date_gmt":"2018-07-23T11:20:14","guid":{"rendered":"https:\/\/proline-global.com\/?post_type=product&#038;p=929"},"modified":"2020-04-27T20:07:59","modified_gmt":"2020-04-27T20:07:59","slug":"pipe-dolly","status":"publish","type":"product","link":"https:\/\/proline-global.com\/es\/producto\/pipe-dolly\/","title":{"rendered":"Carretilla para tubos"},"content":{"rendered":"<p>[et_pb_section bb_built=&#8221;1&#8243;][et_pb_row][et_pb_column type=&#8221;4_4&#8243;][et_pb_text _builder_version=&#8221;3.12.2&#8243;]<\/p>\n<p><strong>\u201cGrasshopper\u201d Pipe Dolly<\/strong><\/p>\n<p>&nbsp;<\/p>\n<ul>\n<li>Enables one man to lift 2,000 lb (900 Kg) unassisted!<\/li>\n<li>Special sliding chain block design accommodates long and short loads<\/li>\n<li>Carries up to 20&#8243; (500 mm) diameter pipe, tool boxes, fittings and valves<\/li>\n<li>Fits through 35&#8243; (89 cm) openings, is a versatile 12 feet (3.6 m) long and weighs only 155 lbs (70.3 kg)<\/li>\n<li>Rugged high pressure tires and wheels allow for construction site mobility<\/li>\n<li>Chains can be used to lock wheels for security<\/li>\n<\/ul>\n<p>[\/et_pb_text][\/et_pb_column][\/et_pb_row][et_pb_row][et_pb_column type=&#8221;4_4&#8243;][et_pb_button admin_label=&#8221;Button-BROCHURE&#8221; _builder_version=&#8221;3.12.2&#8243; button_text=&#8221;BROCHURE&#8221; url_new_window=&#8221;on&#8221; button_alignment=&#8221;center&#8221; button_url=&#8221;https:\/\/proline-global.com\/wp-content\/uploads\/2018\/07\/Brochure-Pipe-Dolly-Grasshopper.pdf&#8221; custom_button=&#8221;on&#8221; button_text_color=&#8221;#000000&#8243; button_bg_color=&#8221;#e09900&#8243; button_use_icon=&#8221;off&#8221; button_text_color_hover=&#8221;#ffffff&#8221; button_bg_color_hover=&#8221;#000000&#8243; \/][\/et_pb_column][\/et_pb_row][\/et_pb_section]<\/p>\n","protected":false},"excerpt":{"rendered":"<p align=\"LEFT\">El carro de material Grasshopper permite a un hombre levantar hasta 2.000 libras sin ayuda. Este carro de material tiene un bloque de cadena deslizante especial, dise\u00f1ado para acomodar cargas largas y cortas. El Grasshopper puede cuidar hasta 20\u2033 de di\u00e1metro tuber\u00edas, cajas de herramientas, accesorios y v\u00e1lvulas. La unidad se ajusta a trav\u00e9s de 35 \"de apertura, y es una unidad vers\u00e1til de 12 pies de largo que pesa 155 libras.<\/p>\n<p>&nbsp;<\/p>","protected":false},"featured_media":944,"template":"","meta":{"_et_pb_use_builder":"on","_et_pb_old_content":"<p><strong>\u201cGrasshopper\u201d Pipe Dolly<\/strong><\/p><p>\u00a0<\/p><ul><li>Enables one man to lift 2,000 lb (900 Kg) unassisted!<\/li><li>Special sliding chain block design accommodates long and short loads<\/li><li>Carries up to 20\" (500 mm) diameter pipe, tool boxes, fittings and valves<\/li><li>Fits through 35\" (89 cm) openings, is a versatile 12 feet (3.6 m) long and weighs only 165 lbs (75 kg)<\/li><li>Rugged high pressure tires and wheels allow for construction site mobility<\/li><li>Chains can be used to lock wheels for security<\/li><\/ul>","_et_gb_content_width":""},"product_brand":[],"product_cat":[61,1061],"product_tag":[],"class_list":{"0":"post-929","1":"product","2":"type-product","3":"status-publish","4":"has-post-thumbnail","6":"product_cat-pipe-control-handling","7":"product_cat-pipe-positioning","9":"first","10":"instock","11":"taxable","12":"shipping-taxable","13":"product-type-simple"},"_links":{"self":[{"href":"https:\/\/proline-global.com\/es\/wp-json\/wp\/v2\/product\/929","targetHints":{"allow":["GET"]}}],"collection":[{"href":"https:\/\/proline-global.com\/es\/wp-json\/wp\/v2\/product"}],"about":[{"href":"https:\/\/proline-global.com\/es\/wp-json\/wp\/v2\/types\/product"}],"wp:featuredmedia":[{"embeddable":true,"href":"https:\/\/proline-global.com\/es\/wp-json\/wp\/v2\/media\/944"}],"wp:attachment":[{"href":"https:\/\/proline-global.com\/es\/wp-json\/wp\/v2\/media?parent=929"}],"wp:term":[{"taxonomy":"product_brand","embeddable":true,"href":"https:\/\/proline-global.com\/es\/wp-json\/wp\/v2\/product_brand?post=929"},{"taxonomy":"product_cat","embeddable":true,"href":"https:\/\/proline-global.com\/es\/wp-json\/wp\/v2\/product_cat?post=929"},{"taxonomy":"product_tag","embeddable":true,"href":"https:\/\/proline-global.com\/es\/wp-json\/wp\/v2\/product_tag?post=929"}],"curies":[{"name":"wp","href":"https:\/\/api.w.org\/{rel}","templated":true}]}}