{"id":965,"date":"2018-07-23T11:37:03","date_gmt":"2018-07-23T11:37:03","guid":{"rendered":"https:\/\/proline-global.com\/?post_type=product&#038;p=965"},"modified":"2020-04-28T21:39:16","modified_gmt":"2020-04-28T21:39:16","slug":"portable-fabrication-station","status":"publish","type":"product","link":"https:\/\/proline-global.com\/es\/producto\/portable-fabrication-station\/","title":{"rendered":"Estaci\u00f3n de fabricaci\u00f3n port\u00e1til"},"content":{"rendered":"<p>[et_pb_section bb_built=&#8221;1&#8243;][et_pb_row][et_pb_column type=&#8221;4_4&#8243;][et_pb_text _builder_version=&#8221;3.12.2&#8243;]<\/p>\n<p><strong>PFS &amp; PFS-ADJ &#8211; Portable Fabrication Station<\/strong><\/p>\n<p>&nbsp;<\/p>\n<ul>\n<li>18&#8243; table<\/li>\n<li>More than just a spinner<\/li>\n<li>Five position tilt adjustment<\/li>\n<li>ADJ model adds fine-tune adjustment feature<\/li>\n<li>Brake to hold positions<\/li>\n<li>Dual bearing spindle to insure positive ground (no arcing)<\/li>\n<li>Dual bearing spindle also allows you to roll heavy spools easily<\/li>\n<li>Can be clamped in your vise to roll longer or heavier spools<\/li>\n<li>Can be inserted into STM &#8211; Spinner Table Mount (bolted on deck or table)<\/li>\n<li>Up to a 10&#8243; can be bolted to the plate<\/li>\n<li>Most stable in LPS\u00a0tripod stand (sold separately)<\/li>\n<li>2 types &#8211; PFS\u00a0or PFS Adjustable (shown below)<\/li>\n<\/ul>\n<p>[\/et_pb_text][et_pb_image admin_label=&#8221;Portable Fab Station&#8221; _builder_version=&#8221;3.12.2&#8243; src=&#8221;https:\/\/proline-global.com\/wp-content\/uploads\/2018\/07\/Portable-Fabrication-Station.jpg&#8221; url_new_window=&#8221;on&#8221; \/][\/et_pb_column][\/et_pb_row][\/et_pb_section]<\/p>\n","protected":false},"excerpt":{"rendered":"<p>More than just a spinner, the Portable Fabrication Station makes a great portable fabrication table.<\/p>","protected":false},"featured_media":967,"template":"","meta":{"_et_pb_use_builder":"on","_et_pb_old_content":"<p><strong>PFS & PFS-ADJ - Portable Fabrication Station<\/strong><\/p><p>\u00a0<\/p><ul><li>18\" table<\/li><li>Five position tilt adjustment<\/li><li>ADJ model adds fine-tune adjustment feature<\/li><li>Brake to hold positions<\/li><li>Dual bearing spindle to insure positive ground (no arcing)<\/li><li>Dual bearing spindle also allows you to roll heavy spools easily<\/li><li>Can be clamped in your vise to roll longer or heavier spools<\/li><li>Can be inserted into STM - Spinner Table Mount (bolted on deck or table)<\/li><\/ul>","_et_gb_content_width":""},"product_brand":[],"product_cat":[61,1061],"product_tag":[],"class_list":{"0":"post-965","1":"product","2":"type-product","3":"status-publish","4":"has-post-thumbnail","6":"product_cat-pipe-control-handling","7":"product_cat-pipe-positioning","9":"first","10":"instock","11":"taxable","12":"shipping-taxable","13":"product-type-simple"},"_links":{"self":[{"href":"https:\/\/proline-global.com\/es\/wp-json\/wp\/v2\/product\/965","targetHints":{"allow":["GET"]}}],"collection":[{"href":"https:\/\/proline-global.com\/es\/wp-json\/wp\/v2\/product"}],"about":[{"href":"https:\/\/proline-global.com\/es\/wp-json\/wp\/v2\/types\/product"}],"wp:featuredmedia":[{"embeddable":true,"href":"https:\/\/proline-global.com\/es\/wp-json\/wp\/v2\/media\/967"}],"wp:attachment":[{"href":"https:\/\/proline-global.com\/es\/wp-json\/wp\/v2\/media?parent=965"}],"wp:term":[{"taxonomy":"product_brand","embeddable":true,"href":"https:\/\/proline-global.com\/es\/wp-json\/wp\/v2\/product_brand?post=965"},{"taxonomy":"product_cat","embeddable":true,"href":"https:\/\/proline-global.com\/es\/wp-json\/wp\/v2\/product_cat?post=965"},{"taxonomy":"product_tag","embeddable":true,"href":"https:\/\/proline-global.com\/es\/wp-json\/wp\/v2\/product_tag?post=965"}],"curies":[{"name":"wp","href":"https:\/\/api.w.org\/{rel}","templated":true}]}}