{"id":10363,"date":"2024-11-12T23:17:26","date_gmt":"2024-11-12T23:17:26","guid":{"rendered":"https:\/\/proline-global.com\/?post_type=product&#038;p=10363"},"modified":"2024-11-12T23:26:10","modified_gmt":"2024-11-12T23:26:10","slug":"model-s-end-seal","status":"publish","type":"product","link":"https:\/\/proline-global.com\/fr\/produit\/model-s-end-seal\/","title":{"rendered":"Mod\u00e8le S Joint d'extr\u00e9mit\u00e9"},"content":{"rendered":"<p>[et_pb_section fb_built=&#8221;1&#8243; specialty=&#8221;on&#8221; _builder_version=&#8221;4.26.0&#8243; _module_preset=&#8221;default&#8221; width=&#8221;100%&#8221; inner_width=&#8221;100%&#8221; custom_margin=&#8221;||||false|true&#8221; custom_margin_tablet=&#8221;|0px||0px|false|true&#8221; custom_margin_phone=&#8221;|0px||0px|false|true&#8221; custom_margin_last_edited=&#8221;off|desktop&#8221; custom_padding=&#8221;0px||||false|false&#8221; global_colors_info=&#8221;{}&#8221; custom_margin__hover_enabled=&#8221;off|desktop&#8221;][et_pb_column type=&#8221;1_2&#8243; _builder_version=&#8221;4.16&#8243; custom_padding=&#8221;|||&#8221; global_colors_info=&#8221;{}&#8221; custom_padding__hover=&#8221;|||&#8221;][et_pb_wc_images _builder_version=&#8221;4.26.0&#8243; custom_margin=&#8221;||||true|false&#8221; custom_padding=&#8221;||||false|false&#8221; global_colors_info=&#8221;{}&#8221;][\/et_pb_wc_images][\/et_pb_column][et_pb_column type=&#8221;1_2&#8243; specialty_columns=&#8221;2&#8243; _builder_version=&#8221;4.16&#8243; custom_padding=&#8221;|||&#8221; global_colors_info=&#8221;{}&#8221; custom_padding__hover=&#8221;|||&#8221;][et_pb_row_inner _builder_version=&#8221;4.26.0&#8243; _module_preset=&#8221;default&#8221; global_colors_info=&#8221;{}&#8221;][et_pb_column_inner saved_specialty_column_type=&#8221;1_2&#8243; _builder_version=&#8221;4.26.0&#8243; _module_preset=&#8221;default&#8221; global_colors_info=&#8221;{}&#8221;][et_pb_wc_title _builder_version=&#8221;4.26.0&#8243; _module_preset=&#8221;default&#8221; global_colors_info=&#8221;{}&#8221;][\/et_pb_wc_title][et_pb_tabs _builder_version=&#8221;4.26.0&#8243; _module_preset=&#8221;default&#8221; tab_font_size=&#8221;15px&#8221; global_colors_info=&#8221;{}&#8221;][et_pb_tab title=&#8221;Product Overview&#8221; _builder_version=&#8221;4.26.0&#8243; _module_preset=&#8221;default&#8221; global_colors_info=&#8221;{}&#8221;]<\/p>\n<p><span>A safe and economic system for sealing the annular space between the carrier pipe and casing to keep the space dry and reduce the risk of corrosion.<\/span><\/p>\n<p><span>Model &#8220;S&#8221; Standard Pull-on End Seals are flexible and easily installed on Nominal Steel and IPS casing\/carrier pipe combinations. PSI Model &#8220;S&#8221; end seals are extremely robust, resistant to wide variations in environmental conditions while eliminating the possibility of foreign material entering the opening between carrier and casing pipes.<\/span><\/p>\n<p><span><\/span><\/p>\n<ul>\n<li><span>Manufactured from 1\/8&#8243; thick EPDM rubber.<\/span><\/li>\n<li>Quick and Easy Installation.<\/li>\n<li>May be stocked.<\/li>\n<li>Screwdriver Is Only Tool Required for Installation.<\/li>\n<li>Designed To Last for the Life of the Piping System.<\/li>\n<li>Heavy Duty Stainless Steel Hose Clamps Supplied.<\/li>\n<\/ul>\n<p>[\/et_pb_tab][\/et_pb_tabs][\/et_pb_column_inner][\/et_pb_row_inner][\/et_pb_column][\/et_pb_section][et_pb_section fb_built=&#8221;1&#8243; _builder_version=&#8221;4.26.0&#8243; _module_preset=&#8221;default&#8221; max_height=&#8221;350px&#8221; custom_padding=&#8221;0px||0px||true|false&#8221; global_colors_info=&#8221;{}&#8221;][et_pb_row _builder_version=&#8221;4.26.0&#8243; _module_preset=&#8221;default&#8221; height=&#8221;350px&#8221; max_height=&#8221;350px&#8221; global_colors_info=&#8221;{}&#8221;][et_pb_column type=&#8221;4_4&#8243; _builder_version=&#8221;4.26.0&#8243; _module_preset=&#8221;default&#8221; global_colors_info=&#8221;{}&#8221;][et_pb_wc_related_products orderby=&#8221;menu_order&#8221; _builder_version=&#8221;4.26.0&#8243; _module_preset=&#8221;default&#8221; global_colors_info=&#8221;{}&#8221;][\/et_pb_wc_related_products][\/et_pb_column][\/et_pb_row][\/et_pb_section]<\/p>\n","protected":false},"excerpt":{"rendered":"<p>Un syst\u00e8me s\u00fbr et \u00e9conomique pour sceller l'espace annulaire entre le tube porteur et le tubage afin de garder l'espace sec et de r\u00e9duire le risque de corrosion.<\/p>\n<p>Les joints d'extr\u00e9mit\u00e9 standard \u00e0 tirer du mod\u00e8le \"S\" sont flexibles et faciles \u00e0 installer sur les combinaisons tubage\/tuyau porteur en acier nominal et en IPS. Les joints d'extr\u00e9mit\u00e9 PSI mod\u00e8le \"S\" sont extr\u00eamement robustes, r\u00e9sistants aux grandes variations des conditions environnementales tout en \u00e9liminant la possibilit\u00e9 de p\u00e9n\u00e9tration de mat\u00e9riaux \u00e9trangers dans l'ouverture entre les tubes porteurs et les tubes de cuvelage.<\/p>\n<p>&nbsp;<\/p>\n<ul>\n<li>Fabriqu\u00e9 en caoutchouc EPDM de 1\/8\u2033 d'\u00e9paisseur.<\/li>\n<li>Installation rapide et facile.<\/li>\n<li>Peut \u00eatre stock\u00e9.<\/li>\n<li>Le tournevis est le seul outil n\u00e9cessaire \u00e0 l'installation.<\/li>\n<li>Con\u00e7u pour durer toute la vie du syst\u00e8me de tuyauterie.<\/li>\n<li>Colliers de serrage en acier inoxydable tr\u00e8s r\u00e9sistants fournis.<\/li>\n<\/ul>","protected":false},"featured_media":711,"template":"","meta":{"_et_pb_use_builder":"on","_et_pb_old_content":"A safe and economic system for sealing the annular space between the carrier pipe and casing to keep the space dry and reduce the risk of corrosion.\r\n\r\nModel \"S\" Standard Pull-on End Seals are flexible and easily installed on Nominal Steel and IPS casing\/carrier pipe combinations. PSI Model \"S\" end seals are extremely robust, resistant to wide variations in environmental conditions while eliminating the possibility of foreign material entering the opening between carrier and casing pipes.\r\n<ul>\r\n \t<li>Manufactured from 1\/8\" thick EPDM rubber.<\/li>\r\n \t<li>Quick and Easy Installation.<\/li>\r\n \t<li>May be stocked.<\/li>\r\n \t<li>Screwdriver Is Only Tool Required for Installation.<\/li>\r\n \t<li>Designed To Last for the Life of the Piping System.<\/li>\r\n \t<li>Heavy Duty Stainless Steel Hose Clamps Supplied.<\/li>\r\n<\/ul>","_et_gb_content_width":""},"product_brand":[],"product_cat":[46,56,87],"product_tag":[],"class_list":{"0":"post-10363","1":"product","2":"type-product","3":"status-publish","4":"has-post-thumbnail","6":"product_cat-products","7":"product_cat-casing-spacers-end-seals","8":"product_cat-end-seals","10":"first","11":"instock","12":"taxable","13":"shipping-taxable","14":"product-type-simple"},"_links":{"self":[{"href":"https:\/\/proline-global.com\/fr\/wp-json\/wp\/v2\/product\/10363","targetHints":{"allow":["GET"]}}],"collection":[{"href":"https:\/\/proline-global.com\/fr\/wp-json\/wp\/v2\/product"}],"about":[{"href":"https:\/\/proline-global.com\/fr\/wp-json\/wp\/v2\/types\/product"}],"wp:featuredmedia":[{"embeddable":true,"href":"https:\/\/proline-global.com\/fr\/wp-json\/wp\/v2\/media\/711"}],"wp:attachment":[{"href":"https:\/\/proline-global.com\/fr\/wp-json\/wp\/v2\/media?parent=10363"}],"wp:term":[{"taxonomy":"product_brand","embeddable":true,"href":"https:\/\/proline-global.com\/fr\/wp-json\/wp\/v2\/product_brand?post=10363"},{"taxonomy":"product_cat","embeddable":true,"href":"https:\/\/proline-global.com\/fr\/wp-json\/wp\/v2\/product_cat?post=10363"},{"taxonomy":"product_tag","embeddable":true,"href":"https:\/\/proline-global.com\/fr\/wp-json\/wp\/v2\/product_tag?post=10363"}],"curies":[{"name":"wp","href":"https:\/\/api.w.org\/{rel}","templated":true}]}}