{"id":1106,"date":"2018-07-23T13:21:41","date_gmt":"2018-07-23T13:21:41","guid":{"rendered":"https:\/\/proline-global.com\/?post_type=product&#038;p=1106"},"modified":"2024-10-31T19:41:31","modified_gmt":"2024-10-31T19:41:31","slug":"scrapper-cups","status":"publish","type":"product","link":"https:\/\/proline-global.com\/fr\/produit\/scrapper-cups\/","title":{"rendered":"Gobelets Scrapper"},"content":{"rendered":"<p>[et_pb_section fb_built=&#8221;1&#8243; specialty=&#8221;on&#8221; _builder_version=&#8221;4.26.0&#8243; _module_preset=&#8221;default&#8221; width=&#8221;100%&#8221; inner_width=&#8221;100%&#8221; custom_margin=&#8221;||||false|true&#8221; custom_margin_tablet=&#8221;|0px||0px|false|true&#8221; custom_margin_phone=&#8221;|0px||0px|false|true&#8221; custom_margin_last_edited=&#8221;off|desktop&#8221; custom_padding=&#8221;0px||||false|false&#8221; global_colors_info=&#8221;{}&#8221; custom_margin__hover_enabled=&#8221;off|desktop&#8221;][et_pb_column type=&#8221;1_2&#8243; _builder_version=&#8221;4.16&#8243; custom_padding=&#8221;|||&#8221; global_colors_info=&#8221;{}&#8221; custom_padding__hover=&#8221;|||&#8221;][et_pb_wc_images _builder_version=&#8221;4.26.0&#8243; custom_margin=&#8221;||||true|false&#8221; custom_padding=&#8221;||||false|false&#8221; global_colors_info=&#8221;{}&#8221;][\/et_pb_wc_images][\/et_pb_column][et_pb_column type=&#8221;1_2&#8243; specialty_columns=&#8221;2&#8243; _builder_version=&#8221;4.16&#8243; custom_padding=&#8221;|||&#8221; global_colors_info=&#8221;{}&#8221; custom_padding__hover=&#8221;|||&#8221;][et_pb_row_inner _builder_version=&#8221;4.26.0&#8243; _module_preset=&#8221;default&#8221; global_colors_info=&#8221;{}&#8221;][et_pb_column_inner saved_specialty_column_type=&#8221;1_2&#8243; _builder_version=&#8221;4.26.0&#8243; _module_preset=&#8221;default&#8221; global_colors_info=&#8221;{}&#8221;][et_pb_wc_title _builder_version=&#8221;4.26.0&#8243; _module_preset=&#8221;default&#8221; global_colors_info=&#8221;{}&#8221;][\/et_pb_wc_title][et_pb_tabs _builder_version=&#8221;4.26.0&#8243; _module_preset=&#8221;default&#8221; tab_font_size=&#8221;15px&#8221; hover_enabled=&#8221;0&#8243; global_colors_info=&#8221;{}&#8221; sticky_enabled=&#8221;0&#8243;][et_pb_tab title=&#8221;Product Overview&#8221; _builder_version=&#8221;4.26.0&#8243; _module_preset=&#8221;default&#8221; global_colors_info=&#8221;{}&#8221;]<\/p>\n<p><span>The unique design of the\u00a0Pig Cup\u00a0offers the cleaning advantages of a scraper cup and the flexibility inherent in a conical cup. To provide a longer cup life,\u00a0we made certain that the wear surface of the cup is three times larger than any other scraper cup on the market. Plus, the pressure of the pipeline product presses the cutting edge firmly against the pipe wall, ensuring an optimum seal. Another advantage is that the flex area between the shank and the cleaning surface allows the cup to traverse reductions in the pipe bore caused by buckling of, or anomalies in, the pipeline. This means that runs go as planned, without delay, the\u00a0scraper cup was specifically developed to perform, efficiently and reliably.<\/span><\/p>\n<p><span>Our Scraper Cups are designed with a deep squared off edge for better sealign and longer scraping action. Cups are available in all durometers most common is 85 durometer. The arbor hole can be sized and\/or patterned for any steel or urethane pig body. Urethane Guide Discs , Spacer Disc and Wiper disc or sealing discs. Pig body\u2019s can be assembled with gauging plates and\/or wire brush.<\/span><\/p>\n<p>[\/et_pb_tab][et_pb_tab title=&#8221;Sizes&#8221; _builder_version=&#8221;4.26.0&#8243; _module_preset=&#8221;default&#8221; hover_enabled=&#8221;0&#8243; global_colors_info=&#8221;{}&#8221; sticky_enabled=&#8221;0&#8243;]<\/p>\n<table border=\"0\" style=\"width: 100%; border-collapse: collapse;\">\n<tbody>\n<tr>\n<td style=\"width: 50%;\">\n<p>SIZE \/ O.D. \/ I.D. \/ WEIGHT (lb.)<\/p>\n<p>2&#8243; \/ 2.125&#8243; \/ 0.50&#8243;\/ 0.1<\/p>\n<p>3&#8243; \/ 3.375&#8243; \/ 0.50&#8243; \/ 0.2<\/p>\n<p>4&#8243; \/ 4.375&#8243; \/ 0.50&#8243; \/ 0.4<\/p>\n<p>6&#8243; \/ 6.375&#8243; \/ 1.00&#8243; \/ 1.1<\/p>\n<p>8&#8243; \/ 8.500&#8243; \/ 1.00&#8243; \/ 1.9<\/p>\n<p>10&#8243; \/ 10.625&#8243; \/ 1.00&#8243; \/ 3.7<\/p>\n<p>12&#8243; \/ 12.750&#8243; \/ 1.00&#8243; \/ 6.1<\/p>\n<p>14&#8243; \/ 13.875&#8243; \/ 1.00&#8243; \/ 8.0<\/p>\n<p>16&#8243; \/ 16.000&#8243; \/ 8.750&#8243; \/ 8.9<\/p>\n<p>18&#8243; \/ 17.875&#8243; \/ 10.875&#8243; \/ 11<\/p>\n<p>20&#8243; \/ 19.875&#8243; \/ 10.875&#8243; \/ 18<\/p>\n<\/td>\n<td style=\"width: 50%;\">\n<p>22&#8243; \/ 21.875&#8243; \/ 10.875&#8243; \/ 25<\/p>\n<p>24&#8243; \/ 23.875&#8243; \/ 14.125&#8243; \/ 30<\/p>\n<p>26&#8243; \/ 25.875&#8243; \/ 14.125&#8243; \/ 37<\/p>\n<p>28&#8243; \/ 27.875&#8243; \/ 16.125&#8243; \/ 43<\/p>\n<p>30&#8243; \/ 29.875&#8243; \/ 16.125&#8243; \/ 50<\/p>\n<p>32&#8243; \/ 32.000&#8243; \/ 20.125&#8243; \/ 52<\/p>\n<p>34&#8243; \/ 34.000&#8243; \/ 20.125&#8243; \/ 69<\/p>\n<p>36&#8243; \/ 36.000&#8243; \/ 22.125&#8243; \/ 74<\/p>\n<p>42&#8243; \/ 42.125&#8243; \/ 24.125&#8243; \/ 117<\/p>\n<p>48&#8243; \/ 48.500&#8243; \/ 32.125&#8243; \/ 156<\/p>\n<\/td>\n<\/tr>\n<\/tbody>\n<\/table>\n<p>&nbsp;<\/p>\n<p>[\/et_pb_tab][et_pb_tab title=&#8221;Available Options&#8221; _builder_version=&#8221;4.26.0&#8243; _module_preset=&#8221;default&#8221; global_colors_info=&#8221;{}&#8221;]<\/p>\n<ul>\n<li>CUSTOM\u00a0 I.D. AND BOLT PATTERNS AVAILABLE ON REQUEST<\/li>\n<li>DIFFERENT DUROMETERS AVAILABLE UPON REQUEST<\/li>\n<li>HIGH TEMPERATURE MATERIAL<\/li>\n<\/ul>\n<p>[\/et_pb_tab][\/et_pb_tabs][\/et_pb_column_inner][\/et_pb_row_inner][et_pb_row_inner _builder_version=&#8221;4.26.0&#8243; custom_padding=&#8221;0px||||false|false&#8221; global_colors_info=&#8221;{}&#8221;][et_pb_column_inner saved_specialty_column_type=&#8221;1_2&#8243; _builder_version=&#8221;4.16&#8243; custom_padding=&#8221;|||&#8221; global_colors_info=&#8221;{}&#8221; custom_padding__hover=&#8221;|||&#8221;][et_pb_button button_url=&#8221;https:\/\/proline-global.com\/wp-content\/uploads\/2018\/07\/Reliathane-800.jpg&#8221; url_new_window=&#8221;on&#8221; button_text=&#8221;Reliathane 800 Physical Properties&#8221; button_alignment=&#8221;center&#8221; admin_label=&#8221;Button &#8211; Bending Machine Specs&#8221; _builder_version=&#8221;4.26.0&#8243; custom_button=&#8221;on&#8221; button_text_color=&#8221;#000000&#8243; button_bg_color=&#8221;#e09900&#8243; button_bg_use_color_gradient=&#8221;on&#8221; button_bg_color_gradient_stops=&#8221;#ffbd00 0%|#e09900 100%&#8221; button_border_color=&#8221;#000000&#8243; button_border_radius=&#8221;10px&#8221; button_use_icon=&#8221;off&#8221; custom_margin=&#8221;||15px|&#8221; button_text_color_hover=&#8221;#ffffff&#8221; button_bg_color_hover=&#8221;#000000&#8243; global_colors_info=&#8221;{}&#8221; button_text_size__hover_enabled=&#8221;off&#8221; button_one_text_size__hover_enabled=&#8221;off&#8221; button_two_text_size__hover_enabled=&#8221;off&#8221; button_text_color__hover_enabled=&#8221;on&#8221; button_text_color__hover=&#8221;#ffffff&#8221; button_one_text_color__hover_enabled=&#8221;off&#8221; button_two_text_color__hover_enabled=&#8221;off&#8221; button_border_width__hover_enabled=&#8221;off&#8221; button_one_border_width__hover_enabled=&#8221;off&#8221; button_two_border_width__hover_enabled=&#8221;off&#8221; button_border_color__hover_enabled=&#8221;off&#8221; button_one_border_color__hover_enabled=&#8221;off&#8221; button_two_border_color__hover_enabled=&#8221;off&#8221; button_border_radius__hover_enabled=&#8221;off&#8221; button_one_border_radius__hover_enabled=&#8221;off&#8221; button_two_border_radius__hover_enabled=&#8221;off&#8221; button_letter_spacing__hover_enabled=&#8221;off&#8221; button_one_letter_spacing__hover_enabled=&#8221;off&#8221; button_two_letter_spacing__hover_enabled=&#8221;off&#8221; button_bg_color__hover_enabled=&#8221;on&#8221; button_bg_color__hover=&#8221;#000000&#8243; button_one_bg_color__hover_enabled=&#8221;off&#8221; button_two_bg_color__hover_enabled=&#8221;off&#8221;][\/et_pb_button][\/et_pb_column_inner][\/et_pb_row_inner][\/et_pb_column][\/et_pb_section][et_pb_section fb_built=&#8221;1&#8243; _builder_version=&#8221;4.26.0&#8243; _module_preset=&#8221;default&#8221; max_height=&#8221;350px&#8221; custom_padding=&#8221;0px||0px||true|false&#8221; global_colors_info=&#8221;{}&#8221;][et_pb_row _builder_version=&#8221;4.26.0&#8243; _module_preset=&#8221;default&#8221; height=&#8221;350px&#8221; max_height=&#8221;350px&#8221; global_colors_info=&#8221;{}&#8221;][et_pb_column type=&#8221;4_4&#8243; _builder_version=&#8221;4.26.0&#8243; _module_preset=&#8221;default&#8221; global_colors_info=&#8221;{}&#8221;][et_pb_wc_related_products orderby=&#8221;menu_order&#8221; _builder_version=&#8221;4.26.0&#8243; _module_preset=&#8221;default&#8221; global_colors_info=&#8221;{}&#8221;][\/et_pb_wc_related_products][\/et_pb_column][\/et_pb_row][\/et_pb_section]<\/p>\n","protected":false},"excerpt":{"rendered":"<p>Durable. Reliable. Effective.<\/p>\n<p>La conception unique du Pig Cup offre les avantages de nettoyage d'un godet racleur et la flexibilit\u00e9 inh\u00e9rente \u00e0 un godet conique. Pour prolonger la dur\u00e9e de vie du godet, nous avons veill\u00e9 \u00e0 ce que la surface d'usure du godet soit trois fois plus grande que celle de tout autre godet racleur sur le march\u00e9. De plus, la pression du produit transport\u00e9 appuie fermement le bord tranchant contre la paroi du tuyau, ce qui garantit une \u00e9tanch\u00e9it\u00e9 optimale. Un autre avantage est que la zone de flexion entre la tige et la surface de nettoyage permet \u00e0 la coupelle de traverser les r\u00e9ductions dans l'al\u00e9sage de la conduite caus\u00e9es par le flambage ou les anomalies de la conduite. Cela signifie que les op\u00e9rations se d\u00e9roulent comme pr\u00e9vu, sans retard, et que le godet de raclage a \u00e9t\u00e9 sp\u00e9cialement con\u00e7u pour fonctionner de mani\u00e8re efficace et fiable.<\/p>","protected":false},"featured_media":2401,"template":"","meta":{"_et_pb_use_builder":"on","_et_pb_old_content":"<p>Our Scraper Cups are designed with a deep squared off edge for better sealign and longer scraping action . Cups are available in all durometers most common is 85 durometer . The arbor hole can be sized and\/or patterned for any steel or urethane pig body . Urethane Guide Discs , Spacer Disc and Wiper disc or sealing discs . Pig body's can be assembled with gauging plates and\/or wire brush<\/p>","_et_gb_content_width":""},"product_brand":[],"product_cat":[65,116],"product_tag":[],"class_list":{"0":"post-1106","1":"product","2":"type-product","3":"status-publish","4":"has-post-thumbnail","6":"product_cat-pigs-pigging-equipment","7":"product_cat-construction-pigs","9":"first","10":"instock","11":"taxable","12":"shipping-taxable","13":"product-type-simple"},"_links":{"self":[{"href":"https:\/\/proline-global.com\/fr\/wp-json\/wp\/v2\/product\/1106","targetHints":{"allow":["GET"]}}],"collection":[{"href":"https:\/\/proline-global.com\/fr\/wp-json\/wp\/v2\/product"}],"about":[{"href":"https:\/\/proline-global.com\/fr\/wp-json\/wp\/v2\/types\/product"}],"wp:featuredmedia":[{"embeddable":true,"href":"https:\/\/proline-global.com\/fr\/wp-json\/wp\/v2\/media\/2401"}],"wp:attachment":[{"href":"https:\/\/proline-global.com\/fr\/wp-json\/wp\/v2\/media?parent=1106"}],"wp:term":[{"taxonomy":"product_brand","embeddable":true,"href":"https:\/\/proline-global.com\/fr\/wp-json\/wp\/v2\/product_brand?post=1106"},{"taxonomy":"product_cat","embeddable":true,"href":"https:\/\/proline-global.com\/fr\/wp-json\/wp\/v2\/product_cat?post=1106"},{"taxonomy":"product_tag","embeddable":true,"href":"https:\/\/proline-global.com\/fr\/wp-json\/wp\/v2\/product_tag?post=1106"}],"curies":[{"name":"wp","href":"https:\/\/api.w.org\/{rel}","templated":true}]}}