{"id":1229,"date":"2018-07-24T03:05:24","date_gmt":"2018-07-24T03:05:24","guid":{"rendered":"https:\/\/proline-global.com\/?post_type=product&#038;p=1229"},"modified":"2020-04-27T18:44:38","modified_gmt":"2020-04-27T18:44:38","slug":"calibration-standards","status":"publish","type":"product","link":"https:\/\/proline-global.com\/fr\/produit\/calibration-standards\/","title":{"rendered":"\u00c9talons d'\u00e9talonnage"},"content":{"rendered":"","protected":false},"excerpt":{"rendered":"<p>STANDARDS NIST (NBS) Ensemble de quatre plaques de pr\u00e9cision mont\u00e9es sur une seule carte. Utilis\u00e9 pour l'\u00e9talonnage des jauges magn\u00e9tiques de type 1. L'\u00e9paisseur certifi\u00e9e par le National Institute of Standards and Technology se situe \u00e0 5% de l'\u00e9paisseur r\u00e9elle. Taille : 6\u2033 x 4\u2033 Pr\u00e9cision : +\/- 5%<\/p>","protected":false},"featured_media":1242,"template":"","meta":{"_et_pb_use_builder":"","_et_pb_old_content":"","_et_gb_content_width":""},"product_brand":[],"product_cat":[67,127],"product_tag":[],"class_list":{"0":"post-1229","1":"product","2":"type-product","3":"status-publish","4":"has-post-thumbnail","6":"product_cat-instruments-gauges","7":"product_cat-coating-applications","9":"first","10":"instock","11":"taxable","12":"shipping-taxable","13":"product-type-simple"},"_links":{"self":[{"href":"https:\/\/proline-global.com\/fr\/wp-json\/wp\/v2\/product\/1229","targetHints":{"allow":["GET"]}}],"collection":[{"href":"https:\/\/proline-global.com\/fr\/wp-json\/wp\/v2\/product"}],"about":[{"href":"https:\/\/proline-global.com\/fr\/wp-json\/wp\/v2\/types\/product"}],"wp:featuredmedia":[{"embeddable":true,"href":"https:\/\/proline-global.com\/fr\/wp-json\/wp\/v2\/media\/1242"}],"wp:attachment":[{"href":"https:\/\/proline-global.com\/fr\/wp-json\/wp\/v2\/media?parent=1229"}],"wp:term":[{"taxonomy":"product_brand","embeddable":true,"href":"https:\/\/proline-global.com\/fr\/wp-json\/wp\/v2\/product_brand?post=1229"},{"taxonomy":"product_cat","embeddable":true,"href":"https:\/\/proline-global.com\/fr\/wp-json\/wp\/v2\/product_cat?post=1229"},{"taxonomy":"product_tag","embeddable":true,"href":"https:\/\/proline-global.com\/fr\/wp-json\/wp\/v2\/product_tag?post=1229"}],"curies":[{"name":"wp","href":"https:\/\/api.w.org\/{rel}","templated":true}]}}