{"id":1236,"date":"2018-07-24T03:02:03","date_gmt":"2018-07-24T03:02:03","guid":{"rendered":"https:\/\/proline-global.com\/?post_type=product&#038;p=1236"},"modified":"2020-04-27T18:55:26","modified_gmt":"2020-04-27T18:55:26","slug":"ultrasonic-wall-thickness-gauge","status":"publish","type":"product","link":"https:\/\/proline-global.com\/fr\/produit\/ultrasonic-wall-thickness-gauge\/","title":{"rendered":"Jauge d'\u00e9paisseur de paroi \u00e0 ultrasons"},"content":{"rendered":"<p>[et_pb_section bb_built=&#8221;1&#8243;][et_pb_row][et_pb_column type=&#8221;4_4&#8243;][et_pb_text _builder_version=&#8221;3.12.2&#8243;]<\/p>\n<p>Features: 5 MHz dual element transducer Scan Mode &#8211; measurement rate of 20 readings per second with on-screen min and max for quick inspection over a large area Comes complete with probe, couplant, protective rubber holster with belt clip, 3 AAA batteries, instructions, nylon carrying case with shoulder strap, Certificate of Calibration traceable to NIST Simple: Large, easy-to-read, graphics LCD with multilingual support One-handed menu navigation Pre-programmed velocities &#8211; simply select from a list of common materials or enter your own with ease Bi-color indicator light &#8211; ideal in a noisy environment RESET feature instantly restores gage to factory settings Durable: Solvent, acid, oil, water and dust resistant-meets or exceeds IP5X Scratch\/Solvent resistant display suitable for harsh environments Shock-absorbing protective rubber holster with belt clip Accurate: Precision ultrasonic transducers provide fast, accurate readings Certificate of Calibration showing traceability to NIST Hi-RES mode increases displayed resolution for use on applications that require greater precision to NIST included with every gauge Conforms to national and international standards including ASTM E797 Versatile: HiLo Alarm \u2013 dual-tone alarm and bi-color indicator light audibly and visibly alerts when measurements exceed operator selected limits Internal gauge memory stores up to 10,000 readings in up to 1,000 batches Built-in Clock \u2013 date and time stamps each stored measurement USB and IR ports for downloading to a PC, printer or data collector Flip Display for right-side-up viewing Backlit display for dim or dark environments Single or two point adjustment Inch\/mm switchable Selectable gauge display languages including: English, Spanish, French, German, Portuguese, Mandarin, Japanese, Norwegian, Polish, Russian, Czech and Italian<\/p>\n<p>[\/et_pb_text][et_pb_image _builder_version=&#8221;3.12.2&#8243; src=&#8221;https:\/\/proline-global.com\/wp-content\/uploads\/2018\/07\/1-1.jpg&#8221; align=&#8221;center&#8221; \/][et_pb_image _builder_version=&#8221;3.12.2&#8243; src=&#8221;https:\/\/proline-global.com\/wp-content\/uploads\/2018\/07\/2.jpg&#8221; \/][\/et_pb_column][\/et_pb_row][et_pb_row][et_pb_column type=&#8221;4_4&#8243;][et_pb_button admin_label=&#8221;PosiTector App&#8221; _builder_version=&#8221;3.12.2&#8243; button_text=&#8221;PosiTector App&#8221; url_new_window=&#8221;on&#8221; button_alignment=&#8221;center&#8221; button_url=&#8221;https:\/\/proline-global.com\/wp-content\/uploads\/2018\/07\/App.jpg&#8221; custom_button=&#8221;on&#8221; button_text_color=&#8221;#000000&#8243; button_bg_color=&#8221;#e09900&#8243; button_use_icon=&#8221;off&#8221; button_text_color_hover=&#8221;#ffffff&#8221; button_bg_color_hover=&#8221;#000000&#8243; \/][\/et_pb_column][\/et_pb_row][et_pb_row][et_pb_column type=&#8221;1_2&#8243;][et_pb_button admin_label=&#8221;UTG C1 Standard&#8221; _builder_version=&#8221;3.12.2&#8243; button_text=&#8221;UTG C1 Standard&#8221; url_new_window=&#8221;on&#8221; button_alignment=&#8221;right&#8221; button_url=&#8221;https:\/\/proline-global.com\/wp-content\/uploads\/2018\/07\/UTGC1_OrderingGuide.pdf&#8221; custom_button=&#8221;on&#8221; button_text_color=&#8221;#000000&#8243; button_bg_color=&#8221;#e09900&#8243; button_use_icon=&#8221;off&#8221; button_text_color_hover=&#8221;#ffffff&#8221; button_bg_color_hover=&#8221;#000000&#8243; \/][\/et_pb_column][et_pb_column type=&#8221;1_2&#8243;][et_pb_button admin_label=&#8221;UTG C3 Advanced&#8221; _builder_version=&#8221;3.12.2&#8243; button_text=&#8221;UTG C3 Advanced&#8221; url_new_window=&#8221;on&#8221; button_alignment=&#8221;left&#8221; custom_button=&#8221;on&#8221; button_text_color=&#8221;#000000&#8243; button_bg_color=&#8221;#e09900&#8243; button_use_icon=&#8221;off&#8221; button_text_color_hover=&#8221;#ffffff&#8221; button_bg_color_hover=&#8221;#000000&#8243; button_url=&#8221;https:\/\/proline-global.com\/wp-content\/uploads\/2018\/07\/UTGCA3_OrderingGuide.pdf&#8221; \/][\/et_pb_column][\/et_pb_row][et_pb_row][et_pb_column type=&#8221;4_4&#8243;][et_pb_button admin_label=&#8221;Probes&#8221; _builder_version=&#8221;3.12.2&#8243; button_text=&#8221;Probes&#8221; url_new_window=&#8221;on&#8221; button_alignment=&#8221;center&#8221; button_url=&#8221;https:\/\/proline-global.com\/wp-content\/uploads\/2018\/07\/PosiTectorUTG-ProbeOnly.pdf&#8221; custom_button=&#8221;on&#8221; button_text_color=&#8221;#000000&#8243; button_bg_color=&#8221;#e09900&#8243; button_use_icon=&#8221;off&#8221; button_text_color_hover=&#8221;#ffffff&#8221; button_bg_color_hover=&#8221;#000000&#8243; \/][\/et_pb_column][\/et_pb_row][\/et_pb_section]<\/p>\n","protected":false},"excerpt":{"rendered":"<p>Caract\u00e9ristiques et applications : Cette jauge d'\u00e9paisseur de paroi \u00e0 ultrasons Defelsko mesure l'\u00e9paisseur de mat\u00e9riaux tels que l'acier, le plastique et autres en utilisant la technologie des ultrasons. Id\u00e9al pour mesurer les effets de la corrosion ou de l'\u00e9rosion sur les r\u00e9servoirs, les tuyaux ou toute structure dont l'acc\u00e8s est limit\u00e9 \u00e0 un seul c\u00f4t\u00e9. Le mod\u00e8le standard mesure l'\u00e9paisseur de la paroi de mat\u00e9riaux tels que l'acier, le plastique, etc. Id\u00e9al pour mesurer les effets de la corrosion ou de l'\u00e9rosion sur les r\u00e9servoirs, les tuyaux ou toute structure dont l'acc\u00e8s est limit\u00e9 \u00e0 un seul c\u00f4t\u00e9.<\/p>","protected":false},"featured_media":1241,"template":"","meta":{"_et_pb_use_builder":"on","_et_pb_old_content":"<p>Features: 5 MHz dual element transducer Scan Mode - measurement rate of 20 readings per second with on-screen min and max for quick inspection over a large area Comes complete with probe, couplant, protective rubber holster with belt clip, 3 AAA batteries, instructions, nylon carrying case with shoulder strap, Certificate of Calibration traceable to NIST Simple: Large, easy-to-read, graphics LCD with multilingual support One-handed menu navigation Pre-programmed velocities - simply select from a list of common materials or enter your own with ease Bi-color indicator light - ideal in a noisy environment RESET feature instantly restores gage to factory settings Durable: Solvent, acid, oil, water and dust resistant-meets or exceeds IP5X Scratch\/Solvent resistant display suitable for harsh environments Shock-absorbing protective rubber holster with belt clip Accurate: Precision ultrasonic transducers provide fast, accurate readings Certificate of Calibration showing traceability to NIST Hi-RES mode increases displayed resolution for use on applications that require greater precision to NIST included with every gauge Conforms to national and international standards including ASTM E797 Versatile: HiLo Alarm \u2013 dual-tone alarm and bi-color indicator light audibly and visibly alerts when measurements exceed operator selected limits Internal gauge memory stores up to 10,000 readings in up to 1,000 batches Built-in Clock \u2013 date and time stamps each stored measurement USB and IR ports for downloading to a PC, printer or data collector Flip Display for right-side-up viewing Backlit display for dim or dark environments Single or two point adjustment Inch\/mm switchable Selectable gauge display languages including: English, Spanish, French, German, Portuguese, Mandarin, Japanese, Norwegian, Polish, Russian, Czech and Italian<\/p>","_et_gb_content_width":""},"product_brand":[],"product_cat":[67,127],"product_tag":[],"class_list":{"0":"post-1236","1":"product","2":"type-product","3":"status-publish","4":"has-post-thumbnail","6":"product_cat-instruments-gauges","7":"product_cat-coating-applications","9":"first","10":"instock","11":"taxable","12":"shipping-taxable","13":"product-type-simple"},"_links":{"self":[{"href":"https:\/\/proline-global.com\/fr\/wp-json\/wp\/v2\/product\/1236","targetHints":{"allow":["GET"]}}],"collection":[{"href":"https:\/\/proline-global.com\/fr\/wp-json\/wp\/v2\/product"}],"about":[{"href":"https:\/\/proline-global.com\/fr\/wp-json\/wp\/v2\/types\/product"}],"wp:featuredmedia":[{"embeddable":true,"href":"https:\/\/proline-global.com\/fr\/wp-json\/wp\/v2\/media\/1241"}],"wp:attachment":[{"href":"https:\/\/proline-global.com\/fr\/wp-json\/wp\/v2\/media?parent=1236"}],"wp:term":[{"taxonomy":"product_brand","embeddable":true,"href":"https:\/\/proline-global.com\/fr\/wp-json\/wp\/v2\/product_brand?post=1236"},{"taxonomy":"product_cat","embeddable":true,"href":"https:\/\/proline-global.com\/fr\/wp-json\/wp\/v2\/product_cat?post=1236"},{"taxonomy":"product_tag","embeddable":true,"href":"https:\/\/proline-global.com\/fr\/wp-json\/wp\/v2\/product_tag?post=1236"}],"curies":[{"name":"wp","href":"https:\/\/api.w.org\/{rel}","templated":true}]}}