{"id":1243,"date":"2018-07-24T03:08:08","date_gmt":"2018-07-24T03:08:08","guid":{"rendered":"https:\/\/proline-global.com\/?post_type=product&#038;p=1243"},"modified":"2020-04-27T18:42:29","modified_gmt":"2020-04-27T18:42:29","slug":"positest-fm-coating-thickness-gauge","status":"publish","type":"product","link":"https:\/\/proline-global.com\/fr\/produit\/positest-fm-coating-thickness-gauge\/","title":{"rendered":"Jauge d'\u00e9paisseur de rev\u00eatement PosiTest\u00ae FM"},"content":{"rendered":"<p><strong>\u00a0Pr\u00e9cision<\/strong><\/p>\n<p>&nbsp;<\/p>\n<ul>\n<li>Sonde en carbure tr\u00e8s r\u00e9sistante \u00e0 l'usure pour une dur\u00e9e de vie plus longue et une pr\u00e9cision continue<\/li>\n<li>Des gammes d'\u00e9chelles modernes et actualis\u00e9es pour toutes les applications<\/li>\n<li>Conforme aux normes nationales et internationales, y compris ISO et ASTM.<\/li>\n<\/ul>\n<p>&nbsp;<\/p>\n<p><strong>Durabilit\u00e9<\/strong><\/p>\n<p>&nbsp;<\/p>\n<ul>\n<li>Bo\u00eetier de jauge extra robuste, insensible aux chocs m\u00e9caniques, \u00e0 l'eau, aux acides et aux solvants<\/li>\n<li>Conception unique de la jauge, enti\u00e8rement soutenue, positionnement positif, pas de tendance au pivotement pendant la mesure<\/li>\n<li>La jauge peut \u00eatre utilis\u00e9e enti\u00e8rement soutenue ou avec seulement la partie avant de la sonde en contact avec la surface.<\/li>\n<li>Fonctionne gr\u00e2ce \u00e0 un aimant permanent en cobalt de terres rares, sans pile.<\/li>\n<li>Antid\u00e9flagrant - S\u00fbr pour les raffineries<\/li>\n<li>Indicateurs visuels et sonores positifs pour indiquer que la lecture de l'\u00e9paisseur est \u00e9tablie<\/li>\n<li>Les rainures en \"V\" du bo\u00eetier de la sonde et de la base de la jauge permettent un positionnement correct sur des objets cylindriques.<\/li>\n<li>Compact, l\u00e9ger, \u00e9quilibr\u00e9 avec pr\u00e9cision, ind\u00e9pendant de la gravit\u00e9 - La jauge peut \u00eatre utilis\u00e9e dans n'importe quelle position<\/li>\n<li>Le bouton GO \/ NO-GO peut \u00eatre pr\u00e9r\u00e9gl\u00e9 pour une mesure rapide<\/li>\n<li>Contact avec la sonde et rotation du cadran d'un seul doigt<\/li>\n<li>La jauge est fournie avec une sangle de poignet, une sangle de cou et des instructions dans un \u00e9tui en cuir de haute qualit\u00e9 avec des boucles de ceinture pour plus de commodit\u00e9.<\/li>\n<\/ul>","protected":false},"excerpt":{"rendered":"<p>Mesureur d'\u00e9paisseur \u00e0 arrachement magn\u00e9tique pour la mesure non destructive de rev\u00eatements non magn\u00e9tiques (peinture, \u00e9mail, plastique, galvanisation, m\u00e9tallisation, placage, etc.) sur l'ACIER.<\/p>","protected":false},"featured_media":1247,"template":"","meta":{"_et_pb_use_builder":"","_et_pb_old_content":"","_et_gb_content_width":""},"product_brand":[],"product_cat":[67,127],"product_tag":[],"class_list":{"0":"post-1243","1":"product","2":"type-product","3":"status-publish","4":"has-post-thumbnail","6":"product_cat-instruments-gauges","7":"product_cat-coating-applications","9":"first","10":"instock","11":"taxable","12":"shipping-taxable","13":"product-type-simple"},"_links":{"self":[{"href":"https:\/\/proline-global.com\/fr\/wp-json\/wp\/v2\/product\/1243","targetHints":{"allow":["GET"]}}],"collection":[{"href":"https:\/\/proline-global.com\/fr\/wp-json\/wp\/v2\/product"}],"about":[{"href":"https:\/\/proline-global.com\/fr\/wp-json\/wp\/v2\/types\/product"}],"wp:featuredmedia":[{"embeddable":true,"href":"https:\/\/proline-global.com\/fr\/wp-json\/wp\/v2\/media\/1247"}],"wp:attachment":[{"href":"https:\/\/proline-global.com\/fr\/wp-json\/wp\/v2\/media?parent=1243"}],"wp:term":[{"taxonomy":"product_brand","embeddable":true,"href":"https:\/\/proline-global.com\/fr\/wp-json\/wp\/v2\/product_brand?post=1243"},{"taxonomy":"product_cat","embeddable":true,"href":"https:\/\/proline-global.com\/fr\/wp-json\/wp\/v2\/product_cat?post=1243"},{"taxonomy":"product_tag","embeddable":true,"href":"https:\/\/proline-global.com\/fr\/wp-json\/wp\/v2\/product_tag?post=1243"}],"curies":[{"name":"wp","href":"https:\/\/api.w.org\/{rel}","templated":true}]}}