{"id":1254,"date":"2018-07-24T03:20:35","date_gmt":"2018-07-24T03:20:35","guid":{"rendered":"https:\/\/proline-global.com\/?post_type=product&#038;p=1254"},"modified":"2020-03-03T19:22:48","modified_gmt":"2020-03-03T19:22:48","slug":"bending-protractor","status":"publish","type":"product","link":"https:\/\/proline-global.com\/fr\/produit\/bending-protractor\/","title":{"rendered":"Rapporteur pour le cintrage des tuyaux"},"content":{"rendered":"<p>[et_pb_section bb_built=&#8221;1&#8243;][et_pb_row][et_pb_column type=&#8221;4_4&#8243;][et_pb_text _builder_version=&#8221;3.12.2&#8243;]<\/p>\n<ul>\n<li>Measures angles quickly and accurately<\/li>\n<li>Radius arc is equally divided to single degrees (65\u00ba &#8211; 0\u00ba &#8211; 65\u00ba)<\/li>\n<li>Vernier arm reads angle to 15 minutes of a degree<\/li>\n<li>Level vial is easily adjusted to reference base<\/li>\n<li>Base magnets with detachable magnetic covers<\/li>\n<li>Small &amp; Lightweight, made of corrosion resistant metal<\/li>\n<li>No need for batteries or any other power source<\/li>\n<\/ul>\n<p>[\/et_pb_text][\/et_pb_column][\/et_pb_row][et_pb_row][et_pb_column type=&#8221;4_4&#8243;][et_pb_image admin_label=&#8221;Everything&#8221; _builder_version=&#8221;3.12.2&#8243; src=&#8221;https:\/\/proline-global.com\/wp-content\/uploads\/2018\/07\/IMG_0421.jpg&#8221; \/][\/et_pb_column][\/et_pb_row][et_pb_row][et_pb_column type=&#8221;1_2&#8243;][et_pb_image admin_label=&#8221;in storage case&#8221; _builder_version=&#8221;3.12.2&#8243; src=&#8221;https:\/\/proline-global.com\/wp-content\/uploads\/2018\/07\/IMG_0394.jpg&#8221; \/][et_pb_text _builder_version=&#8221;3.12.2&#8243;]<\/p>\n<p>VELCRO LOCKING STORAGE BAG<\/p>\n<p>[\/et_pb_text][et_pb_text _builder_version=&#8221;3.12.2&#8243;]<\/p>\n<p>&nbsp;<\/p>\n<p>&nbsp;<\/p>\n<p style=\"text-align: right;\">MAGNETS KEEP IT ON THE PIPE<\/p>\n<p>[\/et_pb_text][\/et_pb_column][et_pb_column type=&#8221;1_2&#8243;][et_pb_image admin_label=&#8221;magnets engaged&#8221; _builder_version=&#8221;3.12.2&#8243; src=&#8221;https:\/\/proline-global.com\/wp-content\/uploads\/2018\/07\/IMG_0420.jpg&#8221; \/][\/et_pb_column][\/et_pb_row][et_pb_row][et_pb_column type=&#8221;1_2&#8243;][et_pb_button admin_label=&#8221;Button &#8211; BROCHURE&#8221; _builder_version=&#8221;3.12.2&#8243; button_text=&#8221;BROCHURE&#8221; url_new_window=&#8221;on&#8221; button_alignment=&#8221;center&#8221; button_url=&#8221;https:\/\/proline-global.com\/wp-content\/uploads\/2018\/07\/Brochure-Bending-Protractor-1.pdf&#8221; custom_button=&#8221;on&#8221; button_text_color=&#8221;#000000&#8243; button_bg_color=&#8221;#e09900&#8243; button_border_width=&#8221;0&#8243; button_border_radius=&#8221;0&#8243; button_use_icon=&#8221;off&#8221; button_text_color_hover=&#8221;#000000&#8243; button_border_radius_hover=&#8221;0&#8243; \/][\/et_pb_column][et_pb_column type=&#8221;1_2&#8243;][et_pb_button admin_label=&#8221;Button &#8211; OPERATING INSTRUCTIONS&#8221; _builder_version=&#8221;3.12.2&#8243; button_text=&#8221;OPERATING INSTRUCTIONS&#8221; url_new_window=&#8221;on&#8221; button_alignment=&#8221;left&#8221; button_url=&#8221;https:\/\/proline-global.com\/wp-content\/uploads\/2018\/07\/Protractor-Instructions.pdf&#8221; custom_button=&#8221;on&#8221; button_text_color=&#8221;#000000&#8243; button_bg_color=&#8221;#e09900&#8243; button_border_width=&#8221;0&#8243; button_border_radius=&#8221;0&#8243; button_use_icon=&#8221;off&#8221; button_text_color_hover=&#8221;#000000&#8243; button_border_radius_hover=&#8221;0&#8243; \/][\/et_pb_column][\/et_pb_row][\/et_pb_section]<\/p>\n","protected":false},"excerpt":{"rendered":"<p><span class=\"irc_su\" dir=\"ltr\">Le rapporteur de cintrage de tuyaux est utilis\u00e9 pour mesurer avec pr\u00e9cision l'angle de cintrage des tuyaux. Fabriqu\u00e9 en m\u00e9tal r\u00e9sistant \u00e0 la corrosion, le rapporteur a un arc divis\u00e9 de 65-0-65 degr\u00e9s.  Le kit comprend le rapporteur, des aimants de pied pour le maintenir sur le tuyau lorsqu'il est utilis\u00e9, des couvercles aimant\u00e9s pour les p\u00e9riodes o\u00f9 il n'est pas utilis\u00e9 et un sac de transport\/rangement \u00e0 fermeture velcro pour prot\u00e9ger l'unit\u00e9 des intemp\u00e9ries.<\/span><\/p>","protected":false},"featured_media":3852,"template":"","meta":{"_et_pb_use_builder":"on","_et_pb_old_content":"<ul><li>Measures angles quickly and accurately<\/li><li>Radius arc is equally divided to single degrees (60\u00ba - 0\u00ba - 60\u00ba)<\/li><li>Vernier arm reads angle to 15 minutes of a degree<\/li><li>Level vial is easily adjusted to reference base<\/li><li>Detachable base magnets with manetic keepers<\/li><li>Small & Lightweight, made of corrosion resistant metal<\/li><\/ul>","_et_gb_content_width":""},"product_brand":[],"product_cat":[67,128],"product_tag":[],"class_list":{"0":"post-1254","1":"product","2":"type-product","3":"status-publish","4":"has-post-thumbnail","6":"product_cat-instruments-gauges","7":"product_cat-bending-applications","9":"first","10":"instock","11":"taxable","12":"shipping-taxable","13":"product-type-simple"},"_links":{"self":[{"href":"https:\/\/proline-global.com\/fr\/wp-json\/wp\/v2\/product\/1254","targetHints":{"allow":["GET"]}}],"collection":[{"href":"https:\/\/proline-global.com\/fr\/wp-json\/wp\/v2\/product"}],"about":[{"href":"https:\/\/proline-global.com\/fr\/wp-json\/wp\/v2\/types\/product"}],"wp:featuredmedia":[{"embeddable":true,"href":"https:\/\/proline-global.com\/fr\/wp-json\/wp\/v2\/media\/3852"}],"wp:attachment":[{"href":"https:\/\/proline-global.com\/fr\/wp-json\/wp\/v2\/media?parent=1254"}],"wp:term":[{"taxonomy":"product_brand","embeddable":true,"href":"https:\/\/proline-global.com\/fr\/wp-json\/wp\/v2\/product_brand?post=1254"},{"taxonomy":"product_cat","embeddable":true,"href":"https:\/\/proline-global.com\/fr\/wp-json\/wp\/v2\/product_cat?post=1254"},{"taxonomy":"product_tag","embeddable":true,"href":"https:\/\/proline-global.com\/fr\/wp-json\/wp\/v2\/product_tag?post=1254"}],"curies":[{"name":"wp","href":"https:\/\/api.w.org\/{rel}","templated":true}]}}