{"id":1258,"date":"2018-07-24T03:35:47","date_gmt":"2018-07-24T03:35:47","guid":{"rendered":"https:\/\/proline-global.com\/?post_type=product&#038;p=1258"},"modified":"2020-04-27T18:35:10","modified_gmt":"2020-04-27T18:35:10","slug":"pit-gauges","status":"publish","type":"product","link":"https:\/\/proline-global.com\/fr\/produit\/pit-gauges\/","title":{"rendered":"Jauges de fosse"},"content":{"rendered":"<ul>\n<li>Plage de 0 \u00e0 1\/2\u2033 par incr\u00e9ments de 1\/64\u2033 et .020<\/li>\n<li>Le bras peut \u00eatre bloqu\u00e9 en place \u00e0 n'importe quelle dimension<\/li>\n<li>Construction enti\u00e8rement en acier inoxydable<\/li>\n<li>La jauge tient dans une poche de chemise et est livr\u00e9e dans une pochette de protection.<\/li>\n<li>Formules pratiques au recto et \u00e9quivalents d\u00e9cimaux au verso<\/li>\n<\/ul>","protected":false},"excerpt":{"rendered":"<p>Range is 0 to 1\/2&#8243; in 1\/64&#8243; &amp; .020 increments Arm can be locked in place at any dimension All stainless steel construction Gauge will fit in shirt pocket &amp; comes in a pocket protector Has handy formulas on front &amp; decimal equivalents on back<\/p>","protected":false},"featured_media":1272,"template":"","meta":{"_et_pb_use_builder":"","_et_pb_old_content":"","_et_gb_content_width":""},"product_brand":[],"product_cat":[67,129],"product_tag":[],"class_list":{"0":"post-1258","1":"product","2":"type-product","3":"status-publish","4":"has-post-thumbnail","6":"product_cat-instruments-gauges","7":"product_cat-welding-applications","9":"first","10":"instock","11":"taxable","12":"shipping-taxable","13":"product-type-simple"},"_links":{"self":[{"href":"https:\/\/proline-global.com\/fr\/wp-json\/wp\/v2\/product\/1258","targetHints":{"allow":["GET"]}}],"collection":[{"href":"https:\/\/proline-global.com\/fr\/wp-json\/wp\/v2\/product"}],"about":[{"href":"https:\/\/proline-global.com\/fr\/wp-json\/wp\/v2\/types\/product"}],"wp:featuredmedia":[{"embeddable":true,"href":"https:\/\/proline-global.com\/fr\/wp-json\/wp\/v2\/media\/1272"}],"wp:attachment":[{"href":"https:\/\/proline-global.com\/fr\/wp-json\/wp\/v2\/media?parent=1258"}],"wp:term":[{"taxonomy":"product_brand","embeddable":true,"href":"https:\/\/proline-global.com\/fr\/wp-json\/wp\/v2\/product_brand?post=1258"},{"taxonomy":"product_cat","embeddable":true,"href":"https:\/\/proline-global.com\/fr\/wp-json\/wp\/v2\/product_cat?post=1258"},{"taxonomy":"product_tag","embeddable":true,"href":"https:\/\/proline-global.com\/fr\/wp-json\/wp\/v2\/product_tag?post=1258"}],"curies":[{"name":"wp","href":"https:\/\/api.w.org\/{rel}","templated":true}]}}