{"id":1265,"date":"2018-07-24T03:36:42","date_gmt":"2018-07-24T03:36:42","guid":{"rendered":"https:\/\/proline-global.com\/?post_type=product&#038;p=1265"},"modified":"2020-04-27T18:34:48","modified_gmt":"2020-04-27T18:34:48","slug":"tri-gauge","status":"publish","type":"product","link":"https:\/\/proline-global.com\/fr\/produit\/tri-gauge\/","title":{"rendered":"Tri-Gauge"},"content":{"rendered":"","protected":false},"excerpt":{"rendered":"<p>Le Tri-Gauge\u00ae est la jauge de puits \u00e0 levier la plus polyvalente aujourd'hui, avec ses deux \u00e9chelles m\u00e9triques et imp\u00e9riales. En outre, la Tri-Gauge\u00ae sert de jauge d'inspection de soudure de base pour la profondeur de contre-d\u00e9pouille, la hauteur de la couronne de soudure, un comparateur de porosit\u00e9 (diam\u00e8tre) et des r\u00e8gles m\u00e9triques et imp\u00e9riales. Le Tri-Gauge\u00ae est \u00e9quip\u00e9 d'un syst\u00e8me brevet\u00e9 de correction du d\u00e9calage de l'aiguille pour am\u00e9liorer la pr\u00e9cision et la r\u00e9p\u00e9tabilit\u00e9. Les jauges de fosse \u00e0 levier sont destin\u00e9es \u00e0 \u00e9valuer la corrosion et ne constituent pas un outil de mesure absolu. Le Tri-Gauge\u00ae est fourni avec un \u00e9tui de type Pocket Protector et des instructions.<\/p>","protected":false},"featured_media":1274,"template":"","meta":{"_et_pb_use_builder":"","_et_pb_old_content":"","_et_gb_content_width":""},"product_brand":[],"product_cat":[67,129],"product_tag":[],"class_list":{"0":"post-1265","1":"product","2":"type-product","3":"status-publish","4":"has-post-thumbnail","6":"product_cat-instruments-gauges","7":"product_cat-welding-applications","9":"first","10":"instock","11":"taxable","12":"shipping-taxable","13":"product-type-simple"},"_links":{"self":[{"href":"https:\/\/proline-global.com\/fr\/wp-json\/wp\/v2\/product\/1265","targetHints":{"allow":["GET"]}}],"collection":[{"href":"https:\/\/proline-global.com\/fr\/wp-json\/wp\/v2\/product"}],"about":[{"href":"https:\/\/proline-global.com\/fr\/wp-json\/wp\/v2\/types\/product"}],"wp:featuredmedia":[{"embeddable":true,"href":"https:\/\/proline-global.com\/fr\/wp-json\/wp\/v2\/media\/1274"}],"wp:attachment":[{"href":"https:\/\/proline-global.com\/fr\/wp-json\/wp\/v2\/media?parent=1265"}],"wp:term":[{"taxonomy":"product_brand","embeddable":true,"href":"https:\/\/proline-global.com\/fr\/wp-json\/wp\/v2\/product_brand?post=1265"},{"taxonomy":"product_cat","embeddable":true,"href":"https:\/\/proline-global.com\/fr\/wp-json\/wp\/v2\/product_cat?post=1265"},{"taxonomy":"product_tag","embeddable":true,"href":"https:\/\/proline-global.com\/fr\/wp-json\/wp\/v2\/product_tag?post=1265"}],"curies":[{"name":"wp","href":"https:\/\/api.w.org\/{rel}","templated":true}]}}