{"id":1567,"date":"2018-07-26T07:26:34","date_gmt":"2018-07-26T07:26:34","guid":{"rendered":"https:\/\/proline-global.com\/?post_type=product&#038;p=1567"},"modified":"2020-01-28T22:19:17","modified_gmt":"2020-01-28T22:19:17","slug":"dual-push-button-deadman-control-relief-valve","status":"publish","type":"product","link":"https:\/\/proline-global.com\/fr\/produit\/dual-push-button-deadman-control-relief-valve\/","title":{"rendered":"Soupape de contr\u00f4le et de d\u00e9charge \u00e0 double bouton-poussoir pour homme mort"},"content":{"rendered":"<p>[et_pb_section bb_built=&#8221;1&#8243;][et_pb_row][et_pb_column type=&#8221;4_4&#8243;][et_pb_text]<\/p>\n<p>Dual Push Button Deadman control with 120 psi\/8 bar relief valve used to control inflation and deflation with one common air source of Matjack high pressure air lifting bags, come standard with two 0-160 psi\/10 bar gauges.<\/p>\n<p>[\/et_pb_text][\/et_pb_column][\/et_pb_row][\/et_pb_section]<\/p>\n","protected":false},"excerpt":{"rendered":"<p><div class=\"et_pb_row et_pb_row_0 et_pb_row_empty\">\n\t\t\t\t\n\t\t\t\t\n\t\t\t\t\n\t\t\t\t\n\t\t\t\t\n\t\t\t<\/div><div class=\"et_pb_module et_pb_text et_pb_text_0  et_pb_text_align_left et_pb_bg_layout_light\">\n\t\t\t\t\n\t\t\t\t\n\t\t\t\t\n\t\t\t\t\n\t\t\t\t\n\t\t\t<\/div> Dual Push Button Deadman control with 120 psi\/8 bar relief valve used to control inflation and deflation with one common air source of Matjack high pressure air lifting bags, come standard with two 0-160 psi\/10 bar gauges.<\/p>","protected":false},"featured_media":1568,"template":"","meta":{"_et_pb_use_builder":"on","_et_pb_old_content":"<p>Dual Push Button Deadman control with 120 psi\/8 bar relief valve used to control inflation and deflation with one common air source of Matjack high pressure air lifting bags, come standard with two 0-160 psi\/10 bar gauges.<\/p>","_et_gb_content_width":""},"product_brand":[],"product_cat":[148],"product_tag":[],"class_list":{"0":"post-1567","1":"product","2":"type-product","3":"status-publish","4":"has-post-thumbnail","6":"product_cat-matjack-air-lifting-bags","8":"first","9":"instock","10":"taxable","11":"shipping-taxable","12":"product-type-simple"},"_links":{"self":[{"href":"https:\/\/proline-global.com\/fr\/wp-json\/wp\/v2\/product\/1567","targetHints":{"allow":["GET"]}}],"collection":[{"href":"https:\/\/proline-global.com\/fr\/wp-json\/wp\/v2\/product"}],"about":[{"href":"https:\/\/proline-global.com\/fr\/wp-json\/wp\/v2\/types\/product"}],"wp:featuredmedia":[{"embeddable":true,"href":"https:\/\/proline-global.com\/fr\/wp-json\/wp\/v2\/media\/1568"}],"wp:attachment":[{"href":"https:\/\/proline-global.com\/fr\/wp-json\/wp\/v2\/media?parent=1567"}],"wp:term":[{"taxonomy":"product_brand","embeddable":true,"href":"https:\/\/proline-global.com\/fr\/wp-json\/wp\/v2\/product_brand?post=1567"},{"taxonomy":"product_cat","embeddable":true,"href":"https:\/\/proline-global.com\/fr\/wp-json\/wp\/v2\/product_cat?post=1567"},{"taxonomy":"product_tag","embeddable":true,"href":"https:\/\/proline-global.com\/fr\/wp-json\/wp\/v2\/product_tag?post=1567"}],"curies":[{"name":"wp","href":"https:\/\/api.w.org\/{rel}","templated":true}]}}