{"id":1571,"date":"2018-07-26T07:28:44","date_gmt":"2018-07-26T07:28:44","guid":{"rendered":"https:\/\/proline-global.com\/?post_type=product&#038;p=1571"},"modified":"2020-01-28T22:17:55","modified_gmt":"2020-01-28T22:17:55","slug":"matjack-air-lifting-bag-specs-101k","status":"publish","type":"product","link":"https:\/\/proline-global.com\/fr\/produit\/matjack-air-lifting-bag-specs-101k\/","title":{"rendered":"MatJack Air Lifting Bag Specs : 101K"},"content":{"rendered":"<p>[et_pb_section bb_built=&#8221;1&#8243;][et_pb_row][et_pb_column type=&#8221;4_4&#8243;][et_pb_text _builder_version=&#8221;3.12.2&#8243;]<\/p>\n<p><strong>Arimid Fiber Air Bag Construction<\/strong><br \/>\nMatjacks offers a unique construction to their air bags. The Aramid Fiber air bag features four full layers of Aramid Fiber per side. These bags are used primarily in low duty cycle applications such as rescue.<\/p>\n<p>All Matjack high pressure air lifting bags are marked with a distinct &#8220;bulls eye&#8221; for ease of centering under the load, and have a conical, interlocking surface to limit slippage and aid in stacking. All Matjacks have either carry handles or tabs\/eyelets molded right on for lifting or attaching to fixtures.<\/p>\n<p>Available in a variety of sizes and ranging in lifting capacity from 1.5 tons to 86 tons, the Matjack air lifting bag system is efficient, economical, safe and reliable. Matjack high pressure air lifting bags are made in the USA, are ISO and CE Certified and best of all come with a 5 year unconditional warranty!<\/p>\n<p><strong>MAKING THEM SIMPLY THE BEST<br \/>\n<\/strong><\/p>\n<table border=\"1\">\n<tbody>\n<tr>\n<td colspan=\"2\"><strong>1.5 Ton Matjack High Pressure Air Lifting Bag<\/strong><\/td>\n<\/tr>\n<tr>\n<td>Type of Reinforcement<\/td>\n<td>Aramid<\/td>\n<\/tr>\n<tr>\n<td>Dimensions<\/td>\n<td>6 x 6 x 0.75 in.<\/td>\n<\/tr>\n<tr>\n<td>Working Pressure<\/td>\n<td>120 psi<\/td>\n<\/tr>\n<tr>\n<td>Weight<\/td>\n<td>2 lbs.<\/td>\n<\/tr>\n<tr>\n<td>Deflated Height<\/td>\n<td>.75 in.<\/td>\n<\/tr>\n<tr>\n<td>Inflated Height<\/td>\n<td>2.5 in.<\/td>\n<\/tr>\n<tr>\n<td>Lift Capacity<\/td>\n<td>1.5 Ton<\/td>\n<\/tr>\n<tr>\n<td>Eyelets \/ Tabs<\/td>\n<td>4<\/td>\n<\/tr>\n<\/tbody>\n<\/table>\n<p>[\/et_pb_text][et_pb_text]<\/p>\n<ul>\n<li><strong>Part #:<\/strong>\u00a0101K<\/li>\n<li><strong>Model:<\/strong>\u00a01.5 ton<\/li>\n<li><strong>Material Type:<\/strong>\u00a0ARAMID<\/li>\n<li><strong>Dimensions ( in \/ cm \u00a0):<\/strong>\u00a06 x 6 x .75 in. | 15.24 x 15.24 x 1.9 cm<\/li>\n<li><strong>Capcity (US tons \/ metric tons):<\/strong>\u00a01.5 | 1.3<\/li>\n<li><strong>Lifting Height ( in \/ cm):<\/strong>\u00a02.5in | 6cm<\/li>\n<li><strong>Weight (lbs \/ kg):<\/strong>\u00a02lbs | 0.9kg<\/li>\n<li><strong>MAX working pressure:<\/strong>\u00a0120psi | 8 bar<\/li>\n<li><strong>Shape:<\/strong>\u00a0Square<\/li>\n<li><strong>Handles: Tabs with Eyelets<\/strong>\u00a0: 2 Tabs<\/li>\n<li><strong>Volume \u2013 Air ( cu. ft \/ ltr ):<\/strong>\u00a0\u00a00.2 cu. ft | 6.3 ltr<\/li>\n<\/ul>\n<p>[\/et_pb_text][\/et_pb_column][\/et_pb_row][\/et_pb_section]<\/p>\n","protected":false},"excerpt":{"rendered":"<p>Les coussins de levage \u00e0 air comprim\u00e9 Matjack ne n\u00e9cessitent qu'un d\u00e9gagement de 1\u2033 et peuvent soulever plusieurs tonnes en appuyant sur un bouton. Les coussins de levage \u00e0 air comprim\u00e9 Matjack sont principalement utilis\u00e9s dans les situations de faible insertion o\u00f9 des poids lourds doivent \u00eatre soulev\u00e9s, comme le levage de b\u00e2timents, le sauvetage, les transferts de charge, la r\u00e9cup\u00e9ration de charges lourdes et le d\u00e9placement de machines, pour n'en citer que quelques-unes.<\/p>","protected":false},"featured_media":4125,"template":"","meta":{"_et_pb_use_builder":"on","_et_pb_old_content":"<ul><li><strong>Part #:<\/strong>\u00a0101K<\/li><li><strong>Model:<\/strong>\u00a01.5 ton<\/li><li><strong>Material Type:<\/strong>\u00a0ARAMID<\/li><li><strong>Dimensions ( in \/ cm \u00a0):<\/strong>\u00a06 x 6 x .75 in. | 15.24 x 15.24 x 1.9 cm<\/li><li><strong>Capcity (US tons \/ metric tons):<\/strong>\u00a01.5 | 1.3<\/li><li><strong>Lifting Height ( in \/ cm):<\/strong>\u00a02.5in | 6cm<\/li><li><strong>Weight (lbs \/ kg):<\/strong>\u00a02lbs | 0.9kg<\/li><li><strong>MAX working pressure:<\/strong>\u00a0120psi | 8 bar<\/li><li><strong>Shape:<\/strong>\u00a0Square<\/li><li><strong>Handles: Tabs with Eyelets<\/strong>\u00a0: 2 Tabs<\/li><li><strong>Volume \u2013 Air ( cu. ft \/ ltr ):<\/strong>\u00a0\u00a00.2 cu. ft | 6.3 ltr<\/li><\/ul>","_et_gb_content_width":""},"product_brand":[],"product_cat":[148],"product_tag":[],"class_list":{"0":"post-1571","1":"product","2":"type-product","3":"status-publish","4":"has-post-thumbnail","6":"product_cat-matjack-air-lifting-bags","8":"first","9":"instock","10":"taxable","11":"shipping-taxable","12":"product-type-simple"},"_links":{"self":[{"href":"https:\/\/proline-global.com\/fr\/wp-json\/wp\/v2\/product\/1571","targetHints":{"allow":["GET"]}}],"collection":[{"href":"https:\/\/proline-global.com\/fr\/wp-json\/wp\/v2\/product"}],"about":[{"href":"https:\/\/proline-global.com\/fr\/wp-json\/wp\/v2\/types\/product"}],"wp:featuredmedia":[{"embeddable":true,"href":"https:\/\/proline-global.com\/fr\/wp-json\/wp\/v2\/media\/4125"}],"wp:attachment":[{"href":"https:\/\/proline-global.com\/fr\/wp-json\/wp\/v2\/media?parent=1571"}],"wp:term":[{"taxonomy":"product_brand","embeddable":true,"href":"https:\/\/proline-global.com\/fr\/wp-json\/wp\/v2\/product_brand?post=1571"},{"taxonomy":"product_cat","embeddable":true,"href":"https:\/\/proline-global.com\/fr\/wp-json\/wp\/v2\/product_cat?post=1571"},{"taxonomy":"product_tag","embeddable":true,"href":"https:\/\/proline-global.com\/fr\/wp-json\/wp\/v2\/product_tag?post=1571"}],"curies":[{"name":"wp","href":"https:\/\/api.w.org\/{rel}","templated":true}]}}