{"id":1582,"date":"2018-07-26T07:38:50","date_gmt":"2018-07-26T07:38:50","guid":{"rendered":"https:\/\/proline-global.com\/?post_type=product&#038;p=1582"},"modified":"2020-01-28T21:57:34","modified_gmt":"2020-01-28T21:57:34","slug":"matjack-air-lifting-bag-specs132k","status":"publish","type":"product","link":"https:\/\/proline-global.com\/fr\/produit\/matjack-air-lifting-bag-specs132k\/","title":{"rendered":"MatJack Air Lifting Bag Specs : 132K"},"content":{"rendered":"<p>[et_pb_section bb_built=&#8221;1&#8243;][et_pb_row][et_pb_column type=&#8221;4_4&#8243;][et_pb_text _builder_version=&#8221;3.12.2&#8243;]<\/p>\n<p><strong>Aramid Fiber:<\/strong> Matjacks offers a unique construction to their air bags. The Aramid Fiber air bag features four full layers of Aramid Fiber per side. These bags are used primarily in low duty cycle applications such as rescue.<\/p>\n<p>All Matjack high pressure air lifting bags are marked with a distinct &#8220;bulls eye&#8221; for ease of centering under the load, and have a conical, interlocking surface to limit slippage and aid in stacking. All Matjacks have either carry handles or tabs\/eyelets molded right on for lifting or attaching to fixtures.<\/p>\n<p>Available in a variety of sizes and ranging in lifting capacity from 1.5 tons to 86 tons, the Matjack air lifting bag system is efficient, economical, safe and reliable. Matjack high pressure air lifting bags are made in the USA, are ISO and CE Certified and best of all come with a 5 year unconditional warranty!<\/p>\n<p><strong>MAKING THEM SIMPLY THE BEST<\/strong><\/p>\n<p>[\/et_pb_text][et_pb_text]<\/p>\n<ul>\n<li><strong>Part #:<\/strong>\u00a0132K<\/li>\n<li><strong>Model:<\/strong>\u00a032 ton<\/li>\n<li><strong>Material Type:<\/strong>\u00a0ARAMID<\/li>\n<li><strong>Dimensions ( in \/ cm \u00a0):<\/strong>\u00a021 x 25 x 1 in. | 53.34 x 63.5 x 2.54 cm<\/li>\n<li><strong>Capcity (US tons \/ metric tons):\u00a0<\/strong>32 | 29<\/li>\n<li><strong>Lifting Height ( in \/ cm):<\/strong>\u00a0 12in | 30cm<\/li>\n<li><strong>Weight (lbs \/ kg):<\/strong>\u00a028lbs | 12.7kg<\/li>\n<li><strong>MAX working pressure:<\/strong>\u00a0120psi | 8 bar<\/li>\n<li><strong>Shape:<\/strong>\u00a0Rectangle<\/li>\n<li><strong>Handles: Tabs with Eyelets<\/strong>\u00a0: \u00a01 Handle<\/li>\n<li><strong>Volume \u2013 Air ( cu. ft \/ ltr ):<\/strong>\u00a0 11.58 cu. ft | 328 ltr<\/li>\n<\/ul>\n<p>[\/et_pb_text][\/et_pb_column][\/et_pb_row][\/et_pb_section]<\/p>\n","protected":false},"excerpt":{"rendered":"<p>Les coussins de levage \u00e0 air comprim\u00e9 Matjack ne n\u00e9cessitent qu'un d\u00e9gagement de 1\u2033 et peuvent soulever plusieurs tonnes en appuyant sur un bouton. Les coussins de levage \u00e0 air comprim\u00e9 Matjack sont principalement utilis\u00e9s dans les situations de faible insertion o\u00f9 des poids lourds doivent \u00eatre soulev\u00e9s, comme le levage de b\u00e2timents, le sauvetage, les transferts de charge, la r\u00e9cup\u00e9ration de charges lourdes et le d\u00e9placement de machines, pour n'en citer que quelques-unes.<\/p>","protected":false},"featured_media":4133,"template":"","meta":{"_et_pb_use_builder":"on","_et_pb_old_content":"<ul><li><strong>Part #:<\/strong>\u00a0132K<\/li><li><strong>Model:<\/strong>\u00a032 ton<\/li><li><strong>Material Type:<\/strong>\u00a0ARAMID<\/li><li><strong>Dimensions ( in \/ cm \u00a0):<\/strong>\u00a021 x 25 x 1 in. | 53.34 x 63.5 x 2.54 cm<\/li><li><strong>Capcity (US tons \/ metric tons):\u00a0<\/strong>32 | 29<\/li><li><strong>Lifting Height ( in \/ cm):<\/strong>\u00a0 12in | 30cm<\/li><li><strong>Weight (lbs \/ kg):<\/strong>\u00a028lbs | 12.7kg<\/li><li><strong>MAX working pressure:<\/strong>\u00a0120psi | 8 bar<\/li><li><strong>Shape:<\/strong>\u00a0Rectangle<\/li><li><strong>Handles: Tabs with Eyelets<\/strong>\u00a0: \u00a01 Handle<\/li><li><strong>Volume \u2013 Air ( cu. ft \/ ltr ):<\/strong>\u00a0 11.58 cu. ft | 328 ltr<\/li><\/ul>","_et_gb_content_width":""},"product_brand":[],"product_cat":[148],"product_tag":[],"class_list":{"0":"post-1582","1":"product","2":"type-product","3":"status-publish","4":"has-post-thumbnail","6":"product_cat-matjack-air-lifting-bags","8":"first","9":"instock","10":"taxable","11":"shipping-taxable","12":"product-type-simple"},"_links":{"self":[{"href":"https:\/\/proline-global.com\/fr\/wp-json\/wp\/v2\/product\/1582","targetHints":{"allow":["GET"]}}],"collection":[{"href":"https:\/\/proline-global.com\/fr\/wp-json\/wp\/v2\/product"}],"about":[{"href":"https:\/\/proline-global.com\/fr\/wp-json\/wp\/v2\/types\/product"}],"wp:featuredmedia":[{"embeddable":true,"href":"https:\/\/proline-global.com\/fr\/wp-json\/wp\/v2\/media\/4133"}],"wp:attachment":[{"href":"https:\/\/proline-global.com\/fr\/wp-json\/wp\/v2\/media?parent=1582"}],"wp:term":[{"taxonomy":"product_brand","embeddable":true,"href":"https:\/\/proline-global.com\/fr\/wp-json\/wp\/v2\/product_brand?post=1582"},{"taxonomy":"product_cat","embeddable":true,"href":"https:\/\/proline-global.com\/fr\/wp-json\/wp\/v2\/product_cat?post=1582"},{"taxonomy":"product_tag","embeddable":true,"href":"https:\/\/proline-global.com\/fr\/wp-json\/wp\/v2\/product_tag?post=1582"}],"curies":[{"name":"wp","href":"https:\/\/api.w.org\/{rel}","templated":true}]}}