{"id":1773,"date":"2018-07-30T05:31:41","date_gmt":"2018-07-30T05:31:41","guid":{"rendered":"https:\/\/proline-global.com\/?post_type=product&#038;p=1773"},"modified":"2019-05-31T19:32:15","modified_gmt":"2019-05-31T19:32:15","slug":"mpr24-24-multi-directional-pipe-roller","status":"publish","type":"product","link":"https:\/\/proline-global.com\/fr\/produit\/mpr24-24-multi-directional-pipe-roller\/","title":{"rendered":"MPR24 - Rouleau multidirectionnel pour tuyaux de 24\u2033."},"content":{"rendered":"<p>[et_pb_section bb_built=&#8221;1&#8243;][et_pb_row][et_pb_column type=&#8221;4_4&#8243;][et_pb_text]<\/p>\n<p>JAVELIN PIPE ROLLERS: \u00a0Extra care is taken to make sure the wheels of our pipe rollers are perfectly aligned. They are built with extra solid frames, quality bearings, wide wheels and long wheel bases for true tracking. A well designed pipe roller makes it much easier for welders to get a smooth bead and to do it safely.<\/p>\n<div><strong>Note: Pipe crawl can become dangerous if unobserved, potentially allowing a pipe to flip off a roller.<\/strong><\/div>\n<div><\/div>\n<div>\n<ul>\n<li>Load Rated 2600 LB<\/li>\n<li>Best for 2\u201d-24\u201d diameter pipe<\/li>\n<li>Two superior quality, hardened stainless steel roller balls to ensure smooth roll in all directions<\/li>\n<li>Easily adjust to four different wheel settings with wing nuts<\/li>\n<li>Fits Javelin pipe stands LPS, MPS, SPS<\/li>\n<\/ul>\n<\/div>\n<p>[\/et_pb_text][\/et_pb_column][\/et_pb_row][\/et_pb_section]<\/p>\n","protected":false},"excerpt":{"rendered":"<p>ROULEAUX DE TUYAU JAVELIN : Un soin particulier est apport\u00e9 \u00e0 l'alignement parfait des roues de nos rouleaux de tuyau. Ils sont construits avec des ch\u00e2ssis tr\u00e8s solides, des roulements de qualit\u00e9, des roues larges et de longs empattements pour une bonne trajectoire. Un rouleau \u00e0 tubes bien con\u00e7u permet aux soudeurs d'obtenir plus facilement un cordon lisse et de le faire en toute s\u00e9curit\u00e9.<\/p>","protected":false},"featured_media":1775,"template":"","meta":{"_et_pb_use_builder":"on","_et_pb_old_content":"<p>JAVELIN PIPE ROLLERS: \u00a0Extra care is taken to make sure the wheels of our pipe rollers are perfectly aligned. They are built with extra solid frames, quality bearings, wide wheels and long wheel bases for true tracking. A well designed pipe roller makes it much easier for welders to get a smooth bead and to do it safely.<br \/><br \/><\/p><div><strong>Note: Pipe crawl can become dangerous if unobserved, potentially allowing a pipe to flip off a roller.<\/strong><\/div><div>\u00a0<\/div><div><ul><li>Load Rated 2600 LB<\/li><li>Best for 2\u201d-24\u201d diameter pipe<\/li><li>Two superior quality, hardened stainless steel roller balls to ensure smooth roll in all directions<\/li><li>Easily adjust to four different wheel settings with wing nuts<\/li><li>Fits Javelin pipe stands LPS, MPS, SPS<\/li><\/ul><\/div>","_et_gb_content_width":""},"product_brand":[],"product_cat":[158],"product_tag":[],"class_list":{"0":"post-1773","1":"product","2":"type-product","3":"status-publish","4":"has-post-thumbnail","6":"product_cat-javelin-red-collapsible-lps-large-pipe-stand","8":"first","9":"instock","10":"taxable","11":"shipping-taxable","12":"product-type-simple"},"_links":{"self":[{"href":"https:\/\/proline-global.com\/fr\/wp-json\/wp\/v2\/product\/1773","targetHints":{"allow":["GET"]}}],"collection":[{"href":"https:\/\/proline-global.com\/fr\/wp-json\/wp\/v2\/product"}],"about":[{"href":"https:\/\/proline-global.com\/fr\/wp-json\/wp\/v2\/types\/product"}],"wp:featuredmedia":[{"embeddable":true,"href":"https:\/\/proline-global.com\/fr\/wp-json\/wp\/v2\/media\/1775"}],"wp:attachment":[{"href":"https:\/\/proline-global.com\/fr\/wp-json\/wp\/v2\/media?parent=1773"}],"wp:term":[{"taxonomy":"product_brand","embeddable":true,"href":"https:\/\/proline-global.com\/fr\/wp-json\/wp\/v2\/product_brand?post=1773"},{"taxonomy":"product_cat","embeddable":true,"href":"https:\/\/proline-global.com\/fr\/wp-json\/wp\/v2\/product_cat?post=1773"},{"taxonomy":"product_tag","embeddable":true,"href":"https:\/\/proline-global.com\/fr\/wp-json\/wp\/v2\/product_tag?post=1773"}],"curies":[{"name":"wp","href":"https:\/\/api.w.org\/{rel}","templated":true}]}}