{"id":2445,"date":"2018-09-26T15:31:39","date_gmt":"2018-09-26T15:31:39","guid":{"rendered":"https:\/\/proline-global.com\/?post_type=product&#038;p=2445"},"modified":"2019-05-31T17:13:30","modified_gmt":"2019-05-31T17:13:30","slug":"ft01-flange-aligning-tool","status":"publish","type":"product","link":"https:\/\/proline-global.com\/fr\/produit\/ft01-flange-aligning-tool\/","title":{"rendered":"FT01 (5\/8&#8243;) Flange Aligning Tool"},"content":{"rendered":"<p>[et_pb_section bb_built=&#8221;1&#8243;][et_pb_row][et_pb_column type=&#8221;4_4&#8243;][et_pb_text admin_label=&#8221;Text &#8211; Specs&#8221; _builder_version=&#8221;3.12.2&#8243;]<\/p>\n<h3>FT01 Flange Aligning Tool Specifications:<\/h3>\n<p>&nbsp;<\/p>\n<p>BOLT HOLE SIZE:\u00a0\u00a05\/8 inch<\/p>\n<p>LENGTH OF PIN:\u00a0 2-3\/4 inches (69.85 mm)<\/p>\n<p>WEIGHT OF PIN:\u00a04 ounces (113.4 grams).<\/p>\n<p>[\/et_pb_text][\/et_pb_column][\/et_pb_row][\/et_pb_section]<\/p>\n","protected":false},"excerpt":{"rendered":"<p>Les outils d'alignement de brides de Proline constituent une solution s\u00fbre, rapide et efficace pour les travaux d'alignement de brides les plus difficiles. La tige conique de l'outil est une caract\u00e9ristique brevet\u00e9e qui \u00e9limine le besoin de marteler et de faire levier pour aligner les trous de boulons des brides.<\/p>\n<p>Les outils d'alignement de brides de Proline sont vendus individuellement ou par lots.<\/p>","protected":false},"featured_media":1379,"template":"","meta":{"_et_pb_use_builder":"on","_et_pb_old_content":"","_et_gb_content_width":""},"product_brand":[],"product_cat":[1941],"product_tag":[],"class_list":{"0":"post-2445","1":"product","2":"type-product","3":"status-publish","4":"has-post-thumbnail","6":"product_cat-flange-aligning-tools","8":"first","9":"instock","10":"taxable","11":"shipping-taxable","12":"product-type-simple"},"_links":{"self":[{"href":"https:\/\/proline-global.com\/fr\/wp-json\/wp\/v2\/product\/2445","targetHints":{"allow":["GET"]}}],"collection":[{"href":"https:\/\/proline-global.com\/fr\/wp-json\/wp\/v2\/product"}],"about":[{"href":"https:\/\/proline-global.com\/fr\/wp-json\/wp\/v2\/types\/product"}],"wp:featuredmedia":[{"embeddable":true,"href":"https:\/\/proline-global.com\/fr\/wp-json\/wp\/v2\/media\/1379"}],"wp:attachment":[{"href":"https:\/\/proline-global.com\/fr\/wp-json\/wp\/v2\/media?parent=2445"}],"wp:term":[{"taxonomy":"product_brand","embeddable":true,"href":"https:\/\/proline-global.com\/fr\/wp-json\/wp\/v2\/product_brand?post=2445"},{"taxonomy":"product_cat","embeddable":true,"href":"https:\/\/proline-global.com\/fr\/wp-json\/wp\/v2\/product_cat?post=2445"},{"taxonomy":"product_tag","embeddable":true,"href":"https:\/\/proline-global.com\/fr\/wp-json\/wp\/v2\/product_tag?post=2445"}],"curies":[{"name":"wp","href":"https:\/\/api.w.org\/{rel}","templated":true}]}}