{"id":264,"date":"2018-07-18T10:03:25","date_gmt":"2018-07-18T10:03:25","guid":{"rendered":"https:\/\/proline-global.com\/?post_type=product&#038;p=264"},"modified":"2025-02-14T10:42:19","modified_gmt":"2025-02-14T17:42:19","slug":"pipe-expander","status":"publish","type":"product","link":"https:\/\/proline-global.com\/fr\/produit\/pipe-expander\/","title":{"rendered":"Expandeur de tube"},"content":{"rendered":"<p>[et_pb_section fb_built=&#8221;1&#8243; specialty=&#8221;on&#8221; _builder_version=&#8221;4.26.0&#8243; _module_preset=&#8221;default&#8221; width=&#8221;100%&#8221; inner_width=&#8221;100%&#8221; custom_margin=&#8221;||||false|true&#8221; custom_margin_tablet=&#8221;|0px||0px|false|true&#8221; custom_margin_phone=&#8221;|0px||0px|false|true&#8221; custom_margin_last_edited=&#8221;off|desktop&#8221; custom_padding=&#8221;0px||||false|false&#8221; global_colors_info=&#8221;{}&#8221; custom_margin__hover_enabled=&#8221;off|desktop&#8221; theme_builder_area=&#8221;post_content&#8221;][et_pb_column type=&#8221;1_2&#8243; _builder_version=&#8221;4.16&#8243; custom_padding=&#8221;|||&#8221; global_colors_info=&#8221;{}&#8221; custom_padding__hover=&#8221;|||&#8221; theme_builder_area=&#8221;post_content&#8221;][et_pb_wc_images _builder_version=&#8221;4.26.0&#8243; custom_margin=&#8221;||||true|false&#8221; custom_padding=&#8221;||||false|false&#8221; global_colors_info=&#8221;{}&#8221; theme_builder_area=&#8221;post_content&#8221;][\/et_pb_wc_images][\/et_pb_column][et_pb_column type=&#8221;1_2&#8243; specialty_columns=&#8221;2&#8243; _builder_version=&#8221;4.16&#8243; custom_padding=&#8221;|||&#8221; global_colors_info=&#8221;{}&#8221; custom_padding__hover=&#8221;|||&#8221; theme_builder_area=&#8221;post_content&#8221;][et_pb_row_inner _builder_version=&#8221;4.26.0&#8243; _module_preset=&#8221;default&#8221; global_colors_info=&#8221;{}&#8221; theme_builder_area=&#8221;post_content&#8221;][et_pb_column_inner saved_specialty_column_type=&#8221;1_2&#8243; _builder_version=&#8221;4.26.0&#8243; _module_preset=&#8221;default&#8221; global_colors_info=&#8221;{}&#8221; theme_builder_area=&#8221;post_content&#8221;][et_pb_wc_title _builder_version=&#8221;4.26.0&#8243; _module_preset=&#8221;default&#8221; global_colors_info=&#8221;{}&#8221; theme_builder_area=&#8221;post_content&#8221;][\/et_pb_wc_title][et_pb_tabs _builder_version=&#8221;4.26.0&#8243; _module_preset=&#8221;default&#8221; tab_font_size=&#8221;15px&#8221; hover_enabled=&#8221;0&#8243; global_colors_info=&#8221;{}&#8221; theme_builder_area=&#8221;post_content&#8221; sticky_enabled=&#8221;0&#8243;][et_pb_tab title=&#8221;Product Overview&#8221; _builder_version=&#8221;4.26.0&#8243; _module_preset=&#8221;default&#8221; hover_enabled=&#8221;0&#8243; global_colors_info=&#8221;{}&#8221; theme_builder_area=&#8221;post_content&#8221; sticky_enabled=&#8221;0&#8243;]<\/p>\n<p><span>The pipe expander is a robust tool precision-manufactured from heavy steel plate, designed to ensure optimal pipe shaping and alignment. It maintains a high degree of accuracy by ensuring that 90% of the pipe is always in contact with the expander&#8217;s shoes. A gear box is employed to move toggles that position these shoes into a true circle, while an Acme screw exerts significant pressure to force the pipe into its correct round shape. <\/span><\/p>\n<p><span>This combination of features enables the pipe expander to effectively reshape and align pipes with high precision and durability.<\/span><\/p>\n<p>[\/et_pb_tab][et_pb_tab title=&#8221;Features&#8221; _builder_version=&#8221;4.26.0&#8243; _module_preset=&#8221;default&#8221; hover_enabled=&#8221;0&#8243; global_colors_info=&#8221;{}&#8221; theme_builder_area=&#8221;post_content&#8221; sticky_enabled=&#8221;0&#8243;]<\/p>\n<ul>\n<li>Precision Manufactured from Heavy Steel Plate<\/li>\n<li>90% of Pipe is Always in Contact With Shoes<\/li>\n<li>Gear Box Moves Toggles to Position Shoes in True Circle<\/li>\n<li>Acme Screw Exerts Tremendous Pressure to Force Pipe Into Round<strong>\u00a0<\/strong><\/li>\n<\/ul>\n<p>[\/et_pb_tab][et_pb_tab title=&#8221;Sizes &#038; Weights&#8221; _builder_version=&#8221;4.26.0&#8243; _module_preset=&#8221;default&#8221; theme_builder_area=&#8221;post_content&#8221; hover_enabled=&#8221;0&#8243; sticky_enabled=&#8221;0&#8243;]<\/p>\n<table border=\"1\" style=\"border-collapse: collapse; width: 100%; height: 240px;\">\n<tbody>\n<tr style=\"height: 24px;\">\n<td style=\"width: 50%; height: 24px;\">10&#8243; | 254 mm<\/td>\n<td style=\"width: 50%; height: 24px;\">37 lb | 16.8 kg<\/td>\n<\/tr>\n<tr style=\"height: 24px;\">\n<td style=\"width: 50%; height: 24px;\">12&#8243; | 304.8 mm<\/td>\n<td style=\"width: 50%; height: 24px;\">47 lb | 21.3 kg<\/td>\n<\/tr>\n<tr style=\"height: 24px;\">\n<td style=\"width: 50%; height: 24px;\">14&#8243; | 355.6 mm<\/td>\n<td style=\"width: 50%; height: 24px;\">55 lb | 24.9 kg<\/td>\n<\/tr>\n<tr style=\"height: 24px;\">\n<td style=\"width: 50%; height: 24px;\">16&#8243; | 406.4 mm<\/td>\n<td style=\"width: 50%; height: 24px;\">65 lb | 29.5 kg<\/td>\n<\/tr>\n<tr style=\"height: 24px;\">\n<td style=\"width: 50%; height: 24px;\">18&#8243; | 457.2 mm<\/td>\n<td style=\"width: 50%; height: 24px;\">70 lb | 31.8 kg<\/td>\n<\/tr>\n<tr style=\"height: 24px;\">\n<td style=\"width: 50%; height: 24px;\">20&#8243; | 508 mm<\/td>\n<td style=\"width: 50%; height: 24px;\">76 lb | 34.5 kg<\/td>\n<\/tr>\n<tr style=\"height: 24px;\">\n<td style=\"width: 50%; height: 24px;\">22&#8243; | 558.8 mm<\/td>\n<td style=\"width: 50%; height: 24px;\">84 lb | 38.1 kg<\/td>\n<\/tr>\n<tr style=\"height: 24px;\">\n<td style=\"width: 50%; height: 24px;\">24&#8243; | 609.6 mm<\/td>\n<td style=\"width: 50%; height: 24px;\">100 lb | 45.4 kg<\/td>\n<\/tr>\n<tr style=\"height: 24px;\">\n<td style=\"width: 50%; height: 24px;\">26&#8243; | 660.4 mm<\/td>\n<td style=\"width: 50%; height: 24px;\">108 lb | 49.0 kg<\/td>\n<\/tr>\n<tr style=\"height: 24px;\">\n<td style=\"width: 50%; height: 24px;\">28&#8243; | 711.2 mm<\/td>\n<td style=\"width: 50%; height: 24px;\">116 lb | 52.6 kg<\/td>\n<\/tr>\n<tr>\n<td style=\"width: 50%;\">30&#8243; | 762 mm<\/td>\n<td style=\"width: 50%; height: 24px;\">122 lb | 55.3 kg<\/td>\n<\/tr>\n<tr>\n<td style=\"width: 50%;\">36&#8243; | 914.4 mm<\/td>\n<td style=\"width: 50%;\">180 lb | 81.6 kg<\/td>\n<\/tr>\n<tr>\n<td style=\"width: 50%;\">42&#8243; | 1066.8 mm<\/td>\n<td style=\"width: 50%;\">226 lb | 102.5 kg<\/td>\n<\/tr>\n<tr>\n<td style=\"width: 50%;\">48&#8243; | 1219.2 mm<\/td>\n<td style=\"width: 50%;\">320 lb | 145.2 kg<\/td>\n<\/tr>\n<\/tbody>\n<\/table>\n<p>[\/et_pb_tab][\/et_pb_tabs][\/et_pb_column_inner][\/et_pb_row_inner][\/et_pb_column][\/et_pb_section][et_pb_section fb_built=&#8221;1&#8243; _builder_version=&#8221;4.26.0&#8243; _module_preset=&#8221;default&#8221; max_height=&#8221;350px&#8221; custom_padding=&#8221;0px||0px||true|false&#8221; global_colors_info=&#8221;{}&#8221; theme_builder_area=&#8221;post_content&#8221;][et_pb_row _builder_version=&#8221;4.26.0&#8243; _module_preset=&#8221;default&#8221; height=&#8221;350px&#8221; max_height=&#8221;350px&#8221; global_colors_info=&#8221;{}&#8221; theme_builder_area=&#8221;post_content&#8221;][et_pb_column type=&#8221;4_4&#8243; _builder_version=&#8221;4.26.0&#8243; _module_preset=&#8221;default&#8221; global_colors_info=&#8221;{}&#8221; theme_builder_area=&#8221;post_content&#8221;][et_pb_wc_related_products orderby=&#8221;menu_order&#8221; _builder_version=&#8221;4.26.0&#8243; _module_preset=&#8221;default&#8221; global_colors_info=&#8221;{}&#8221; theme_builder_area=&#8221;post_content&#8221;][\/et_pb_wc_related_products][\/et_pb_column][\/et_pb_row][\/et_pb_section]<\/p>\n","protected":false},"excerpt":{"rendered":"<ul>\n<li>Fabrication de pr\u00e9cision \u00e0 partir de plaques d'acier \u00e9paisses<\/li>\n<li>90% du tuyau est toujours en contact avec les chaussures<\/li>\n<li>La bo\u00eete de vitesse d\u00e9place les bascules pour positionner les chaussures dans le cercle r\u00e9el<\/li>\n<li>Une vis Acme exerce une pression \u00e9norme pour forcer un tube \u00e0 entrer dans un cercle<strong>\u00a0<\/strong><\/li>\n<\/ul>","protected":false},"featured_media":265,"template":"","meta":{"_et_pb_use_builder":"on","_et_pb_old_content":"The pipe expander is a robust tool precision-manufactured from heavy steel plate, designed to ensure optimal pipe shaping and alignment. It maintains a high degree of accuracy by ensuring that 90% of the pipe is always in contact with the expander's shoes. A gear box is employed to move toggles that position these shoes into a true circle, while an Acme screw exerts significant pressure to force the pipe into its correct round shape. This combination of features enables the pipe expander to effectively reshape and align pipes with high precision and durability.\r\n\r\n<img class=\"alignnone  wp-image-8943\" src=\"https:\/\/proline-global.com\/wp-content\/uploads\/2018\/07\/Untitled-1.png\" alt=\"\" width=\"443\" height=\"441\" \/>","_et_gb_content_width":""},"product_brand":[],"product_cat":[47,48],"product_tag":[],"class_list":{"0":"post-264","1":"product","2":"type-product","3":"status-publish","4":"has-post-thumbnail","6":"product_cat-pipe-bending","7":"product_cat-hydraulic-pipe-bending-equipment","9":"first","10":"instock","11":"taxable","12":"shipping-taxable","13":"product-type-simple"},"_links":{"self":[{"href":"https:\/\/proline-global.com\/fr\/wp-json\/wp\/v2\/product\/264","targetHints":{"allow":["GET"]}}],"collection":[{"href":"https:\/\/proline-global.com\/fr\/wp-json\/wp\/v2\/product"}],"about":[{"href":"https:\/\/proline-global.com\/fr\/wp-json\/wp\/v2\/types\/product"}],"wp:featuredmedia":[{"embeddable":true,"href":"https:\/\/proline-global.com\/fr\/wp-json\/wp\/v2\/media\/265"}],"wp:attachment":[{"href":"https:\/\/proline-global.com\/fr\/wp-json\/wp\/v2\/media?parent=264"}],"wp:term":[{"taxonomy":"product_brand","embeddable":true,"href":"https:\/\/proline-global.com\/fr\/wp-json\/wp\/v2\/product_brand?post=264"},{"taxonomy":"product_cat","embeddable":true,"href":"https:\/\/proline-global.com\/fr\/wp-json\/wp\/v2\/product_cat?post=264"},{"taxonomy":"product_tag","embeddable":true,"href":"https:\/\/proline-global.com\/fr\/wp-json\/wp\/v2\/product_tag?post=264"}],"curies":[{"name":"wp","href":"https:\/\/api.w.org\/{rel}","templated":true}]}}