{"id":288,"date":"2018-07-18T11:11:58","date_gmt":"2018-07-18T11:11:58","guid":{"rendered":"https:\/\/proline-global.com\/?post_type=product&#038;p=288"},"modified":"2018-08-29T22:44:47","modified_gmt":"2018-08-29T22:44:47","slug":"single-jackscrew-chain-clamp","status":"publish","type":"product","link":"https:\/\/proline-global.com\/fr\/produit\/single-jackscrew-chain-clamp\/","title":{"rendered":"Pince \u00e0 cha\u00eene \u00e0 vis unique"},"content":{"rendered":"<p>Le collier de cha\u00eene \u00e0 vis unique reforme uniquement le c\u00f4t\u00e9 correspondant \u00e0 l'espace de soudure et peut r\u00e9former des tuyaux jusqu'\u00e0 Schedule 40. Les vis du v\u00e9rin exercent une pression sur les points hauts du tuyau d'accouplement, ce qui \u00e9limine le \"Hi-Lo\" lorsque le tuyau et les raccords sont align\u00e9s. Le collier de cha\u00eene \u00e0 vis unique permet d'aligner des tuyaux dont l'\u00e9paisseur de paroi va jusqu'\u00e0 Schedule 80. Le dispositif de niveau et de support de la pince \u00e0 cha\u00eene permet de maintenir le tuyau, le coude, le t\u00e9, la bride et les autres raccords en place en toute s\u00e9curit\u00e9 pendant le processus d'alignement et de soudage. Pour les applications en acier inoxydable ou en alliage sp\u00e9cial, remplacez la cha\u00eene du serre-cha\u00eene standard par une cha\u00eene en acier inoxydable.<\/p>","protected":false},"excerpt":{"rendered":"<p>Le collier de serrage \u00e0 vis unique r\u00e9forme uniquement le c\u00f4t\u00e9 oppos\u00e9 de la fente de soudure et est capable de r\u00e9former des tuyaux jusqu'\u00e0 Schedule 40.<\/p>","protected":false},"featured_media":290,"template":"","meta":{"_et_pb_use_builder":"","_et_pb_old_content":"","_et_gb_content_width":""},"product_brand":[],"product_cat":[51,71],"product_tag":[],"class_list":{"0":"post-288","1":"product","2":"type-product","3":"status-publish","4":"has-post-thumbnail","6":"product_cat-lineup-clamps","7":"product_cat-external-line-up-clamps","9":"first","10":"instock","11":"taxable","12":"shipping-taxable","13":"product-type-simple"},"_links":{"self":[{"href":"https:\/\/proline-global.com\/fr\/wp-json\/wp\/v2\/product\/288","targetHints":{"allow":["GET"]}}],"collection":[{"href":"https:\/\/proline-global.com\/fr\/wp-json\/wp\/v2\/product"}],"about":[{"href":"https:\/\/proline-global.com\/fr\/wp-json\/wp\/v2\/types\/product"}],"wp:featuredmedia":[{"embeddable":true,"href":"https:\/\/proline-global.com\/fr\/wp-json\/wp\/v2\/media\/290"}],"wp:attachment":[{"href":"https:\/\/proline-global.com\/fr\/wp-json\/wp\/v2\/media?parent=288"}],"wp:term":[{"taxonomy":"product_brand","embeddable":true,"href":"https:\/\/proline-global.com\/fr\/wp-json\/wp\/v2\/product_brand?post=288"},{"taxonomy":"product_cat","embeddable":true,"href":"https:\/\/proline-global.com\/fr\/wp-json\/wp\/v2\/product_cat?post=288"},{"taxonomy":"product_tag","embeddable":true,"href":"https:\/\/proline-global.com\/fr\/wp-json\/wp\/v2\/product_tag?post=288"}],"curies":[{"name":"wp","href":"https:\/\/api.w.org\/{rel}","templated":true}]}}