{"id":300,"date":"2018-07-18T11:22:39","date_gmt":"2018-07-18T11:22:39","guid":{"rendered":"https:\/\/proline-global.com\/?post_type=product&#038;p=300"},"modified":"2018-10-17T15:33:54","modified_gmt":"2018-10-17T15:33:54","slug":"quik-fit-clamp","status":"publish","type":"product","link":"https:\/\/proline-global.com\/fr\/produit\/quik-fit-clamp\/","title":{"rendered":"Pince Quik Fit"},"content":{"rendered":"<p>Le collier Quik-Fit est disponible en 3 tailles pour couvrir une gamme de tuyaux de 1\u2033 \u00e0 12\u2033, et peut \u00eatre utilis\u00e9 \u00e0 la fois sur l'acier au carbone et l'acier inoxydable sans ajouter de chaussures ou de vis sp\u00e9ciales. Le collier ne se contente pas d'aligner un tuyau sur un autre, un tuyau sur un raccord, un tuyau sur un t\u00e9 ou un tuyau sur une bride, mais il peut \u00e9galement \u00eatre utilis\u00e9 pour ajuster un tuyau \"Hi-Lo\". Le poids l\u00e9ger et la conception simple du collier Quik-Fit en font l'outil id\u00e9al pour les applications o\u00f9 il n'y a pas de conditions \"hors-rond\".<\/p>","protected":false},"excerpt":{"rendered":"<p>La pince Quik-Fit offre la m\u00e9thode la plus avanc\u00e9e pour r\u00e9aliser des ajustements rapides, faciles et pr\u00e9cis. La pince Quik-Fit est une pince de type \"tack\" dont l'utilisation ne n\u00e9cessite aucune formation particuli\u00e8re.<\/p>","protected":false},"featured_media":301,"template":"","meta":{"_et_pb_use_builder":"","_et_pb_old_content":"","_et_gb_content_width":""},"product_brand":[],"product_cat":[51,71],"product_tag":[],"class_list":{"0":"post-300","1":"product","2":"type-product","3":"status-publish","4":"has-post-thumbnail","6":"product_cat-lineup-clamps","7":"product_cat-external-line-up-clamps","9":"first","10":"instock","11":"taxable","12":"shipping-taxable","13":"product-type-simple"},"_links":{"self":[{"href":"https:\/\/proline-global.com\/fr\/wp-json\/wp\/v2\/product\/300","targetHints":{"allow":["GET"]}}],"collection":[{"href":"https:\/\/proline-global.com\/fr\/wp-json\/wp\/v2\/product"}],"about":[{"href":"https:\/\/proline-global.com\/fr\/wp-json\/wp\/v2\/types\/product"}],"wp:featuredmedia":[{"embeddable":true,"href":"https:\/\/proline-global.com\/fr\/wp-json\/wp\/v2\/media\/301"}],"wp:attachment":[{"href":"https:\/\/proline-global.com\/fr\/wp-json\/wp\/v2\/media?parent=300"}],"wp:term":[{"taxonomy":"product_brand","embeddable":true,"href":"https:\/\/proline-global.com\/fr\/wp-json\/wp\/v2\/product_brand?post=300"},{"taxonomy":"product_cat","embeddable":true,"href":"https:\/\/proline-global.com\/fr\/wp-json\/wp\/v2\/product_cat?post=300"},{"taxonomy":"product_tag","embeddable":true,"href":"https:\/\/proline-global.com\/fr\/wp-json\/wp\/v2\/product_tag?post=300"}],"curies":[{"name":"wp","href":"https:\/\/api.w.org\/{rel}","templated":true}]}}