{"id":310,"date":"2018-07-18T11:34:12","date_gmt":"2018-07-18T11:34:12","guid":{"rendered":"https:\/\/proline-global.com\/?post_type=product&#038;p=310"},"modified":"2018-10-16T22:17:29","modified_gmt":"2018-10-16T22:17:29","slug":"hydraulic-clamps","status":"publish","type":"product","link":"https:\/\/proline-global.com\/fr\/produit\/hydraulic-clamps\/","title":{"rendered":"Pinces hydrauliques"},"content":{"rendered":"<p>[et_pb_section bb_built=&#8221;1&#8243;][et_pb_row][et_pb_column type=&#8221;4_4&#8243;][et_pb_text]<\/p>\n<p>Hydraulic mechanism exerts extra pressure for aligning large pipe. Precision built for accurate alignment and long life. Operational mechanism is enclosed in protective housing to eliminate dirt contamination. \u201cTack\u201d design features flat cross bars. \u201cNo Tack\u201d design features arched cross bars for 360\u00b0 welding access without removing clamp. Available with Stainless Steel contact points.<\/p>\n<p>[\/et_pb_text][\/et_pb_column][\/et_pb_row][et_pb_row][et_pb_column type=&#8221;4_4&#8243;][et_pb_image _builder_version=&#8221;3.12.2&#8243; align=&#8221;center&#8221; src=&#8221;https:\/\/proline-global.com\/wp-content\/uploads\/2018\/07\/Hydraulic-Cage-Clamp-600&#215;600.jpg&#8221; \/][et_pb_image admin_label=&#8221;Image &#8211; Tack or No Tack&#8221; _builder_version=&#8221;3.12.2&#8243; src=&#8221;https:\/\/proline-global.com\/wp-content\/uploads\/2018\/07\/Tack-or-No-Tack.jpg&#8221; align=&#8221;center&#8221; \/][et_pb_button admin_label=&#8221;Button-Hydraulic Cage Clamp&#8221; _builder_version=&#8221;3.12.2&#8243; button_text=&#8221;Hydraulic Cage Clamp&#8221; url_new_window=&#8221;on&#8221; button_alignment=&#8221;center&#8221; button_url=&#8221;https:\/\/proline-global.com\/wp-content\/uploads\/2018\/07\/Brochure-Tipton-Hydraulic-Style.pdf&#8221; custom_button=&#8221;on&#8221; button_text_color=&#8221;#000000&#8243; button_use_icon=&#8221;off&#8221; button_text_color_hover=&#8221;#ffffff&#8221; button_bg_color_hover=&#8221;#000000&#8243; button_bg_color=&#8221;#e09900&#8243; \/][\/et_pb_column][\/et_pb_row][\/et_pb_section]<\/p>\n","protected":false},"excerpt":{"rendered":"<p>La pince hydraulique \u00e0 cage est semblable \u00e0 une pince \u00e0 cage classique, \u00e0 l'exception d'une puissance de serrage accrue gr\u00e2ce au cylindre hydraulique qui y est attach\u00e9. Fabriqu\u00e9e en acier au carbone \u00e0 haute r\u00e9sistance, cette pince a fait ses preuves sur des travaux de canalisation dans le monde entier. Tailles de 16\u2033 \u00e0 60\u2033.<\/p>","protected":false},"featured_media":311,"template":"","meta":{"_et_pb_use_builder":"on","_et_pb_old_content":"<p>Hydraulic mechanism exerts extra pressure for aligning large pipe. Precision built for accurate alignment and long life. Operational mechanism is enclosed in protective housing to eliminate dirt contamination. \u201cTack\u201d design features flat cross bars. \u201cNo Tack\u201d design features arched cross bars for 360\u00b0 welding access without removing clamp. Available with Stainless Steel contact points.<\/p>","_et_gb_content_width":""},"product_brand":[],"product_cat":[51,71],"product_tag":[],"class_list":{"0":"post-310","1":"product","2":"type-product","3":"status-publish","4":"has-post-thumbnail","6":"product_cat-lineup-clamps","7":"product_cat-external-line-up-clamps","9":"first","10":"instock","11":"taxable","12":"shipping-taxable","13":"product-type-simple"},"_links":{"self":[{"href":"https:\/\/proline-global.com\/fr\/wp-json\/wp\/v2\/product\/310","targetHints":{"allow":["GET"]}}],"collection":[{"href":"https:\/\/proline-global.com\/fr\/wp-json\/wp\/v2\/product"}],"about":[{"href":"https:\/\/proline-global.com\/fr\/wp-json\/wp\/v2\/types\/product"}],"wp:featuredmedia":[{"embeddable":true,"href":"https:\/\/proline-global.com\/fr\/wp-json\/wp\/v2\/media\/311"}],"wp:attachment":[{"href":"https:\/\/proline-global.com\/fr\/wp-json\/wp\/v2\/media?parent=310"}],"wp:term":[{"taxonomy":"product_brand","embeddable":true,"href":"https:\/\/proline-global.com\/fr\/wp-json\/wp\/v2\/product_brand?post=310"},{"taxonomy":"product_cat","embeddable":true,"href":"https:\/\/proline-global.com\/fr\/wp-json\/wp\/v2\/product_cat?post=310"},{"taxonomy":"product_tag","embeddable":true,"href":"https:\/\/proline-global.com\/fr\/wp-json\/wp\/v2\/product_tag?post=310"}],"curies":[{"name":"wp","href":"https:\/\/api.w.org\/{rel}","templated":true}]}}