{"id":318,"date":"2018-07-18T11:40:13","date_gmt":"2018-07-18T11:40:13","guid":{"rendered":"https:\/\/proline-global.com\/?post_type=product&#038;p=318"},"modified":"2025-07-03T15:49:20","modified_gmt":"2025-07-03T21:49:20","slug":"pneumatic-internal-lineup-clamp-self-propelled","status":"publish","type":"product","link":"https:\/\/proline-global.com\/fr\/produit\/pneumatic-internal-lineup-clamp-self-propelled\/","title":{"rendered":"Pince d'alignement pneumatique interne (automotrice \/ d\u00e9placement)"},"content":{"rendered":"<p>[et_pb_section fb_built=&#8221;1&#8243; specialty=&#8221;on&#8221; _builder_version=&#8221;4.26.0&#8243; _module_preset=&#8221;default&#8221; width=&#8221;100%&#8221; inner_width=&#8221;100%&#8221; custom_margin=&#8221;||||false|true&#8221; custom_margin_tablet=&#8221;|0px||0px|false|true&#8221; custom_margin_phone=&#8221;|0px||0px|false|true&#8221; custom_margin_last_edited=&#8221;off|desktop&#8221; custom_padding=&#8221;0px||||false|false&#8221; global_colors_info=&#8221;{}&#8221; custom_margin__hover_enabled=&#8221;off|desktop&#8221;][et_pb_column type=&#8221;1_2&#8243; _builder_version=&#8221;4.16&#8243; custom_padding=&#8221;|||&#8221; global_colors_info=&#8221;{}&#8221; custom_padding__hover=&#8221;|||&#8221;][et_pb_wc_images _builder_version=&#8221;4.26.0&#8243; custom_margin=&#8221;||||true|false&#8221; custom_padding=&#8221;||||false|false&#8221; global_colors_info=&#8221;{}&#8221;][\/et_pb_wc_images][\/et_pb_column][et_pb_column type=&#8221;1_2&#8243; specialty_columns=&#8221;2&#8243; _builder_version=&#8221;4.16&#8243; custom_padding=&#8221;|||&#8221; global_colors_info=&#8221;{}&#8221; custom_padding__hover=&#8221;|||&#8221;][et_pb_row_inner _builder_version=&#8221;4.26.0&#8243; _module_preset=&#8221;default&#8221; global_colors_info=&#8221;{}&#8221;][et_pb_column_inner saved_specialty_column_type=&#8221;1_2&#8243; _builder_version=&#8221;4.26.0&#8243; _module_preset=&#8221;default&#8221; global_colors_info=&#8221;{}&#8221;][et_pb_wc_title _builder_version=&#8221;4.26.0&#8243; _module_preset=&#8221;default&#8221; global_colors_info=&#8221;{}&#8221;][\/et_pb_wc_title][et_pb_tabs _builder_version=&#8221;4.26.0&#8243; _module_preset=&#8221;default&#8221; tab_font_size=&#8221;15px&#8221; global_colors_info=&#8221;{}&#8221;][et_pb_tab title=&#8221;Product Overview&#8221; _builder_version=&#8221;4.26.0&#8243; _module_preset=&#8221;default&#8221; global_colors_info=&#8221;{}&#8221;]<\/p>\n<p data-start=\"106\" data-end=\"634\">The PROLINE Internal Pneumatic Lineup Clamp (Self-Propelled \/ Travel) is a powerful and reliable tool designed for precise pipe alignment in pipeline construction. Engineered for use with steel pipe ranging from 16 to 60 inches in diameter, this clamp is available in multiple sizes and models, including configurations for 16\u201318 inch, 18\u201320 inch, and continuing up to 58\u201360 inch pipe.\u00a0<\/p>\n<p data-start=\"636\" data-end=\"1198\">This self-propelled clamp features a pneumatic travel motor with forward and reverse capability, allowing it to travel a full double joint length inside the pipe. It includes an integrated air reservoir tank and is powered by two double-acting air cylinders. Independent front and rear line-up heads ensure accurate alignment of pipe joints, while the clamp\u2019s quick-adjust design accommodates various pipe wall thicknesses with ease.<\/p>\n<p data-start=\"1200\" data-end=\"1428\">Optional conversion kits are available to allow for fast reconfiguration between pipe sizes, enhancing on-site versatility and reducing downtime. Extra spare parts can also be supplied to support ongoing maintenance and repairs.<\/p>\n<p>[\/et_pb_tab][\/et_pb_tabs][\/et_pb_column_inner][\/et_pb_row_inner][\/et_pb_column][\/et_pb_section][et_pb_section fb_built=&#8221;1&#8243; _builder_version=&#8221;4.26.0&#8243; _module_preset=&#8221;default&#8221; max_height=&#8221;350px&#8221; custom_padding=&#8221;0px||0px||true|false&#8221; global_colors_info=&#8221;{}&#8221;][et_pb_row _builder_version=&#8221;4.26.0&#8243; _module_preset=&#8221;default&#8221; custom_padding=&#8221;0px||||false|false&#8221; global_colors_info=&#8221;{}&#8221;][et_pb_column type=&#8221;4_4&#8243; _builder_version=&#8221;4.26.0&#8243; _module_preset=&#8221;default&#8221; global_colors_info=&#8221;{}&#8221;][et_pb_slider _builder_version=&#8221;4.26.0&#8243; _module_preset=&#8221;default&#8221; background_color=&#8221;#FFFFFF&#8221; custom_padding=&#8221;0px||50px||false|false&#8221; hover_enabled=&#8221;0&#8243; global_colors_info=&#8221;{}&#8221; sticky_enabled=&#8221;0&#8243;][et_pb_slide _builder_version=&#8221;4.26.0&#8243; _module_preset=&#8221;default&#8221; background_layout=&#8221;light&#8221; global_colors_info=&#8221;{}&#8221; sticky_transition=&#8221;on&#8221;]<\/p>\n<p><span>[et_pb_section global_module=\"11512\"][\/et_pb_section]<\/span><\/p>\n<p>[\/et_pb_slide][et_pb_slide _builder_version=&#8221;4.26.0&#8243; _module_preset=&#8221;default&#8221; background_layout=&#8221;light&#8221; global_colors_info=&#8221;{}&#8221; sticky_transition=&#8221;on&#8221;]<\/p>\n<p><span>[et_pb_section global_module=\"11515\"][\/et_pb_section]<\/span><\/p>\n<p>[\/et_pb_slide][et_pb_slide _builder_version=&#8221;4.26.0&#8243; _module_preset=&#8221;default&#8221; background_layout=&#8221;light&#8221; global_colors_info=&#8221;{}&#8221; sticky_transition=&#8221;on&#8221;]<\/p>\n<p><span>[et_pb_section global_module=\"11518\"][\/et_pb_section]<\/span><\/p>\n<p>[\/et_pb_slide][et_pb_slide _builder_version=&#8221;4.26.0&#8243; _module_preset=&#8221;default&#8221; background_layout=&#8221;light&#8221; global_colors_info=&#8221;{}&#8221; sticky_transition=&#8221;on&#8221;]<\/p>\n<p><span>[et_pb_section global_module=\"11520\"][\/et_pb_section]<\/span><\/p>\n<p>[\/et_pb_slide][et_pb_slide _builder_version=&#8221;4.26.0&#8243; _module_preset=&#8221;default&#8221; background_layout=&#8221;light&#8221; global_colors_info=&#8221;{}&#8221; sticky_transition=&#8221;on&#8221;]<\/p>\n<p><span>[et_pb_section global_module=\"11522\"][\/et_pb_section]<\/span><\/p>\n<p>[\/et_pb_slide][et_pb_slide _builder_version=&#8221;4.26.0&#8243; _module_preset=&#8221;default&#8221; background_layout=&#8221;light&#8221; global_colors_info=&#8221;{}&#8221; sticky_transition=&#8221;on&#8221;]<\/p>\n<p><span>[et_pb_section global_module=\"11525\"][\/et_pb_section]<\/span><\/p>\n<p>[\/et_pb_slide][et_pb_slide _builder_version=&#8221;4.26.0&#8243; _module_preset=&#8221;default&#8221; background_layout=&#8221;light&#8221; global_colors_info=&#8221;{}&#8221; sticky_transition=&#8221;on&#8221;]<\/p>\n<p><span>[et_pb_section global_module=\"11527\"][\/et_pb_section]<\/span><\/p>\n<p>[\/et_pb_slide][\/et_pb_slider][\/et_pb_column][\/et_pb_row][et_pb_row _builder_version=&#8221;4.26.0&#8243; _module_preset=&#8221;default&#8221; height=&#8221;350px&#8221; max_height=&#8221;350px&#8221; global_colors_info=&#8221;{}&#8221;][et_pb_column type=&#8221;4_4&#8243; _builder_version=&#8221;4.26.0&#8243; _module_preset=&#8221;default&#8221; global_colors_info=&#8221;{}&#8221;][et_pb_wc_related_products orderby=&#8221;menu_order&#8221; _builder_version=&#8221;4.26.0&#8243; _module_preset=&#8221;default&#8221; global_colors_info=&#8221;{}&#8221;][\/et_pb_wc_related_products][\/et_pb_column][\/et_pb_row][\/et_pb_section]<\/p>\n","protected":false},"excerpt":{"rendered":"<p>PROLINE fabrique et fournit une vari\u00e9t\u00e9 de colliers de serrage. Nos colliers assurent l'alignement pr\u00e9cis de deux joints de tuyaux et sont faciles et rapides \u00e0 ajuster en fonction de l'\u00e9paisseur de la paroi des tuyaux. Tous les colliers PROLINE ont fait leurs preuves sur des milliers de kilom\u00e8tres de construction de pipelines, m\u00eame dans les conditions de terrain les plus extr\u00eames.<\/p>","protected":false},"featured_media":320,"template":"","meta":{"_et_pb_use_builder":"on","_et_pb_old_content":"The PROLINE Pneumatic Internal Line Up Clamp is suitable for use in welding a wide range of pipe diameters from 16\" - 60\" (406.4 mm \u2013 1524 mm) steel pipe and feature a powered forward and reverse. Features: Forward \/ reverse travel motor. Air reservoir tank. Two double acting air cylinders to propel clamp a double joint distance. Independent front and rear line up heads. 40 feet of reach rod and control ends. Operation and maintenance manuals. Options: PROLINE Conversion kit available to quickly adjust clamp for different size pipe.","_et_gb_content_width":""},"product_brand":[],"product_cat":[51,70],"product_tag":[],"class_list":{"0":"post-318","1":"product","2":"type-product","3":"status-publish","4":"has-post-thumbnail","6":"product_cat-lineup-clamps","7":"product_cat-internal-line-up-clamps","9":"first","10":"instock","11":"taxable","12":"shipping-taxable","13":"product-type-simple"},"_links":{"self":[{"href":"https:\/\/proline-global.com\/fr\/wp-json\/wp\/v2\/product\/318","targetHints":{"allow":["GET"]}}],"collection":[{"href":"https:\/\/proline-global.com\/fr\/wp-json\/wp\/v2\/product"}],"about":[{"href":"https:\/\/proline-global.com\/fr\/wp-json\/wp\/v2\/types\/product"}],"wp:featuredmedia":[{"embeddable":true,"href":"https:\/\/proline-global.com\/fr\/wp-json\/wp\/v2\/media\/320"}],"wp:attachment":[{"href":"https:\/\/proline-global.com\/fr\/wp-json\/wp\/v2\/media?parent=318"}],"wp:term":[{"taxonomy":"product_brand","embeddable":true,"href":"https:\/\/proline-global.com\/fr\/wp-json\/wp\/v2\/product_brand?post=318"},{"taxonomy":"product_cat","embeddable":true,"href":"https:\/\/proline-global.com\/fr\/wp-json\/wp\/v2\/product_cat?post=318"},{"taxonomy":"product_tag","embeddable":true,"href":"https:\/\/proline-global.com\/fr\/wp-json\/wp\/v2\/product_tag?post=318"}],"curies":[{"name":"wp","href":"https:\/\/api.w.org\/{rel}","templated":true}]}}